{"id":43429,"date":"2018-02-14T14:27:41","date_gmt":"2018-02-14T14:27:41","guid":{"rendered":"https:\/\/shop.metal-badge.ch\/?product=mitaines-gants-de-chasse-softshell-ca-043"},"modified":"2018-02-15T23:05:34","modified_gmt":"2018-02-15T23:05:34","slug":"mitaines-gants-de-chasse-softshell-ca-043","status":"publish","type":"product","link":"https:\/\/metal-badge.ch\/fr\/product\/43429\/mitaines-gants-de-chasse-softshell-ca-043\/","title":{"rendered":"Mitaines \/ gants de chasse Softshell CA-043"},"content":{"rendered":"<p>Mitaines confortables et douces avec rabat pour couvrir le bout des doigts. Le gant est sp\u00e9cialement con\u00e7u pour les chasseurs. CA-043 est un gant de chasse techniquement avanc\u00e9 en softshell \u00e0 95 % et en polyester non-tiss\u00e9 \u00e0 5 %. La partie des doigts peut \u00eatre relev\u00e9e et fix\u00e9e au dos de la main \u00e0 l&rsquo;aide de la fermeture velcro. Un trou pour le pouce facilite le processus de fixation. La paume renforc\u00e9e de la main est r\u00e9sistante. Quant \u00e0 la surface de la main avec les doigts caoutchout\u00e9s, elle assure une bonne prise en main. Les poignets sont doubl\u00e9s sur le pourtour.<br \/>\n\u00a0<\/p>\n<p><strong>Informations du produit :<\/strong><br \/>\nPoignet 360\u00ba<br \/>\ndoubl\u00e9<br \/>\nProtection pour le bout des doigts, pouce rabattable<br \/>\nPartie int\u00e9rieure de la main et doigts renforc\u00e9s en caoutchouc pour une bonne tenue<br \/>\nr\u00e9sistant, confortable, chaud, l\u00e9ger<br \/>\nCouleur : Camouflage<br \/>\nPoids : 115 g la paire<br \/>\nTailles : Disponible de 7 \u00e0 12, voir tableau ci-dessous<br \/>\nMati\u00e8re : 95 % Softshell \/ 5 % polyester non tiss\u00e9<br \/>\nPoignets \u00e0 c\u00f4tes \u00e9lastiques noirs<br \/>\n\u00a0<\/p>\n<p><img decoding=\"async\" src=\"https:\/\/metal-badge.ch\/wp-content\/uploads\/2021\/04\/size_table_einsatzhandschuhe.jpg\" style=\"height:auto; width:100%\" alt=\"\"><\/p>\n","protected":false},"excerpt":{"rendered":"<p>Mitaines confortables et douces avec rabat pour couvrir le bout des doigts. Le gant est sp\u00e9cialement con\u00e7u pour les chasseurs. CA-043 est un gant de chasse techniquement avanc\u00e9 en softshell \u00e0 95 % et en polyester non-tiss\u00e9 \u00e0 5 %. La partie des doigts peut \u00eatre relev\u00e9e et fix\u00e9e au dos de la main \u00e0 [&hellip;]<\/p>\n","protected":false},"featured_media":88673,"comment_status":"open","ping_status":"closed","template":"","meta":{"inline_featured_image":false},"product_brand":[],"product_cat":[1347,1643],"product_tag":[1769,1773,1781,1765],"class_list":{"0":"post-43429","1":"product","2":"type-product","3":"status-publish","4":"has-post-thumbnail","6":"product_cat-accessoires-militaires-de-chasse","7":"product_cat-gants-gants-dintervention","8":"product_tag-army-survival-fr","9":"product_tag-chasse-peche","10":"product_tag-police-securite","11":"product_tag-sport-outdoor-fr","13":"first","14":"instock","15":"taxable","16":"shipping-taxable","17":"purchasable","18":"product-type-simple"},"_links":{"self":[{"href":"https:\/\/metal-badge.ch\/fr\/wp-json\/wp\/v2\/product\/43429","targetHints":{"allow":["GET"]}}],"collection":[{"href":"https:\/\/metal-badge.ch\/fr\/wp-json\/wp\/v2\/product"}],"about":[{"href":"https:\/\/metal-badge.ch\/fr\/wp-json\/wp\/v2\/types\/product"}],"replies":[{"embeddable":true,"href":"https:\/\/metal-badge.ch\/fr\/wp-json\/wp\/v2\/comments?post=43429"}],"wp:featuredmedia":[{"embeddable":true,"href":"https:\/\/metal-badge.ch\/fr\/wp-json\/wp\/v2\/media\/88673"}],"wp:attachment":[{"href":"https:\/\/metal-badge.ch\/fr\/wp-json\/wp\/v2\/media?parent=43429"}],"wp:term":[{"taxonomy":"product_brand","embeddable":true,"href":"https:\/\/metal-badge.ch\/fr\/wp-json\/wp\/v2\/product_brand?post=43429"},{"taxonomy":"product_cat","embeddable":true,"href":"https:\/\/metal-badge.ch\/fr\/wp-json\/wp\/v2\/product_cat?post=43429"},{"taxonomy":"product_tag","embeddable":true,"href":"https:\/\/metal-badge.ch\/fr\/wp-json\/wp\/v2\/product_tag?post=43429"}],"curies":[{"name":"wp","href":"https:\/\/api.w.org\/{rel}","templated":true}]}}