{"id":43423,"date":"2018-02-14T14:04:11","date_gmt":"2018-02-14T14:04:11","guid":{"rendered":"https:\/\/shop.metal-badge.ch\/?product=gants-de-chasse-couleur-camouflage-aa-sl-063"},"modified":"2018-02-14T14:14:42","modified_gmt":"2018-02-14T14:14:42","slug":"gants-de-chasse-couleur-camouflage-aa-sl-063","status":"publish","type":"product","link":"https:\/\/metal-badge.ch\/fr\/product\/43423\/gants-de-chasse-couleur-camouflage-aa-sl-063\/","title":{"rendered":"Gants de chasse couleur camouflage AA-SL-063"},"content":{"rendered":"<p>Les gants de chasse en cuir Amara et softshell tiennent leurs promesses. En look bicolore olive et camouflage. La surface int\u00e9rieure de ces gants est en cuir Amara et la surface en mat\u00e9riau softshell. Un gant robuste avec un r\u00e9glage id\u00e9al. Les fermetures velcro optimisent l&rsquo;ajustement au poignet. Nous proposons diff\u00e9rentes tailles.<br \/>\n\u00a0<\/p>\n<p><strong>Informations du produit :<\/strong><br \/>\nR\u00e9glage facile et de qualit\u00e9<br \/>\nCouleur : Vert olive \/ camouflage<br \/>\nMati\u00e8re : 55 % cuir amara \/ 45 % softshell<br \/>\nInt\u00e9rieur : doublure en polyester<br \/>\nLes fermetures velcro optimisent l&rsquo;ajustement au poignet.<br \/>\nPoids\u00a0: 75 g la paire<br \/>\nTailles : Disponible de 7 \u00e0 12, voir tableau ci-dessous<br \/>\n\u00a0<\/p>\n<p><img decoding=\"async\" src=\"https:\/\/metal-badge.ch\/wp-content\/uploads\/2021\/04\/size_table_einsatzhandschuhe.jpg\" style=\"height:auto; width:100%\" alt=\"\"><\/p>\n","protected":false},"excerpt":{"rendered":"<p>Les gants de chasse en cuir Amara et softshell tiennent leurs promesses. En look bicolore olive et camouflage. La surface int\u00e9rieure de ces gants est en cuir Amara et la surface en mat\u00e9riau softshell. Un gant robuste avec un r\u00e9glage id\u00e9al. Les fermetures velcro optimisent l&rsquo;ajustement au poignet. Nous proposons diff\u00e9rentes tailles. \u00a0 Informations du [&hellip;]<\/p>\n","protected":false},"featured_media":88675,"comment_status":"open","ping_status":"closed","template":"","meta":{"inline_featured_image":false},"product_brand":[],"product_cat":[1347,1643],"product_tag":[1769,1773,1781,1765],"class_list":{"0":"post-43423","1":"product","2":"type-product","3":"status-publish","4":"has-post-thumbnail","6":"product_cat-accessoires-militaires-de-chasse","7":"product_cat-gants-gants-dintervention","8":"product_tag-army-survival-fr","9":"product_tag-chasse-peche","10":"product_tag-police-securite","11":"product_tag-sport-outdoor-fr","13":"first","14":"instock","15":"taxable","16":"shipping-taxable","17":"purchasable","18":"product-type-simple"},"_links":{"self":[{"href":"https:\/\/metal-badge.ch\/fr\/wp-json\/wp\/v2\/product\/43423","targetHints":{"allow":["GET"]}}],"collection":[{"href":"https:\/\/metal-badge.ch\/fr\/wp-json\/wp\/v2\/product"}],"about":[{"href":"https:\/\/metal-badge.ch\/fr\/wp-json\/wp\/v2\/types\/product"}],"replies":[{"embeddable":true,"href":"https:\/\/metal-badge.ch\/fr\/wp-json\/wp\/v2\/comments?post=43423"}],"wp:featuredmedia":[{"embeddable":true,"href":"https:\/\/metal-badge.ch\/fr\/wp-json\/wp\/v2\/media\/88675"}],"wp:attachment":[{"href":"https:\/\/metal-badge.ch\/fr\/wp-json\/wp\/v2\/media?parent=43423"}],"wp:term":[{"taxonomy":"product_brand","embeddable":true,"href":"https:\/\/metal-badge.ch\/fr\/wp-json\/wp\/v2\/product_brand?post=43423"},{"taxonomy":"product_cat","embeddable":true,"href":"https:\/\/metal-badge.ch\/fr\/wp-json\/wp\/v2\/product_cat?post=43423"},{"taxonomy":"product_tag","embeddable":true,"href":"https:\/\/metal-badge.ch\/fr\/wp-json\/wp\/v2\/product_tag?post=43423"}],"curies":[{"name":"wp","href":"https:\/\/api.w.org\/{rel}","templated":true}]}}