{"id":43418,"date":"2018-02-14T13:37:46","date_gmt":"2018-02-14T13:37:46","guid":{"rendered":"https:\/\/shop.metal-badge.ch\/?product=tente-camouflage-blind-hub-050"},"modified":"2020-08-02T03:25:33","modified_gmt":"2020-08-02T03:25:33","slug":"tente-camouflage-blind-hub-050","status":"publish","type":"product","link":"https:\/\/metal-badge.ch\/fr\/product\/43418\/tente-camouflage-blind-hub-050\/","title":{"rendered":"Tente camouflage, Blind HUB 050"},"content":{"rendered":"<p>Cette tente en camouflage offre des conditions optimales pour l\u2019observation de la nature et la chasse. La mati\u00e8re en polyester r\u00e9sistante vous prot\u00e8ge et prot\u00e8ge votre \u00e9quipement des pluies fortes et vous permet de vous fondre dans l&rsquo;environnement. Elle est cependant suffisamment l\u00e9g\u00e8re et peut \u00eatre mont\u00e9e en quelques secondes avec la m\u00e9canique \u00ab\u00a0air\u00a0\u00bb pour que vous puissiez changer de lieu d\u2019observation tr\u00e8s vite. Les conduites en fibres de verre sont toutes d\u00e9j\u00e0 mont\u00e9es sur la tente. Il n&rsquo;est donc pas n\u00e9cessaire d\u2019ins\u00e9rer des armatures de fa\u00e7on fastidieuse.<\/p>\n<p>Les nombreuses ouvertures permettent une vue globale \u00e0 360\u00ba. Toutes les ouvertures des fen\u00eatres sont munies de fermetures \u00e9clair. Les grandes ouvertures permettent d&rsquo;entrer et de sortir avec un \u00e9quipement encombrant. La livraison comprend \u00e9galement un sac d\u2019emballage avec bretelles. La tente peut y \u00eatre d\u00e9plac\u00e9e rapidement. Il suffit de la replier et de la mettre dans le sac.<br \/>\n\u00a0<\/p>\n<p><strong>Informations du produit : <\/strong><\/p>\n<p>Poids : 6,7 kg<br \/>\nArmatures : Fibre de verre<br \/>\nPour 2 \u00e0 3 personnes<br \/>\n8 fen\u00eatres \u00e0 fermeture \u00e9clair pour une vue globale \u00e0 360\u00ba<br \/>\nDimensions : Longueur 145 cm \/ largeur : 145 cm \/ hauteur : 165 cm<br \/>\nCouleur : Camouflage<br \/>\nMati\u00e8re : Rev\u00eatu en PU Oxford 150 D<br \/>\nM\u00e9canique de tente \u00ab\u00a0air\u00a0\u00bb, mont\u00e9e en quelques secondes<br \/>\nRapidement emball\u00e9e, il suffit de la replier<br \/>\nSac de transport avec 1 bretelle compris dans la livraison<br \/>\nToutes les fen\u00eatres sont \u00e9quip\u00e9es de fermetures \u00e9clair pour une vue globale garantie<br \/>\nGrande ouverture pour entrer avec fermeture \u00e9clair<\/p>\n","protected":false},"excerpt":{"rendered":"<p>Cette tente en camouflage offre des conditions optimales pour l\u2019observation de la nature et la chasse. La mati\u00e8re en polyester r\u00e9sistante vous prot\u00e8ge et prot\u00e8ge votre \u00e9quipement des pluies fortes et vous permet de vous fondre dans l&rsquo;environnement. Elle est cependant suffisamment l\u00e9g\u00e8re et peut \u00eatre mont\u00e9e en quelques secondes avec la m\u00e9canique \u00ab\u00a0air\u00a0\u00bb pour [&hellip;]<\/p>\n","protected":false},"featured_media":55822,"comment_status":"open","ping_status":"closed","template":"","meta":{"inline_featured_image":false},"product_brand":[],"product_cat":[1347,1435],"product_tag":[1769,1777,1773],"class_list":{"0":"post-43418","1":"product","2":"type-product","3":"status-publish","4":"has-post-thumbnail","6":"product_cat-accessoires-militaires-de-chasse","7":"product_cat-camping-voyage","8":"product_tag-army-survival-fr","9":"product_tag-camping-voyage","10":"product_tag-chasse-peche","12":"first","13":"instock","14":"taxable","15":"shipping-taxable","16":"purchasable","17":"product-type-simple"},"_links":{"self":[{"href":"https:\/\/metal-badge.ch\/fr\/wp-json\/wp\/v2\/product\/43418","targetHints":{"allow":["GET"]}}],"collection":[{"href":"https:\/\/metal-badge.ch\/fr\/wp-json\/wp\/v2\/product"}],"about":[{"href":"https:\/\/metal-badge.ch\/fr\/wp-json\/wp\/v2\/types\/product"}],"replies":[{"embeddable":true,"href":"https:\/\/metal-badge.ch\/fr\/wp-json\/wp\/v2\/comments?post=43418"}],"wp:featuredmedia":[{"embeddable":true,"href":"https:\/\/metal-badge.ch\/fr\/wp-json\/wp\/v2\/media\/55822"}],"wp:attachment":[{"href":"https:\/\/metal-badge.ch\/fr\/wp-json\/wp\/v2\/media?parent=43418"}],"wp:term":[{"taxonomy":"product_brand","embeddable":true,"href":"https:\/\/metal-badge.ch\/fr\/wp-json\/wp\/v2\/product_brand?post=43418"},{"taxonomy":"product_cat","embeddable":true,"href":"https:\/\/metal-badge.ch\/fr\/wp-json\/wp\/v2\/product_cat?post=43418"},{"taxonomy":"product_tag","embeddable":true,"href":"https:\/\/metal-badge.ch\/fr\/wp-json\/wp\/v2\/product_tag?post=43418"}],"curies":[{"name":"wp","href":"https:\/\/api.w.org\/{rel}","templated":true}]}}