{"id":43408,"date":"2018-02-14T13:15:04","date_gmt":"2018-02-14T13:15:04","guid":{"rendered":"https:\/\/shop.metal-badge.ch\/?product=tente-camouflage-blind-hc101"},"modified":"2023-06-11T00:03:22","modified_gmt":"2023-06-10T22:03:22","slug":"tente-camouflage-blind-hc101","status":"publish","type":"product","link":"https:\/\/metal-badge.ch\/fr\/product\/43408\/tente-camouflage-blind-hc101\/","title":{"rendered":"Tente camouflage, Blind HC101"},"content":{"rendered":"<p>Cette tente en camouflage offre des conditions optimales pour l\u2019observation de la nature et la chasse. La mati\u00e8re en polyester r\u00e9sistante vous prot\u00e8ge et prot\u00e8ge votre \u00e9quipement des pluies fortes et vous permet de vous fondre dans l&rsquo;environnement. Elle est cependant suffisamment facile et rapide \u00e0 d\u00e9monter pour que vous puissiez changer de lieu d\u2019observation tr\u00e8s vite. De nombreux animaux sauvages per\u00e7oivent tr\u00e8s bien les mouvements m\u00eame \u00e0 une grande distance. La plupart des animaux peut m\u00eame distinguer une silhouette humaine des couleurs ininterrompues d\u2019un paysage.<\/p>\n<p>Les nombreuses ouvertures permettent une vue globale \u00e0 360\u00ba ou presque. Toutes les ouvertures de fen\u00eatres sont \u00e9quip\u00e9es d\u2019un tissu maill\u00e9 \u00e0 motif camouflage qui permet de voir \u00e0 l&rsquo;ext\u00e9rieur, mais ne permet pas de voir \u00e0 l\u2019int\u00e9rieur. Des ouvertures plus grandes permettent d\u2019entrer et de sortir avec un \u00e9quipement encombrant. Cette tente en camouflage pour une personne est fournie avec un si\u00e8ge int\u00e9gr\u00e9 avec support pour gobelet. 4 sardines en m\u00e9tal sont comprises dans la livraison pour le cas o\u00f9 vous voudriez fixer la tente au sol. La livraison comprend \u00e9galement un sac d\u2019emballage \/ sac \u00e0 dos. La tente peut y \u00eatre d\u00e9plac\u00e9e rapidement. Il suffit de la replier et de la mettre dans le sac. Le sac est \u00e9quip\u00e9 de deux bretelles.&nbsp;<\/p>\n<p><strong>Informations du produit :<\/strong><br \/>\nPoids : 4,78 kg<br \/>\nCharge support\u00e9e par le si\u00e8ge : jusqu\u2019\u00e0 180 kg&nbsp;<br \/>\n6x fen\u00eatres pour une vision globale \u00e0 360\u00ba<br \/>\nDimensions : Hauteur&nbsp;: 135 cm \/ Largeur : 50 cm \/ Profondeur : 80 cm<br \/>\nCouleur : Camouflage<br \/>\nMati\u00e8re : Rev\u00eatu en PU Oxford 150 D<br \/>\nM\u00e9canique de tente \u00ab&nbsp;air&nbsp;\u00bb, mont\u00e9e en quelques secondes<br \/>\nRapidement emball\u00e9e, il suffit de la replier<br \/>\n4 sardines en acier<br \/>\nSac de transport avec 2 bretelles compris dans la livraison<br \/>\nToutes les fen\u00eatres sont \u00e9quip\u00e9es de fermetures \u00e9clair pour une vue globale garantie, porte-gobelet dans l\u2019accoudoir<br \/>\nGrande ouverture pour entrer avec fermeture \u00e9clair&nbsp;<\/p>\n","protected":false},"excerpt":{"rendered":"<p>Cette tente en camouflage offre des conditions optimales pour l\u2019observation de la nature et la chasse. La mati\u00e8re en polyester r\u00e9sistante vous prot\u00e8ge et prot\u00e8ge votre \u00e9quipement des pluies fortes et vous permet de vous fondre dans l&rsquo;environnement. Elle est cependant suffisamment facile et rapide \u00e0 d\u00e9monter pour que vous puissiez changer de lieu d\u2019observation tr\u00e8s vite. De nombreux animaux sauvages per\u00e7oivent tr\u00e8s bien les mouvements m\u00eame \u00e0 une grande distance. La plupart des animaux peut m\u00eame distinguer une silhouette humaine des couleurs ininterrompues d\u2019un paysage.<\/p>\n","protected":false},"featured_media":88677,"comment_status":"open","ping_status":"closed","template":"","meta":{"inline_featured_image":false},"product_brand":[],"product_cat":[1347,1435],"product_tag":[1769,1777,1773],"class_list":{"0":"post-43408","1":"product","2":"type-product","3":"status-publish","4":"has-post-thumbnail","6":"product_cat-accessoires-militaires-de-chasse","7":"product_cat-camping-voyage","8":"product_tag-army-survival-fr","9":"product_tag-camping-voyage","10":"product_tag-chasse-peche","12":"first","13":"instock","14":"taxable","15":"shipping-taxable","16":"purchasable","17":"product-type-simple"},"_links":{"self":[{"href":"https:\/\/metal-badge.ch\/fr\/wp-json\/wp\/v2\/product\/43408","targetHints":{"allow":["GET"]}}],"collection":[{"href":"https:\/\/metal-badge.ch\/fr\/wp-json\/wp\/v2\/product"}],"about":[{"href":"https:\/\/metal-badge.ch\/fr\/wp-json\/wp\/v2\/types\/product"}],"replies":[{"embeddable":true,"href":"https:\/\/metal-badge.ch\/fr\/wp-json\/wp\/v2\/comments?post=43408"}],"wp:featuredmedia":[{"embeddable":true,"href":"https:\/\/metal-badge.ch\/fr\/wp-json\/wp\/v2\/media\/88677"}],"wp:attachment":[{"href":"https:\/\/metal-badge.ch\/fr\/wp-json\/wp\/v2\/media?parent=43408"}],"wp:term":[{"taxonomy":"product_brand","embeddable":true,"href":"https:\/\/metal-badge.ch\/fr\/wp-json\/wp\/v2\/product_brand?post=43408"},{"taxonomy":"product_cat","embeddable":true,"href":"https:\/\/metal-badge.ch\/fr\/wp-json\/wp\/v2\/product_cat?post=43408"},{"taxonomy":"product_tag","embeddable":true,"href":"https:\/\/metal-badge.ch\/fr\/wp-json\/wp\/v2\/product_tag?post=43408"}],"curies":[{"name":"wp","href":"https:\/\/api.w.org\/{rel}","templated":true}]}}