{"id":43387,"date":"2018-02-14T10:26:03","date_gmt":"2018-02-14T10:26:03","guid":{"rendered":"https:\/\/shop.metal-badge.ch\/?product=tente-de-bivouac-une-personne-bivytent-camouflage"},"modified":"2023-08-01T17:26:48","modified_gmt":"2023-08-01T15:26:48","slug":"tente-de-bivouac-une-personne-bivytent-camouflage","status":"publish","type":"product","link":"https:\/\/metal-badge.ch\/fr\/product\/43387\/tente-de-bivouac-une-personne-bivytent-camouflage\/","title":{"rendered":"Tente de bivouac une personne BivyTent Camouflage"},"content":{"rendered":"<p>Cette tente de bivouac de haute qualit\u00e9, pratique et spacieuse a \u00e9t\u00e9 con\u00e7ue pour des conditions climatiques extr\u00eames et peut \u00eatre rang\u00e9e de mani\u00e8re compacte dans un sac de compression. Le mat\u00e9riau est fait de Ripstop 15D Sil-nylon avec un rev\u00eatement en polyur\u00e9thane \u00e9tanche \u00e0 3\u00a0000\u00a0mm. Le rev\u00eatement imperm\u00e9able, coupe-vent, respirant et r\u00e9sistant \u00e0 l&rsquo;abrasion de la tente garde l&rsquo;utilisateur au sec et minimise la condensation \u00e0 l&rsquo;int\u00e9rieur de la tente. La zone de la t\u00eate peut \u00eatre r\u00e9gl\u00e9e \u00e0 l&rsquo;aide des poteaux en aluminium. Les deux grandes ouvertures peuvent \u00eatre ouvertes \u00e0 l&rsquo;arri\u00e8re et \u00e0 l&rsquo;avant au niveau de la t\u00eate \u00e0 l&rsquo;aide de la fermeture \u00e9clair. Les ouvertures sont prot\u00e9g\u00e9es par une moustiquaire. Selon les conditions m\u00e9t\u00e9orologiques, l&rsquo;ouverture peut \u00eatre laiss\u00e9e ouverte, \u00eatre ferm\u00e9e avec une moustiquaire ou \u00eatre compl\u00e8tement prot\u00e9g\u00e9e par un rabat anti-temp\u00eate r\u00e9tractable. \u00c0 l&rsquo;avant, la fermeture \u00e9clair peut \u00eatre ouverte pour faciliter l&rsquo;entr\u00e9e et la sortie de la tente 3\/4. Le sac \u00e0 dos comprend 6 sardines et cordons de tension ainsi que des supports d&rsquo;attache. Il compte \u00e9galement deux poteaux pliables en aluminium.<br \/>\n\u00a0<\/p>\n<p><strong>Description du produit\u00a0:<\/strong><br \/>\nCat\u00e9gorie\u00a0: Tente \/ bivouac<br \/>\nMati\u00e8re : Ripstop 15D Sil-nylon avec rev\u00eatement en polyur\u00e9thane \u00e9tanche 3\u00a0000 mm.<br \/>\n100 % \u00e9tanche<br \/>\nProtection moustiquaire<br \/>\nDoubles coutures scell\u00e9es<br \/>\n3x languettes pour sardines<br \/>\n3x languettes pour cordons de tension<br \/>\n6x sardines en m\u00e9tal comprises dans la livraison<br \/>\n6x tenseurs de cordes fournis dans la livraison<br \/>\nCordon de tension fourni dans la livraison<br \/>\nPoteaux en aluminium repliables<br \/>\nCouleur : Camouflage<br \/>\nPoids : 880 g.\u00a0<br \/>\nDimensions du sac : 38 cm de haut \/ 11 cm de diam\u00e8tre<br \/>\nDimensions mont\u00e9 : longueur 225 cm \/ largeur 75 cm<br \/>\nHauteur de t\u00eate : 80 cm<br \/>\nHauteur des pieds : 40 cm<\/p>\n","protected":false},"excerpt":{"rendered":"<p>Cette tente de bivouac de haute qualit\u00e9, pratique et spacieuse a \u00e9t\u00e9 con\u00e7ue pour des conditions climatiques extr\u00eames et peut \u00eatre rang\u00e9e de mani\u00e8re compacte dans un sac de compression. Le mat\u00e9riau est fait de Ripstop 15D Sil-nylon avec un rev\u00eatement en polyur\u00e9thane \u00e9tanche \u00e0 3\u00a0000\u00a0mm. Le rev\u00eatement imperm\u00e9able, coupe-vent, respirant et r\u00e9sistant \u00e0 l&rsquo;abrasion [&hellip;]<\/p>\n","protected":false},"featured_media":88679,"comment_status":"open","ping_status":"closed","template":"","meta":{"inline_featured_image":false},"product_brand":[],"product_cat":[1347,1435,1694],"product_tag":[1769,1777,1773,1765],"class_list":{"0":"post-43387","1":"product","2":"type-product","3":"status-publish","4":"has-post-thumbnail","6":"product_cat-accessoires-militaires-de-chasse","7":"product_cat-camping-voyage","8":"product_cat-sacs-de-couchage-sacs-de-bivouac-hamacs","9":"product_tag-army-survival-fr","10":"product_tag-camping-voyage","11":"product_tag-chasse-peche","12":"product_tag-sport-outdoor-fr","14":"first","15":"instock","16":"taxable","17":"shipping-taxable","18":"purchasable","19":"product-type-simple"},"_links":{"self":[{"href":"https:\/\/metal-badge.ch\/fr\/wp-json\/wp\/v2\/product\/43387","targetHints":{"allow":["GET"]}}],"collection":[{"href":"https:\/\/metal-badge.ch\/fr\/wp-json\/wp\/v2\/product"}],"about":[{"href":"https:\/\/metal-badge.ch\/fr\/wp-json\/wp\/v2\/types\/product"}],"replies":[{"embeddable":true,"href":"https:\/\/metal-badge.ch\/fr\/wp-json\/wp\/v2\/comments?post=43387"}],"wp:featuredmedia":[{"embeddable":true,"href":"https:\/\/metal-badge.ch\/fr\/wp-json\/wp\/v2\/media\/88679"}],"wp:attachment":[{"href":"https:\/\/metal-badge.ch\/fr\/wp-json\/wp\/v2\/media?parent=43387"}],"wp:term":[{"taxonomy":"product_brand","embeddable":true,"href":"https:\/\/metal-badge.ch\/fr\/wp-json\/wp\/v2\/product_brand?post=43387"},{"taxonomy":"product_cat","embeddable":true,"href":"https:\/\/metal-badge.ch\/fr\/wp-json\/wp\/v2\/product_cat?post=43387"},{"taxonomy":"product_tag","embeddable":true,"href":"https:\/\/metal-badge.ch\/fr\/wp-json\/wp\/v2\/product_tag?post=43387"}],"curies":[{"name":"wp","href":"https:\/\/api.w.org\/{rel}","templated":true}]}}