{"id":43370,"date":"2018-02-14T09:14:08","date_gmt":"2018-02-14T09:14:08","guid":{"rendered":"https:\/\/shop.metal-badge.ch\/?product=double-bague-montage-universel"},"modified":"2020-08-02T03:25:07","modified_gmt":"2020-08-02T03:25:07","slug":"double-bague-montage-universel","status":"publish","type":"product","link":"https:\/\/metal-badge.ch\/fr\/product\/43370\/double-bague-montage-universel\/","title":{"rendered":"Double bague montage universel"},"content":{"rendered":"<p>Pour le montage de vis\u00e9e t\u00e9lescopique, laser, lampe sur un tube moyen de 25,4 mm (1 pouce). Deux rails profil\u00e9s Weaver de 21 mm en haut et en dessus offrent la possibilit\u00e9 de r\u00e9aliser d\u2019autres montages. En fonte d\u2019aluminium de haute qualit\u00e9 avec un poids de seulement 50 g.<\/p>\n<p>\u00a0<\/p>\n<p><strong>Description du produit\u00a0:<\/strong><br \/>\nRaccordement\u00a0: Rail Picatinny ou Weaver, etc.\u00a0<br \/>\nDimensions : 82x40x18 (LxHxl)<br \/>\nPoids : 50 g<br \/>\nMati\u00e8re : Fonte d\u2019aluminium<br \/>\nUne cl\u00e9 Allen est \u00e9galement contenue dans la livraison<br \/>\nTr\u00e8s r\u00e9sistant gr\u00e2ce aux 6 vis de verrouillage Allen<br \/>\npour toutes les vis\u00e9es t\u00e9lescopiques, les appareils \u00e0 points lumineux Red Dot, les lasers, les lampes\u00a0\u00a0\u00a0\u00a0\u00a0\u00a0\u00a0\u00a0\u00a0\u00a0\u00a0\u00a0\u00a0\u00a0\u00a0\u00a0\u00a0\u00a0\u00a0\u00a0\u00a0\u00a0\u00a0\u00a0\u00a0\u00a0\u00a0\u00a0 \u00a0\u00a0\u00a0\u00a0\u00a0\u00a0\u00a0\u00a0\u00a0\u00a0\u00a0\u00a0\u00a0\u00a0\u00a0\u00a0\u00a0\u00a0\u00a0\u00a0\u00a0\u00a0\u00a0\u00a0\u00a0\u00a0\u00a0\u00a0\u00a0\u00a0\u00a0\u00a0\u00a0\u00a0\u00a0\u00a0\u00a0\u00a0\u00a0\u00a0\u00a0\u00a0\u00a0\u00a0\u00a0\u00a0\u00a0<br \/>\nTube de diam\u00e8tre moyen 25,4 mm<br \/>\nCouleur : noir \/ mat<\/p>\n","protected":false},"excerpt":{"rendered":"<p>Pour le montage de vis\u00e9e t\u00e9lescopique, laser, lampe sur un tube moyen de 25,4 mm (1 pouce). Deux rails profil\u00e9s Weaver de 21 mm en haut et en dessus offrent la possibilit\u00e9 de r\u00e9aliser d\u2019autres montages. En fonte d\u2019aluminium de haute qualit\u00e9 avec un poids de seulement 50 g. \u00a0 Description du produit\u00a0: Raccordement\u00a0: Rail [&hellip;]<\/p>\n","protected":false},"featured_media":88683,"comment_status":"open","ping_status":"closed","template":"","meta":{"inline_featured_image":false},"product_brand":[],"product_cat":[1347,1439],"product_tag":[1769,1773,1765],"class_list":{"0":"post-43370","1":"product","2":"type-product","3":"status-publish","4":"has-post-thumbnail","6":"product_cat-accessoires-militaires-de-chasse","7":"product_cat-lunettes-et-supports","8":"product_tag-army-survival-fr","9":"product_tag-chasse-peche","10":"product_tag-sport-outdoor-fr","12":"first","13":"instock","14":"taxable","15":"shipping-taxable","16":"purchasable","17":"product-type-simple"},"_links":{"self":[{"href":"https:\/\/metal-badge.ch\/fr\/wp-json\/wp\/v2\/product\/43370","targetHints":{"allow":["GET"]}}],"collection":[{"href":"https:\/\/metal-badge.ch\/fr\/wp-json\/wp\/v2\/product"}],"about":[{"href":"https:\/\/metal-badge.ch\/fr\/wp-json\/wp\/v2\/types\/product"}],"replies":[{"embeddable":true,"href":"https:\/\/metal-badge.ch\/fr\/wp-json\/wp\/v2\/comments?post=43370"}],"wp:featuredmedia":[{"embeddable":true,"href":"https:\/\/metal-badge.ch\/fr\/wp-json\/wp\/v2\/media\/88683"}],"wp:attachment":[{"href":"https:\/\/metal-badge.ch\/fr\/wp-json\/wp\/v2\/media?parent=43370"}],"wp:term":[{"taxonomy":"product_brand","embeddable":true,"href":"https:\/\/metal-badge.ch\/fr\/wp-json\/wp\/v2\/product_brand?post=43370"},{"taxonomy":"product_cat","embeddable":true,"href":"https:\/\/metal-badge.ch\/fr\/wp-json\/wp\/v2\/product_cat?post=43370"},{"taxonomy":"product_tag","embeddable":true,"href":"https:\/\/metal-badge.ch\/fr\/wp-json\/wp\/v2\/product_tag?post=43370"}],"curies":[{"name":"wp","href":"https:\/\/api.w.org\/{rel}","templated":true}]}}