{"id":43349,"date":"2018-02-13T15:14:44","date_gmt":"2018-02-13T15:14:44","guid":{"rendered":"https:\/\/shop.metal-badge.ch\/?product=miroir-dinspection-miroir-convexe-avec-illumination"},"modified":"2020-08-02T03:24:53","modified_gmt":"2020-08-02T03:24:53","slug":"miroir-dinspection-miroir-convexe-avec-illumination","status":"publish","type":"product","link":"https:\/\/metal-badge.ch\/fr\/product\/43349\/miroir-dinspection-miroir-convexe-avec-illumination\/","title":{"rendered":"Miroir d\u2019inspection \/ miroir convexe avec illumination"},"content":{"rendered":"<p>Ce miroir de contr\u00f4le convexe est id\u00e9al pour l\u2019entretien et le contr\u00f4le de v\u00e9hicules et de machines. Les espaces difficiles d\u2019acc\u00e8s peuvent \u00eatre vus et contr\u00f4l\u00e9s sans probl\u00e8mes. Le bras t\u00e9lescopique peut \u00eatre repli\u00e9 et ne demande qu\u2019un espace de stockage minimal. Le miroir est \u00e9quip\u00e9 de 3 roulettes et peut donc \u00eatre roul\u00e9 facilement sous le v\u00e9hicule \u00e0 inspecter. Le bras t\u00e9lescopique peut \u00eatre \u00e9tir\u00e9 sur une longueur de 66 cm \u00e0 118 cm. Le set \u00e0 deux parties (miroir et bras t\u00e9lescopique) est mont\u00e9 simplement avec une vos \u00e0 oreilles. La livraison comprend le sac et la lampe fournie avec la fixation. Cette lampe peut \u00eatre mont\u00e9e facilement en cas de besoin. 3 piles AAA sont n\u00e9cessaires pour la lampe.<br \/>\n\u00a0<\/p>\n<p><strong>Description du produit\u00a0:<\/strong><br \/>\nDiam\u00e8tre :\u00a0 30 cm<br \/>\nPoids :\u00a0 1250 g.\u00a0\u00a0<br \/>\nPoids faible<br \/>\nHauteur du miroir par rapport au sol : 7 cm<br \/>\nDimensions : Bras t\u00e9lescopique de 66 cm \u00e0 118 cm<br \/>\nLa livraison comprend : Lampe avec kit de fixation et sac.\u00a0\u00a0\u00a0\u00a0\u00a0\u00a0\u00a0\u00a0\u00a0\u00a0\u00a0\u00a0\u00a0\u00a0\u00a0\u00a0\u00a0\u00a0\u00a0\u00a0\u00a0\u00a0\u00a0\u00a0\u00a0\u00a0\u00a0\u00a0\u00a0\u00a0\u00a0\u00a0\u00a0\u00a0\u00a0\u00a0\u00a0\u00a0\u00a0\u00a0\u00a0\u00a0\u00a0\u00a0\u00a0\u00a0\u00a0\u00a0\u00a0\u00a0\u00a0\u00a0\u00a0\u00a0\u00a0\u00a0\u00a0\u00a0\u00a0\u00a0\u00a0\u00a0\u00a0\u00a0\u00a0\u00a0\u00a0\u00a0\u00a0\u00a0\u00a0\u00a0<\/p>\n","protected":false},"excerpt":{"rendered":"<p>Ce miroir de contr\u00f4le convexe est id\u00e9al pour l\u2019entretien et le contr\u00f4le de v\u00e9hicules et de machines. Les espaces difficiles d\u2019acc\u00e8s peuvent \u00eatre vus et contr\u00f4l\u00e9s sans probl\u00e8mes. Le bras t\u00e9lescopique peut \u00eatre repli\u00e9 et ne demande qu\u2019un espace de stockage minimal. Le miroir est \u00e9quip\u00e9 de 3 roulettes et peut donc \u00eatre roul\u00e9 facilement [&hellip;]<\/p>\n","protected":false},"featured_media":88689,"comment_status":"open","ping_status":"closed","template":"","meta":{"inline_featured_image":false},"product_brand":[],"product_cat":[887],"product_tag":[],"class_list":{"0":"post-43349","1":"product","2":"type-product","3":"status-publish","4":"has-post-thumbnail","6":"product_cat-accessoires","8":"first","9":"instock","10":"taxable","11":"shipping-taxable","12":"purchasable","13":"product-type-simple"},"_links":{"self":[{"href":"https:\/\/metal-badge.ch\/fr\/wp-json\/wp\/v2\/product\/43349","targetHints":{"allow":["GET"]}}],"collection":[{"href":"https:\/\/metal-badge.ch\/fr\/wp-json\/wp\/v2\/product"}],"about":[{"href":"https:\/\/metal-badge.ch\/fr\/wp-json\/wp\/v2\/types\/product"}],"replies":[{"embeddable":true,"href":"https:\/\/metal-badge.ch\/fr\/wp-json\/wp\/v2\/comments?post=43349"}],"wp:featuredmedia":[{"embeddable":true,"href":"https:\/\/metal-badge.ch\/fr\/wp-json\/wp\/v2\/media\/88689"}],"wp:attachment":[{"href":"https:\/\/metal-badge.ch\/fr\/wp-json\/wp\/v2\/media?parent=43349"}],"wp:term":[{"taxonomy":"product_brand","embeddable":true,"href":"https:\/\/metal-badge.ch\/fr\/wp-json\/wp\/v2\/product_brand?post=43349"},{"taxonomy":"product_cat","embeddable":true,"href":"https:\/\/metal-badge.ch\/fr\/wp-json\/wp\/v2\/product_cat?post=43349"},{"taxonomy":"product_tag","embeddable":true,"href":"https:\/\/metal-badge.ch\/fr\/wp-json\/wp\/v2\/product_tag?post=43349"}],"curies":[{"name":"wp","href":"https:\/\/api.w.org\/{rel}","templated":true}]}}