{"id":43329,"date":"2018-02-13T14:41:29","date_gmt":"2018-02-13T14:41:29","guid":{"rendered":"https:\/\/shop.metal-badge.ch\/?product=projecteur-lampe-mobile-2000-lumen"},"modified":"2020-08-02T03:24:41","modified_gmt":"2020-08-02T03:24:41","slug":"projecteur-lampe-mobile-2000-lumen","status":"publish","type":"product","link":"https:\/\/metal-badge.ch\/fr\/product\/43329\/projecteur-lampe-mobile-2000-lumen\/","title":{"rendered":"Projecteur \/ lampe mobile 2000 lumen"},"content":{"rendered":"<p>Ce projecteur manuel extr\u00eamement puissant avec c\u00e2ble de chargement sur allume-cigares est indispensable pour votre voiture. Cette lampe a une port\u00e9e de 700 m avec un faisceau lumineux group\u00e9 pour une vue parfaite. Parfait pour la chasse, l\u2019observation d&rsquo;animaux depuis un v\u00e9hicule, les recherches, le camping, etc. Alimentation directement depuis l\u2019allume-cigares du v\u00e9hicule. Le c\u00e2ble ne peut pas \u00eatre retir\u00e9. La lampe ne fonctionne que quand elle est connect\u00e9e \u00e0 l\u2019allume-cigare de la voiture. Le c\u00e2ble mesure 210 cm environ, c\u00e2ble en spirale. Un accessoire avec filtre orange est compris dans la livraison.<\/p>\n<p>\u00a0<\/p>\n<p><strong>Informations du produit :<\/strong><br \/>\nMod\u00e8le : NFL 120-25 W<br \/>\nPoids : 810 g<br \/>\n1 c\u00e2ble de chargement 12 V pour allume-cigares<br \/>\n1 bandouli\u00e8re<br \/>\nLongueur de c\u00e2ble en spirale 190 cm<br \/>\n1 accessoire avec filtre orange\u00a0<br \/>\nDimensions lampe, diam\u00e8tre : 11 cm<br \/>\nDimensions : Longueur de la poign\u00e9e : 13 cm<br \/>\nType de lampe :\u00a0 Cree 25 W LED<br \/>\nLumen : 2000 LM<br \/>\nPort\u00e9e : env. 700 m\u00e8tres<br \/>\nR\u00e9sistant \u00e0 l\u2019eau et \u00e0 la poussi\u00e8re<br \/>\nCouleur : noir<br \/>\nCouleur de la lumi\u00e8re : blanc<br \/>\nMati\u00e8re : Aluminium \/ PVC<\/p>\n","protected":false},"excerpt":{"rendered":"<p>Ce projecteur manuel extr\u00eamement puissant avec c\u00e2ble de chargement sur allume-cigares est indispensable pour votre voiture. Cette lampe a une port\u00e9e de 700 m avec un faisceau lumineux group\u00e9 pour une vue parfaite. Parfait pour la chasse, l\u2019observation d&rsquo;animaux depuis un v\u00e9hicule, les recherches, le camping, etc. Alimentation directement depuis l\u2019allume-cigares du v\u00e9hicule. Le c\u00e2ble [&hellip;]<\/p>\n","protected":false},"featured_media":88693,"comment_status":"open","ping_status":"closed","template":"","meta":{"inline_featured_image":false},"product_brand":[],"product_cat":[1347,1435,1343],"product_tag":[1769,1777,1773,1876,1765],"class_list":{"0":"post-43329","1":"product","2":"type-product","3":"status-publish","4":"has-post-thumbnail","6":"product_cat-accessoires-militaires-de-chasse","7":"product_cat-camping-voyage","8":"product_cat-lampes-lampes-de-poche","9":"product_tag-army-survival-fr","10":"product_tag-camping-voyage","11":"product_tag-chasse-peche","12":"product_tag-projecteurs","13":"product_tag-sport-outdoor-fr","15":"first","16":"instock","17":"taxable","18":"shipping-taxable","19":"purchasable","20":"product-type-simple"},"_links":{"self":[{"href":"https:\/\/metal-badge.ch\/fr\/wp-json\/wp\/v2\/product\/43329","targetHints":{"allow":["GET"]}}],"collection":[{"href":"https:\/\/metal-badge.ch\/fr\/wp-json\/wp\/v2\/product"}],"about":[{"href":"https:\/\/metal-badge.ch\/fr\/wp-json\/wp\/v2\/types\/product"}],"replies":[{"embeddable":true,"href":"https:\/\/metal-badge.ch\/fr\/wp-json\/wp\/v2\/comments?post=43329"}],"wp:featuredmedia":[{"embeddable":true,"href":"https:\/\/metal-badge.ch\/fr\/wp-json\/wp\/v2\/media\/88693"}],"wp:attachment":[{"href":"https:\/\/metal-badge.ch\/fr\/wp-json\/wp\/v2\/media?parent=43329"}],"wp:term":[{"taxonomy":"product_brand","embeddable":true,"href":"https:\/\/metal-badge.ch\/fr\/wp-json\/wp\/v2\/product_brand?post=43329"},{"taxonomy":"product_cat","embeddable":true,"href":"https:\/\/metal-badge.ch\/fr\/wp-json\/wp\/v2\/product_cat?post=43329"},{"taxonomy":"product_tag","embeddable":true,"href":"https:\/\/metal-badge.ch\/fr\/wp-json\/wp\/v2\/product_tag?post=43329"}],"curies":[{"name":"wp","href":"https:\/\/api.w.org\/{rel}","templated":true}]}}