{"id":43318,"date":"2018-02-13T14:31:36","date_gmt":"2018-02-13T14:31:36","guid":{"rendered":"https:\/\/shop.metal-badge.ch\/?product=projecteur-lampe-mobile-2000-lumen"},"modified":"2020-09-29T16:52:14","modified_gmt":"2020-09-29T14:52:14","slug":"projecteur-lampe-mobile-2000-lumen-2","status":"publish","type":"product","link":"https:\/\/metal-badge.ch\/fr\/product\/43318\/projecteur-lampe-mobile-2000-lumen-2\/","title":{"rendered":"Projecteur \/ lampe mobile 2000 lumen"},"content":{"rendered":"<p>Avec ce projecteur manuel extr\u00eamement puissant \u00e0 c\u00e2ble de chargement pour allume-cigare et c\u00e2ble de chargement secteur 220 V, vous obtiendrez un faisceau lumineux d\u2019une port\u00e9e allant jusqu\u2019\u00e0 800 m avec une bonne vision. Excellent pour la chasse, l\u2019observation d\u2019animaux depuis un v\u00e9hicule, la recherche d\u2019objets, le camping, etc. Un accessoire avec filtre rouge est \u00e9galement inclus dans le prix.<\/p>\n<p>\u00a0<\/p>\n<p><strong>Informations du produit :<\/strong><br \/>\nMod\u00e8le : NFC96-25 W<br \/>\nPoids : 458 g<br \/>\nBatterie : Batterie au lithium 7.4V 2600 MA rechargeable<br \/>\nDur\u00e9e de chargement : 3 heures<br \/>\nDur\u00e9e de fonctionnement de la lampe : env. 3 \u00e0 4 heures<br \/>\n1 c\u00e2ble de chargement 12 V pour allume-cigares<br \/>\n1 c\u00e2ble de chargement pour prise murale 220 V<br \/>\n1 accessoire avec filtre rouge\u00a0<br \/>\nDimensions lampe, diam\u00e8tre : 12 cm<br \/>\nDimensions : Longueur de la poign\u00e9e : 10.5 cm<br \/>\nType de lampe :\u00a0 Cree 25 W LED<br \/>\nLumen : 2000 LM<br \/>\nPort\u00e9e : env. 800 m\u00e8tres<br \/>\nR\u00e9sistant \u00e0 l\u2019eau et \u00e0 la poussi\u00e8re<br \/>\nCouleur : noir<br \/>\nCouleur de la lumi\u00e8re : blanc<br \/>\nMati\u00e8re : Aluminium \/ PVC<\/p>\n","protected":false},"excerpt":{"rendered":"<p>Avec ce projecteur manuel extr\u00eamement puissant \u00e0 c\u00e2ble de chargement pour allume-cigare et c\u00e2ble de chargement secteur 220 V, vous obtiendrez un faisceau lumineux d\u2019une port\u00e9e allant jusqu\u2019\u00e0 800 m avec une bonne vision. Excellent pour la chasse, l\u2019observation d\u2019animaux depuis un v\u00e9hicule, la recherche d\u2019objets, le camping, etc. Un accessoire avec filtre rouge est [&hellip;]<\/p>\n","protected":false},"featured_media":43310,"comment_status":"open","ping_status":"closed","template":"","meta":{"inline_featured_image":false},"product_brand":[],"product_cat":[1347,1435,1343],"product_tag":[1769,1777,1773,1876,1765],"class_list":{"0":"post-43318","1":"product","2":"type-product","3":"status-publish","4":"has-post-thumbnail","6":"product_cat-accessoires-militaires-de-chasse","7":"product_cat-camping-voyage","8":"product_cat-lampes-lampes-de-poche","9":"product_tag-army-survival-fr","10":"product_tag-camping-voyage","11":"product_tag-chasse-peche","12":"product_tag-projecteurs","13":"product_tag-sport-outdoor-fr","15":"first","16":"instock","17":"taxable","18":"shipping-taxable","19":"purchasable","20":"product-type-simple"},"_links":{"self":[{"href":"https:\/\/metal-badge.ch\/fr\/wp-json\/wp\/v2\/product\/43318","targetHints":{"allow":["GET"]}}],"collection":[{"href":"https:\/\/metal-badge.ch\/fr\/wp-json\/wp\/v2\/product"}],"about":[{"href":"https:\/\/metal-badge.ch\/fr\/wp-json\/wp\/v2\/types\/product"}],"replies":[{"embeddable":true,"href":"https:\/\/metal-badge.ch\/fr\/wp-json\/wp\/v2\/comments?post=43318"}],"wp:featuredmedia":[{"embeddable":true,"href":"https:\/\/metal-badge.ch\/fr\/wp-json\/wp\/v2\/media\/43310"}],"wp:attachment":[{"href":"https:\/\/metal-badge.ch\/fr\/wp-json\/wp\/v2\/media?parent=43318"}],"wp:term":[{"taxonomy":"product_brand","embeddable":true,"href":"https:\/\/metal-badge.ch\/fr\/wp-json\/wp\/v2\/product_brand?post=43318"},{"taxonomy":"product_cat","embeddable":true,"href":"https:\/\/metal-badge.ch\/fr\/wp-json\/wp\/v2\/product_cat?post=43318"},{"taxonomy":"product_tag","embeddable":true,"href":"https:\/\/metal-badge.ch\/fr\/wp-json\/wp\/v2\/product_tag?post=43318"}],"curies":[{"name":"wp","href":"https:\/\/api.w.org\/{rel}","templated":true}]}}