{"id":43307,"date":"2018-02-13T14:16:34","date_gmt":"2018-02-13T14:16:34","guid":{"rendered":"https:\/\/shop.metal-badge.ch\/?product=projecteur-lampe-mobile-1100-lumen-5jg-w051-f-il"},"modified":"2020-08-02T03:24:30","modified_gmt":"2020-08-02T03:24:30","slug":"projecteur-lampe-mobile-1100-lumen-5jg-w051-f-il","status":"publish","type":"product","link":"https:\/\/metal-badge.ch\/fr\/product\/43307\/projecteur-lampe-mobile-1100-lumen-5jg-w051-f-il\/","title":{"rendered":"Projecteur \/ lampe mobile 1100 Lumen, 5JG-W051-F-IL"},"content":{"rendered":"<p>Cette lampe est l&rsquo;accessoire indispensable pour votre prochain voyage de camping.<\/p>\n<p>Un puissant projecteur mobile avec socle, comprenant un c\u00e2ble de recharge pour allume-cigare, un c\u00e2ble de recharge USB et une prise 220 V. La t\u00eate de lampe est<\/p>\n<p>orientable et r\u00e9glable vers le haut et vers le bas. La dur\u00e9e de charge compl\u00e8te de la batterie au lithium est d&rsquo;environ 7 heures pour une dur\u00e9e de fonctionnement de 5 heures. Le projecteur est \u00e9quip\u00e9 d&rsquo;une poign\u00e9e de transport.\u00a0<\/p>\n<p>\u00a0<\/p>\n<p><strong>Informations du produit :<\/strong><br \/>\nMod\u00e8le : Projecteur \/ lampe mobile 5JG-W051-F-IL<br \/>\nPoids : 510 g.<br \/>\n1 c\u00e2ble de chargement pour allume-cigare de 12 V<br \/>\n1 c\u00e2ble de chargement USB<br \/>\n1 prise 220 V<br \/>\nBatterie : Lithium 3.7 V \/ 3600 mA rechargeable<br \/>\nDur\u00e9e de chargement : env. 8 heures<br \/>\nDur\u00e9e de fonctionnement : env. 5 heures<br \/>\nLa t\u00eate de lampe est orientable et r\u00e9glable vers le haut et vers le bas.<br \/>\nDimensions lampe : 10 x 10 cm<br \/>\nType de lampe :\u00a0 LED 3 W \/ 5 pi\u00e8ces<br \/>\nLumen : 1100 LM<br \/>\nPoign\u00e9e de transport<br \/>\nR\u00e9sistant \u00e0 l\u2019eau et \u00e0 la poussi\u00e8re<br \/>\nCouleur : noir<br \/>\nCouleur de la lumi\u00e8re : blanc<br \/>\nMati\u00e8re\u00a0: Aluminium \/ PVC<\/p>\n","protected":false},"excerpt":{"rendered":"<p>Cette lampe est l&rsquo;accessoire indispensable pour votre prochain voyage de camping. Un puissant projecteur mobile avec socle, comprenant un c\u00e2ble de recharge pour allume-cigare, un c\u00e2ble de recharge USB et une prise 220 V. La t\u00eate de lampe est orientable et r\u00e9glable vers le haut et vers le bas. La dur\u00e9e de charge compl\u00e8te de [&hellip;]<\/p>\n","protected":false},"featured_media":88695,"comment_status":"open","ping_status":"closed","template":"","meta":{"inline_featured_image":false},"product_brand":[],"product_cat":[1347,1435,1343],"product_tag":[1769,1777,1773,1876,1765],"class_list":{"0":"post-43307","1":"product","2":"type-product","3":"status-publish","4":"has-post-thumbnail","6":"product_cat-accessoires-militaires-de-chasse","7":"product_cat-camping-voyage","8":"product_cat-lampes-lampes-de-poche","9":"product_tag-army-survival-fr","10":"product_tag-camping-voyage","11":"product_tag-chasse-peche","12":"product_tag-projecteurs","13":"product_tag-sport-outdoor-fr","15":"first","16":"instock","17":"taxable","18":"shipping-taxable","19":"purchasable","20":"product-type-simple"},"_links":{"self":[{"href":"https:\/\/metal-badge.ch\/fr\/wp-json\/wp\/v2\/product\/43307","targetHints":{"allow":["GET"]}}],"collection":[{"href":"https:\/\/metal-badge.ch\/fr\/wp-json\/wp\/v2\/product"}],"about":[{"href":"https:\/\/metal-badge.ch\/fr\/wp-json\/wp\/v2\/types\/product"}],"replies":[{"embeddable":true,"href":"https:\/\/metal-badge.ch\/fr\/wp-json\/wp\/v2\/comments?post=43307"}],"wp:featuredmedia":[{"embeddable":true,"href":"https:\/\/metal-badge.ch\/fr\/wp-json\/wp\/v2\/media\/88695"}],"wp:attachment":[{"href":"https:\/\/metal-badge.ch\/fr\/wp-json\/wp\/v2\/media?parent=43307"}],"wp:term":[{"taxonomy":"product_brand","embeddable":true,"href":"https:\/\/metal-badge.ch\/fr\/wp-json\/wp\/v2\/product_brand?post=43307"},{"taxonomy":"product_cat","embeddable":true,"href":"https:\/\/metal-badge.ch\/fr\/wp-json\/wp\/v2\/product_cat?post=43307"},{"taxonomy":"product_tag","embeddable":true,"href":"https:\/\/metal-badge.ch\/fr\/wp-json\/wp\/v2\/product_tag?post=43307"}],"curies":[{"name":"wp","href":"https:\/\/api.w.org\/{rel}","templated":true}]}}