{"id":43252,"date":"2018-02-13T11:38:09","date_gmt":"2018-02-13T11:38:09","guid":{"rendered":"https:\/\/shop.metal-badge.ch\/?product=lampe-frontale-tzh-1101-jaune"},"modified":"2018-02-13T11:40:31","modified_gmt":"2018-02-13T11:40:31","slug":"lampe-frontale-tzh-1101-jaune","status":"publish","type":"product","link":"https:\/\/metal-badge.ch\/fr\/product\/43252\/lampe-frontale-tzh-1101-jaune\/","title":{"rendered":"Lampe frontale TZH-1101 jaune"},"content":{"rendered":"<p>Cette lampe frontale est \u00e9quip\u00e9e de 4 fonctions de commutation Lumi\u00e8re principale blanc lumineux 160 lumens, lumi\u00e8re tamis\u00e9e blanche pour \u00e9conomiser la batterie, deux DEL rouges et fonction de commutation pour lumi\u00e8re rouge \u00e0 effet stroboscopique. Selon l\u2019angle d\u2019illumination, cette lampe peut \u00eatre inclin\u00e9e vers l\u2019avant, et elle est munie d\u2019un bandeau \u00e9lastique r\u00e9glable. La lampe r\u00e9siste \u00e0 la pluie et aux \u00e9claboussures fortes.<br \/>\n\u00a0<\/p>\n<p><strong>Informations du produit :<\/strong><br \/>\nDEL 160 lumen \u00e0 lumi\u00e8re blanche avec 4 fonctions de commutation<br \/>\nXPE lumi\u00e8re blanche et Cree, 2 DEL \u00e0 lumi\u00e8re rouge<br \/>\nUtilisation de nuit avec les DEL rouges<br \/>\nPiles : 3x AAA\u00a0\u00a0\u00a0\u00a0\u00a0\u00a0\u00a0\u00a0\u00a0\u00a0\u00a0\u00a0\u00a0\u00a0\u00a0\u00a0\u00a0\u00a0\u00a0\u00a0\u00a0\u00a0\u00a0\u00a0\u00a0\u00a0\u00a0\u00a0\u00a0\u00a0\u00a0\u00a0\u00a0\u00a0\u00a0\u00a0\u00a0\u00a0\u00a0\u00a0\u00a0\u00a0\u00a0\u00a0\u00a0\u00a0\u00a0\u00a0\u00a0\u00a0\u00a0\u00a0\u00a0\u00a0\u00a0\u00a0\u00a0\u00a0\u00a0\u00a0\u00a0\u00a0\u00a0\u00a0\u00a0\u00a0\u00a0\u00a0\u00a0\u00a0\u00a0\u00a0\u00a0\u00a0\u00a0\u00a0\u00a0\u00a0\u00a0\u00a0\u00a0\u00a0\u00a0\u00a0\u00a0\u00a0\u00a0\u00a0\u00a0\u00a0\u00a0\u00a0\u00a0\u00a0\u00a0\u00a0\u00a0\u00a0\u00a0\u00a0\u00a0\u00a0\u00a0\u00a0\u00a0\u00a0\u00a0\u00a0\u00a0\u00a0\u00a0<br \/>\nLes piles ne sont pas contenues dans la livraison<br \/>\nBandeau \u00e9lastique r\u00e9glable<br \/>\nL\u2019angle de rayonnement peut \u00eatre inclin\u00e9 vers l&rsquo;avant<br \/>\nR\u00e9siste \u00e0 la pluie et aux \u00e9claboussures fortes.<br \/>\nPoids : 64 g.<br \/>\nCouleur : jaune<br \/>\nDimensions : largeur 60 mm \/ hauteur 45 mm \/ profondeur 60 mm<\/p>\n","protected":false},"excerpt":{"rendered":"<p>Cette lampe frontale est \u00e9quip\u00e9e de 4 fonctions de commutation Lumi\u00e8re principale blanc lumineux 160 lumens, lumi\u00e8re tamis\u00e9e blanche pour \u00e9conomiser la batterie, deux DEL rouges et fonction de commutation pour lumi\u00e8re rouge \u00e0 effet stroboscopique. Selon l\u2019angle d\u2019illumination, cette lampe peut \u00eatre inclin\u00e9e vers l\u2019avant, et elle est munie d\u2019un bandeau \u00e9lastique r\u00e9glable. La [&hellip;]<\/p>\n","protected":false},"featured_media":88705,"comment_status":"open","ping_status":"closed","template":"","meta":{"inline_featured_image":false},"product_brand":[],"product_cat":[1347,1435,1343],"product_tag":[1769,1777,1773,1863,1765],"class_list":{"0":"post-43252","1":"product","2":"type-product","3":"status-publish","4":"has-post-thumbnail","6":"product_cat-accessoires-militaires-de-chasse","7":"product_cat-camping-voyage","8":"product_cat-lampes-lampes-de-poche","9":"product_tag-army-survival-fr","10":"product_tag-camping-voyage","11":"product_tag-chasse-peche","12":"product_tag-lampes-frontale","13":"product_tag-sport-outdoor-fr","15":"first","16":"instock","17":"taxable","18":"shipping-taxable","19":"purchasable","20":"product-type-simple"},"_links":{"self":[{"href":"https:\/\/metal-badge.ch\/fr\/wp-json\/wp\/v2\/product\/43252","targetHints":{"allow":["GET"]}}],"collection":[{"href":"https:\/\/metal-badge.ch\/fr\/wp-json\/wp\/v2\/product"}],"about":[{"href":"https:\/\/metal-badge.ch\/fr\/wp-json\/wp\/v2\/types\/product"}],"replies":[{"embeddable":true,"href":"https:\/\/metal-badge.ch\/fr\/wp-json\/wp\/v2\/comments?post=43252"}],"wp:featuredmedia":[{"embeddable":true,"href":"https:\/\/metal-badge.ch\/fr\/wp-json\/wp\/v2\/media\/88705"}],"wp:attachment":[{"href":"https:\/\/metal-badge.ch\/fr\/wp-json\/wp\/v2\/media?parent=43252"}],"wp:term":[{"taxonomy":"product_brand","embeddable":true,"href":"https:\/\/metal-badge.ch\/fr\/wp-json\/wp\/v2\/product_brand?post=43252"},{"taxonomy":"product_cat","embeddable":true,"href":"https:\/\/metal-badge.ch\/fr\/wp-json\/wp\/v2\/product_cat?post=43252"},{"taxonomy":"product_tag","embeddable":true,"href":"https:\/\/metal-badge.ch\/fr\/wp-json\/wp\/v2\/product_tag?post=43252"}],"curies":[{"name":"wp","href":"https:\/\/api.w.org\/{rel}","templated":true}]}}