{"id":43241,"date":"2018-02-13T10:58:10","date_gmt":"2018-02-13T10:58:10","guid":{"rendered":"https:\/\/shop.metal-badge.ch\/?product=lampe-frontale-avec-3-faisceaux-lumineux"},"modified":"2018-02-13T10:58:31","modified_gmt":"2018-02-13T10:58:31","slug":"lampe-frontale-avec-3-faisceaux-lumineux","status":"publish","type":"product","link":"https:\/\/metal-badge.ch\/fr\/product\/43241\/lampe-frontale-avec-3-faisceaux-lumineux\/","title":{"rendered":"Lampe frontale avec 3 faisceaux lumineux"},"content":{"rendered":"<p>Avec cette lampe frontale DEL, vous avez toujours de la <strong>lumi\u00e8re claire<\/strong> et les mains libres ! Que ce soit pour faire du jogging, du camping, de la p\u00eache, de la randonn\u00e9e ou d\u2019autres activit\u00e9s en ext\u00e9rieur. Lampe frontale tr\u00e8s performante et rechargeable avec plusieurs faisceaux lumineux. Avec sa puissance de 1040 lumen, cette lampe frontale est le nec plus ultra pour les activit\u00e9s en ext\u00e9rieurs exigeantes du point de vue technique ayant lieu dans l\u2019obscurit\u00e9. La lampe est \u00e9quip\u00e9e de 5 fonctions de commutation.<\/p>\n<p>1.\u00a0\u00a0\u00a0 Niveau : Lumi\u00e8re compl\u00e8te, seulement lampe interm\u00e9diaire<br \/>\n2.\u00a0\u00a0\u00a0 Niveau : Uniquement les deux faisceaux des c\u00f4t\u00e9s<br \/>\n3.\u00a0\u00a0\u00a0 Niveau : Les trois faisceaux lumineux ensemble<br \/>\n4.\u00a0\u00a0\u00a0 \u00a0Niveau : Les trois faisceaux lumineux en mode clignotant<br \/>\n5.\u00a0\u00a0\u00a0 Off \/ On<\/p>\n<p>Selon l\u2019angle d\u2019illumination, cette lampe peut \u00eatre inclin\u00e9e vers l\u2019avant, et elle est munie d\u2019un bandeau \u00e9lastique r\u00e9glable. Le bandeau \u00e9lectrique peut \u00eatre r\u00e9gl\u00e9 en haut ou sur le c\u00f4t\u00e9 de la circonf\u00e9rence de la t\u00eate. Les deux batteries rechargeables au lithium de 1500 mAh se trouvent \u00e0 l\u2019arri\u00e8re de la t\u00eate dans un compartiment \u00e9tanche. Le bo\u00eetier en caoutchouc et les pi\u00e8ces en PVC et un aluminium \u00e9vitent l\u2019entr\u00e9e d&rsquo;eau.<\/p>\n<p>\u00a0<\/p>\n<p><strong>Informations du produit :<\/strong><br \/>\nCouleur : noir\/argent\u00e9<br \/>\nPoids : 190 g\u00a0<br \/>\nLumen : 1040 Lumen<br \/>\nDimensions de la lampe : Largeur 85 mm \/ profondeur : 55 mm \/ hauteur milieu 40 mm\u00a0\u00a0\u00a0\u00a0\u00a0\u00a0\u00a0\u00a0\u00a0\u00a0\u00a0\u00a0\u00a0\u00a0\u00a0\u00a0\u00a0\u00a0\u00a0\u00a0\u00a0\u00a0\u00a0\u00a0\u00a0\u00a0\u00a0\u00a0\u00a0\u00a0\u00a0\u00a0\u00a0\u00a0\u00a0\u00a0\u00a0\u00a0\u00a0\u00a0\u00a0\u00a0\u00a0\u00a0\u00a0\u00a0\u00a0\u00a0\u00a0\u00a0\u00a0\u00a0\u00a0\u00a0\u00a0\u00a0\u00a0\u00a0\u00a0\u00a0\u00a0\u00a0\u00a0\u00a0\u00a0\u00a0\u00a0\u00a0\u00a0\u00a0\u00a0\u00a0\u00a0\u00a0\u00a0\u00a0\u00a0\u00a0\u00a0\u00a0\u00a0\u00a0\u00a0\u00a0\u00a0\u00a0\u00a0\u00a0\u00a0\u00a0\u00a0\u00a0\u00a0\u00a0\u00a0\u00a0\u00a0\u00a0\u00a0\u00a0\u00a0\u00a0\u00a0\u00a0\u00a0\u00a0\u00a0\u00a0\u00a0\u00a0\u00a0\u00a0\u00a0\u00a0\u00a0\u00a0\u00a0\u00a0\u00a0\u00a0\u00a0\u00a0\u00a0\u00a0\u00a0\u00a0\u00a0\u00a0\u00a0\u00a0\u00a0\u00a0\u00a0\u00a0 Mati\u00e8re : Bo\u00eetier en caoutchouc, \u00e9l\u00e9ments en PVC et en aluminium<br \/>\nTaille universelle, bandeau r\u00e9glable pour la t\u00eate, rembourrage pour le front<br \/>\nLa livraison comprend deux c\u00e2bles de chargement 1x prise 220 V<br \/>\n1x c\u00e2ble de chargement pour allume-cigares<br \/>\nLa livraison comprend deux batteries rechargeables en lithium-ion de 1500 mAh<br \/>\nBatteries de 3,7 V<br \/>\nLongue autonomie de la batterie : jusqu\u2019\u00e0 12 h<\/p>\n","protected":false},"excerpt":{"rendered":"<p>Avec cette lampe frontale DEL, vous avez toujours de la lumi\u00e8re claire et les mains libres ! Que ce soit pour faire du jogging, du camping, de la p\u00eache, de la randonn\u00e9e ou d\u2019autres activit\u00e9s en ext\u00e9rieur. Lampe frontale tr\u00e8s performante et rechargeable avec plusieurs faisceaux lumineux. Avec sa puissance de 1040 lumen, cette lampe [&hellip;]<\/p>\n","protected":false},"featured_media":88707,"comment_status":"open","ping_status":"closed","template":"","meta":{"inline_featured_image":false},"product_brand":[],"product_cat":[1347,1435,1343],"product_tag":[1769,1777,1773,1863,1765],"class_list":{"0":"post-43241","1":"product","2":"type-product","3":"status-publish","4":"has-post-thumbnail","6":"product_cat-accessoires-militaires-de-chasse","7":"product_cat-camping-voyage","8":"product_cat-lampes-lampes-de-poche","9":"product_tag-army-survival-fr","10":"product_tag-camping-voyage","11":"product_tag-chasse-peche","12":"product_tag-lampes-frontale","13":"product_tag-sport-outdoor-fr","15":"first","16":"instock","17":"taxable","18":"shipping-taxable","19":"purchasable","20":"product-type-simple"},"_links":{"self":[{"href":"https:\/\/metal-badge.ch\/fr\/wp-json\/wp\/v2\/product\/43241","targetHints":{"allow":["GET"]}}],"collection":[{"href":"https:\/\/metal-badge.ch\/fr\/wp-json\/wp\/v2\/product"}],"about":[{"href":"https:\/\/metal-badge.ch\/fr\/wp-json\/wp\/v2\/types\/product"}],"replies":[{"embeddable":true,"href":"https:\/\/metal-badge.ch\/fr\/wp-json\/wp\/v2\/comments?post=43241"}],"wp:featuredmedia":[{"embeddable":true,"href":"https:\/\/metal-badge.ch\/fr\/wp-json\/wp\/v2\/media\/88707"}],"wp:attachment":[{"href":"https:\/\/metal-badge.ch\/fr\/wp-json\/wp\/v2\/media?parent=43241"}],"wp:term":[{"taxonomy":"product_brand","embeddable":true,"href":"https:\/\/metal-badge.ch\/fr\/wp-json\/wp\/v2\/product_brand?post=43241"},{"taxonomy":"product_cat","embeddable":true,"href":"https:\/\/metal-badge.ch\/fr\/wp-json\/wp\/v2\/product_cat?post=43241"},{"taxonomy":"product_tag","embeddable":true,"href":"https:\/\/metal-badge.ch\/fr\/wp-json\/wp\/v2\/product_tag?post=43241"}],"curies":[{"name":"wp","href":"https:\/\/api.w.org\/{rel}","templated":true}]}}