{"id":43230,"date":"2018-02-12T16:41:22","date_gmt":"2018-02-12T16:41:22","guid":{"rendered":"https:\/\/shop.metal-badge.ch\/?product=detecteur-de-metaux-appareil-de-recherche-md-4030"},"modified":"2021-07-13T07:04:11","modified_gmt":"2021-07-13T05:04:11","slug":"detecteur-de-metaux-appareil-de-recherche-md-4030","status":"publish","type":"product","link":"https:\/\/metal-badge.ch\/fr\/product\/43230\/detecteur-de-metaux-appareil-de-recherche-md-4030\/","title":{"rendered":"D\u00e9tecteur de m\u00e9taux &#8211; Appareil de recherche MD-4030"},"content":{"rendered":"<p>Avec un d\u00e9tecteur de m\u00e9taux (aussi appel\u00e9 appareil de recherche de m\u00e9taux ou sonde \u00e0 m\u00e9taux), il est possible de localiser de mani\u00e8re assez exacte des m\u00e9taux souvent enterr\u00e9s. Les d\u00e9tecteurs sont donc souvent utilis\u00e9s pour trouver des choses cach\u00e9es dans la terre, mais aussi sous l\u2019eau. La vari\u00e9t\u00e9 des d\u00e9tecteurs de m\u00e9taux propos\u00e9s sur le march\u00e9 assure qu\u2019il existe un appareil appropri\u00e9 pour presque tous les domaines d\u2019application. Un mouvement de chasseurs de tr\u00e9sors s&rsquo;est par exemple form\u00e9 dans l\u2019espace germanophone et surtout en Europe de l\u2019Est. Les personnes qui le suivent partent r\u00e9guli\u00e8rement \u00e0 la recherche de tr\u00e9sors enfouis. Souvent, en sondant avec un d\u00e9tecteur de m\u00e9taux, on peut faire des d\u00e9couvertes spectaculaires.<\/p>\n<p>Mod\u00e8le pour d\u00e9butants pour la recherche occasionnelle de m\u00e9taux, pi\u00e8ces de monnaie, et autres. Avec r\u00e9glage de la sensibilit\u00e9 et diff\u00e9renciation pour mieux identifier les diff\u00e9rents m\u00e9taux.<\/p>\n<p><strong>Informations du produit : <\/strong><\/p>\n<ul>\n<li>Poids : 950 g<\/li>\n<li>Mati\u00e8re : Plastique ABS + aluminium<\/li>\n<li>Sac : noir avec poign\u00e9e de transport et bretelles avec deux grandes poches ext\u00e9rieures pour diff\u00e9rentes choses<\/li>\n<li>Couleur : noir<\/li>\n<li>R\u00e9glage du volume sonore<\/li>\n<li>R\u00e9glage facile<\/li>\n<li>\u00c9chelle TUNE r\u00e9glable<\/li>\n<li>Sensibilit\u00e9 r\u00e9glable (120 mm pour une pi\u00e8ce de 50 centimes)<\/li>\n<li>Diff\u00e9renciation<\/li>\n<li>Sortie pour \u00e9couteur 3,5 mm<\/li>\n<li>Le compteur VU montre le type de m\u00e9tal<\/li>\n<li>D\u00e9tecteur \u00e9tanche<\/li>\n<li>Hauteur r\u00e9glable<\/li>\n<li>Haut-parleur int\u00e9gr\u00e9<\/li>\n<li>Batteries : 2x bloc 9V<\/li>\n<li>Affichage batterie vide<\/li>\n<li>Support ergonomique r\u00e9glable pour les bras<\/li>\n<li>\u00c9couteurs : compris dans la livraison<\/li>\n<li>Dimensions : Diam\u00e8tre du d\u00e9tecteur 16 cm<\/li>\n<li>Dimensions : Rallonge t\u00e9lescopique de 45 \u00e0 85 cm<\/li>\n<li>Longueur totale : 108 cm<\/li>\n<\/ul>\n<p>Nous proposons en tant qu&rsquo;accessoire id\u00e9al pour ce d\u00e9tecteur de m\u00e9taux :<br \/>\n<strong><span style=\"color: #ff6600;\"><a style=\"color: #ff6600;\" href=\"https:\/\/metal-badge.ch\/fr\/product\/43065\/ensemble-pliant-mini-beche-binette-et-pelle\/\">Ensemble pliant mini b\u00eache, binette et pelle<\/a><\/span><br \/>\n<\/strong>et<strong><br \/>\n<a href=\"https:\/\/metal-badge.ch\/fr\/product\/43208\/pelle-a-sable-pelle-en-plastique\/\"><span style=\"color: #ff6600;\">Pelle \u00e0 sable \/ pelle en plastique<\/span><\/a><\/strong><\/p>\n","protected":false},"excerpt":{"rendered":"<p>Avec un d\u00e9tecteur de m\u00e9taux (aussi appel\u00e9 appareil de recherche de m\u00e9taux ou sonde \u00e0 m\u00e9taux), il est possible de localiser de mani\u00e8re assez exacte des m\u00e9taux souvent enterr\u00e9s. Les d\u00e9tecteurs sont donc souvent utilis\u00e9s pour trouver des choses cach\u00e9es dans la terre, mais aussi sous l\u2019eau. La vari\u00e9t\u00e9 des d\u00e9tecteurs de m\u00e9taux propos\u00e9s sur le march\u00e9 assure qu\u2019il existe un appareil appropri\u00e9 pour presque tous les domaines d\u2019application. Un mouvement de chasseurs de tr\u00e9sors s&rsquo;est par exemple form\u00e9 dans l\u2019espace germanophone et surtout en Europe de l\u2019Est. Les personnes qui le suivent partent r\u00e9guli\u00e8rement \u00e0 la recherche de tr\u00e9sors enfouis. Souvent, en sondant avec un d\u00e9tecteur de m\u00e9taux, on peut faire des d\u00e9couvertes spectaculaires.<\/p>\n","protected":false},"featured_media":88709,"comment_status":"open","ping_status":"closed","template":"","meta":{"inline_featured_image":false},"product_brand":[],"product_cat":[1718],"product_tag":[1769,1781,1765],"class_list":{"0":"post-43230","1":"product","2":"type-product","3":"status-publish","4":"has-post-thumbnail","6":"product_cat-rechercher-des-appareils-des-detecteurs-de-metaux","7":"product_tag-army-survival-fr","8":"product_tag-police-securite","9":"product_tag-sport-outdoor-fr","11":"first","12":"instock","13":"taxable","14":"shipping-taxable","15":"purchasable","16":"product-type-simple"},"_links":{"self":[{"href":"https:\/\/metal-badge.ch\/fr\/wp-json\/wp\/v2\/product\/43230","targetHints":{"allow":["GET"]}}],"collection":[{"href":"https:\/\/metal-badge.ch\/fr\/wp-json\/wp\/v2\/product"}],"about":[{"href":"https:\/\/metal-badge.ch\/fr\/wp-json\/wp\/v2\/types\/product"}],"replies":[{"embeddable":true,"href":"https:\/\/metal-badge.ch\/fr\/wp-json\/wp\/v2\/comments?post=43230"}],"wp:featuredmedia":[{"embeddable":true,"href":"https:\/\/metal-badge.ch\/fr\/wp-json\/wp\/v2\/media\/88709"}],"wp:attachment":[{"href":"https:\/\/metal-badge.ch\/fr\/wp-json\/wp\/v2\/media?parent=43230"}],"wp:term":[{"taxonomy":"product_brand","embeddable":true,"href":"https:\/\/metal-badge.ch\/fr\/wp-json\/wp\/v2\/product_brand?post=43230"},{"taxonomy":"product_cat","embeddable":true,"href":"https:\/\/metal-badge.ch\/fr\/wp-json\/wp\/v2\/product_cat?post=43230"},{"taxonomy":"product_tag","embeddable":true,"href":"https:\/\/metal-badge.ch\/fr\/wp-json\/wp\/v2\/product_tag?post=43230"}],"curies":[{"name":"wp","href":"https:\/\/api.w.org\/{rel}","templated":true}]}}