{"id":43219,"date":"2018-02-12T16:07:35","date_gmt":"2018-02-12T16:07:35","guid":{"rendered":"https:\/\/shop.metal-badge.ch\/?product=detecteur-de-metaux-appareil-de-recherche-md-3500"},"modified":"2021-07-13T06:47:48","modified_gmt":"2021-07-13T04:47:48","slug":"detecteur-de-metaux-appareil-de-recherche-md-3500","status":"publish","type":"product","link":"https:\/\/metal-badge.ch\/fr\/product\/43219\/detecteur-de-metaux-appareil-de-recherche-md-3500\/","title":{"rendered":"D\u00e9tecteur de m\u00e9taux &#8211; Appareil de recherche MD-3500"},"content":{"rendered":"<p>L\u2019appareil de d\u00e9tection de m\u00e9taux MD-3500 comporte un grand \u00e9cran LC bien visible permettant entre autres de lire la profondeur de l\u2019objet d\u00e9tect\u00e9. En outre, il comprend un diff\u00e9renciateur audio avec 3 sons diff\u00e9rents pour les diff\u00e9rents types de m\u00e9taux. La fonction notch filtre les petites particules de fer comme les aiguilles, les bouchons m\u00e9talliques, etc., et ne signale que les m\u00e9taux nobles et les objets de valeur gr\u00e2ce au diff\u00e9renciateur et au r\u00e9glage des fonctions Disc et Notch.<\/p>\n<p><strong>Informations du produit : <\/strong><\/p>\n<ul>\n<li>Poids : 1280 g<\/li>\n<li>Mati\u00e8re : Aluminium + plastique ABS<\/li>\n<li>Sac : noir avec poign\u00e9e de transport et bretelles, deux grandes poches ext\u00e9rieures pour diff\u00e9rentes choses<\/li>\n<li>Couleur : noir<\/li>\n<li>Grand \u00e9cran LC<\/li>\n<li>Affichage de la profondeur avec 12 segments<\/li>\n<li>Diff\u00e9renciation \u00e0 3 tons<\/li>\n<li>D\u00e9tecteur \u00e9tanche<\/li>\n<li>\u00c9cran LC 80 x 45 mm<\/li>\n<li>3 r\u00e9glages de recherche : Tout m\u00e9tallique, diff\u00e9renciation, notch<\/li>\n<li>Diff\u00e9renciations \u00e0 3 sons<\/li>\n<li>Sensibilit\u00e9 r\u00e9glable \u00e0 10 niveaux<\/li>\n<li>Affichage de la profondeur avec 12 segments<\/li>\n<li>Sortie \u00e9couteurs 3,5 mm<\/li>\n<li>Hauteur r\u00e9glable<\/li>\n<li>Volume sonore r\u00e9glable<\/li>\n<li>R\u00e9glage facile<\/li>\n<li>Haut-parleur int\u00e9gr\u00e9<\/li>\n<li>Affichage de batterie faible<\/li>\n<li>Accoudoir ergonomique et confortable<\/li>\n<li>Type d\u2019affichage : LCD num\u00e9rique acoustique<\/li>\n<li>Profondeur max de recherche 15 cm<\/li>\n<li>Dimensions : Diam\u00e8tre du d\u00e9tecteur 21 cm<\/li>\n<li>Piles : 2 piles Block 9V<\/li>\n<li>Diff\u00e9renciation<\/li>\n<li>\u00c9couteurs : ces \u00e9couteurs sont fournis dans la livraison<\/li>\n<li>Affichage de la profondeur pour les pi\u00e8ces de monnaie<\/li>\n<li>Haut-parleur int\u00e9gr\u00e9<\/li>\n<li>Le compteur VU indique le type de m\u00e9tal<\/li>\n<li>Instructions d\u2019utilisation<\/li>\n<\/ul>\n<p>Nous proposons en tant qu&rsquo;accessoire id\u00e9al pour ce d\u00e9tecteur de m\u00e9taux :<br \/>\n<strong><span style=\"color: #ff6600;\"><a style=\"color: #ff6600;\" href=\"https:\/\/metal-badge.ch\/fr\/product\/43065\/ensemble-pliant-mini-beche-binette-et-pelle\/\">Ensemble pliant mini b\u00eache, binette et pelle<\/a><\/span><br \/>\n<\/strong>et<strong><br \/>\n<span style=\"color: #ff6600;\"><a style=\"color: #ff6600;\" href=\"https:\/\/metal-badge.ch\/fr\/product\/43208\/pelle-a-sable-pelle-en-plastique\/\">Pelle \u00e0 sable \/ pelle en plastique<\/a><\/span><\/strong><\/p>\n","protected":false},"excerpt":{"rendered":"<p>L\u2019appareil de d\u00e9tection de m\u00e9taux MD-3500 comporte un grand \u00e9cran LC bien visible permettant entre autres de lire la profondeur de l\u2019objet d\u00e9tect\u00e9. En outre, il comprend un diff\u00e9renciateur audio avec 3 sons diff\u00e9rents pour les diff\u00e9rents types de m\u00e9taux. La fonction notch filtre les petites particules de fer comme les aiguilles, les bouchons m\u00e9talliques, etc., et ne signale que les m\u00e9taux nobles et les objets de valeur gr\u00e2ce au diff\u00e9renciateur et au r\u00e9glage des fonctions Disc et Notch.<\/p>\n","protected":false},"featured_media":88711,"comment_status":"open","ping_status":"closed","template":"","meta":{"inline_featured_image":false},"product_brand":[],"product_cat":[1718],"product_tag":[1769,1781,1765],"class_list":{"0":"post-43219","1":"product","2":"type-product","3":"status-publish","4":"has-post-thumbnail","6":"product_cat-rechercher-des-appareils-des-detecteurs-de-metaux","7":"product_tag-army-survival-fr","8":"product_tag-police-securite","9":"product_tag-sport-outdoor-fr","11":"first","12":"instock","13":"taxable","14":"shipping-taxable","15":"purchasable","16":"product-type-simple"},"_links":{"self":[{"href":"https:\/\/metal-badge.ch\/fr\/wp-json\/wp\/v2\/product\/43219","targetHints":{"allow":["GET"]}}],"collection":[{"href":"https:\/\/metal-badge.ch\/fr\/wp-json\/wp\/v2\/product"}],"about":[{"href":"https:\/\/metal-badge.ch\/fr\/wp-json\/wp\/v2\/types\/product"}],"replies":[{"embeddable":true,"href":"https:\/\/metal-badge.ch\/fr\/wp-json\/wp\/v2\/comments?post=43219"}],"wp:featuredmedia":[{"embeddable":true,"href":"https:\/\/metal-badge.ch\/fr\/wp-json\/wp\/v2\/media\/88711"}],"wp:attachment":[{"href":"https:\/\/metal-badge.ch\/fr\/wp-json\/wp\/v2\/media?parent=43219"}],"wp:term":[{"taxonomy":"product_brand","embeddable":true,"href":"https:\/\/metal-badge.ch\/fr\/wp-json\/wp\/v2\/product_brand?post=43219"},{"taxonomy":"product_cat","embeddable":true,"href":"https:\/\/metal-badge.ch\/fr\/wp-json\/wp\/v2\/product_cat?post=43219"},{"taxonomy":"product_tag","embeddable":true,"href":"https:\/\/metal-badge.ch\/fr\/wp-json\/wp\/v2\/product_tag?post=43219"}],"curies":[{"name":"wp","href":"https:\/\/api.w.org\/{rel}","templated":true}]}}