{"id":43197,"date":"2018-02-12T14:32:01","date_gmt":"2018-02-12T14:32:01","guid":{"rendered":"https:\/\/shop.metal-badge.ch\/?product=detecteur-de-metaux-appareil-de-recherche-md-3010"},"modified":"2021-07-13T06:14:01","modified_gmt":"2021-07-13T04:14:01","slug":"detecteur-de-metaux-appareil-de-recherche-md-3010","status":"publish","type":"product","link":"https:\/\/metal-badge.ch\/fr\/product\/43197\/detecteur-de-metaux-appareil-de-recherche-md-3010\/","title":{"rendered":"D\u00e9tecteur de m\u00e9taux &#8211; Appareil de recherche MD-3010"},"content":{"rendered":"<p>Avec un d\u00e9tecteur de m\u00e9taux (aussi appel\u00e9 appareil de recherche de m\u00e9taux ou sonde \u00e0 m\u00e9taux), il est possible de localiser de mani\u00e8re assez exacte des m\u00e9taux souvent enterr\u00e9s. Les d\u00e9tecteurs sont donc souvent utilis\u00e9s pour trouver des choses cach\u00e9es dans la terre, mais aussi sous l\u2019eau. La vari\u00e9t\u00e9 des d\u00e9tecteurs de m\u00e9taux propos\u00e9s sur le march\u00e9 assure qu\u2019il existe un appareil appropri\u00e9 pour presque tous les domaines d\u2019application. Le d\u00e9tecteur se distingue par son design remarquable et constitue l\u2019appareil optimal pour les chercheurs de tr\u00e9sor amateurs avec des exigences importantes. Nombreuses caract\u00e9ristiques techniques que peu de d\u00e9tecteurs de cette classe de prix poss\u00e8dent. Utilisation simple avec une sonde de recherche tr\u00e8s solide et \u00e9tanche.<\/p>\n<p><strong>Informations du produit : <\/strong><\/p>\n<ul>\n<li>Poids : 1090 g<\/li>\n<li>Mati\u00e8re : Plastique ABS + aluminium<\/li>\n<li>Sac : noir avec poign\u00e9e de transport et bretelles avec deux grandes poches ext\u00e9rieures pour diff\u00e9rentes choses<\/li>\n<li>Couleur : noir \/ jaune<\/li>\n<li>R\u00e9glage du volume sonore<\/li>\n<li>Indication de profondeur pour les pi\u00e8ces de monnaie<\/li>\n<li>Diff\u00e9rence de son \u00e0 3 niveaux<\/li>\n<li>R\u00e9glage facile<\/li>\n<li>\u00c9chelle TUNE r\u00e9glable<\/li>\n<li>Sensibilit\u00e9 r\u00e9glable (120 mm pour une pi\u00e8ce de 50 centimes)<\/li>\n<li>Diff\u00e9renciation<\/li>\n<li>Sortie pour \u00e9couteur 3,5 mm<\/li>\n<li>Le compteur VU montre le type de m\u00e9tal<\/li>\n<li>D\u00e9tecteur \u00e9tanche<\/li>\n<li>Hauteur r\u00e9glable<\/li>\n<li>Haut-parleur int\u00e9gr\u00e9<\/li>\n<li>Batteries : 6 piles alcalines AA 1,5 V<\/li>\n<li>Affichage batterie vide<\/li>\n<li>Support ergonomique pour les bras<\/li>\n<li>\u00c9couteurs : compris dans la livraison<\/li>\n<li>Dimensions : Diam\u00e8tre du d\u00e9tecteur 20 cm<\/li>\n<li>Dimensions : Rallonge t\u00e9lescopique de 105 \u00e0 137 cm<\/li>\n<li>Manuel d\u2019utilisation<\/li>\n<li>Longueur totale : 137 cm<\/li>\n<\/ul>\n<p>Nous proposons en tant qu&rsquo;accessoire id\u00e9al pour ce d\u00e9tecteur de m\u00e9taux :<\/p>\n<p><strong><a href=\"https:\/\/metal-badge.ch\/fr\/product\/43065\/ensemble-pliant-mini-beche-binette-et-pelle\/\"><span style=\"color: #ff6600;\">Ensemble pliant mini b\u00eache, binette et pelle<\/span><\/a><br \/>\n<\/strong>et<br \/>\n<span style=\"color: #ff6600;\"><a style=\"color: #ff6600;\" href=\"https:\/\/metal-badge.ch\/fr\/product\/43208\/pelle-a-sable-pelle-en-plastique\/\"><strong>Pelle \u00e0 sable \/ pelle en plastique<\/strong><\/a><\/span><\/p>\n","protected":false},"excerpt":{"rendered":"<p>Avec un d\u00e9tecteur de m\u00e9taux (aussi appel\u00e9 appareil de recherche de m\u00e9taux ou sonde \u00e0 m\u00e9taux), il est possible de localiser de mani\u00e8re assez exacte des m\u00e9taux souvent enterr\u00e9s. Les d\u00e9tecteurs sont donc souvent utilis\u00e9s pour trouver des choses cach\u00e9es dans la terre, mais aussi sous l\u2019eau. La vari\u00e9t\u00e9 des d\u00e9tecteurs de m\u00e9taux propos\u00e9s sur le march\u00e9 assure qu\u2019il existe un appareil appropri\u00e9 pour presque tous les domaines d\u2019application.<\/p>\n","protected":false},"featured_media":88715,"comment_status":"open","ping_status":"closed","template":"","meta":{"inline_featured_image":false},"product_brand":[],"product_cat":[1718],"product_tag":[1769,1781,1765],"class_list":{"0":"post-43197","1":"product","2":"type-product","3":"status-publish","4":"has-post-thumbnail","6":"product_cat-rechercher-des-appareils-des-detecteurs-de-metaux","7":"product_tag-army-survival-fr","8":"product_tag-police-securite","9":"product_tag-sport-outdoor-fr","11":"first","12":"instock","13":"taxable","14":"shipping-taxable","15":"purchasable","16":"product-type-simple"},"_links":{"self":[{"href":"https:\/\/metal-badge.ch\/fr\/wp-json\/wp\/v2\/product\/43197","targetHints":{"allow":["GET"]}}],"collection":[{"href":"https:\/\/metal-badge.ch\/fr\/wp-json\/wp\/v2\/product"}],"about":[{"href":"https:\/\/metal-badge.ch\/fr\/wp-json\/wp\/v2\/types\/product"}],"replies":[{"embeddable":true,"href":"https:\/\/metal-badge.ch\/fr\/wp-json\/wp\/v2\/comments?post=43197"}],"wp:featuredmedia":[{"embeddable":true,"href":"https:\/\/metal-badge.ch\/fr\/wp-json\/wp\/v2\/media\/88715"}],"wp:attachment":[{"href":"https:\/\/metal-badge.ch\/fr\/wp-json\/wp\/v2\/media?parent=43197"}],"wp:term":[{"taxonomy":"product_brand","embeddable":true,"href":"https:\/\/metal-badge.ch\/fr\/wp-json\/wp\/v2\/product_brand?post=43197"},{"taxonomy":"product_cat","embeddable":true,"href":"https:\/\/metal-badge.ch\/fr\/wp-json\/wp\/v2\/product_cat?post=43197"},{"taxonomy":"product_tag","embeddable":true,"href":"https:\/\/metal-badge.ch\/fr\/wp-json\/wp\/v2\/product_tag?post=43197"}],"curies":[{"name":"wp","href":"https:\/\/api.w.org\/{rel}","templated":true}]}}