{"id":43167,"date":"2018-02-12T11:32:13","date_gmt":"2018-02-12T11:32:13","guid":{"rendered":"https:\/\/shop.metal-badge.ch\/?product=stylo-tactique-sifflet-durgence-am-26-gris"},"modified":"2018-02-12T11:32:40","modified_gmt":"2018-02-12T11:32:40","slug":"stylo-tactique-sifflet-durgence-am-26-gris","status":"publish","type":"product","link":"https:\/\/metal-badge.ch\/fr\/product\/43167\/stylo-tactique-sifflet-durgence-am-26-gris\/","title":{"rendered":"Stylo tactique, sifflet d\u2019urgence AM 26, gris"},"content":{"rendered":"<p>Ce kit de survie tr\u00e8s solide \u00e0 4 parties est un objet tout-en-un. Il est compos\u00e9 d\u2019un sifflet d\u2019urgence avec un son clair et bien sonore. Il contient \u00e9galement un silex en magn\u00e9sium ainsi qu\u2019une mini-boussole. Une petite lame de coupe se trouve \u00e9galement \u00e0 l\u2019int\u00e9rieur.<\/p>\n<p>Ce mod\u00e8le de grande qualit\u00e9 est livr\u00e9e avec une bo\u00eete cadeau.<\/p>\n<p>\u00a0<\/p>\n<p><strong>Description du produit\u00a0:<\/strong><br \/>\nCouleur : gris<br \/>\nPoids : 21 g<br \/>\nDimensions : Longueur 11 cm<br \/>\nKit de 4 pi\u00e8ces compos\u00e9 de :<br \/>\nSifflet<br \/>\nSilex en magn\u00e9sium et tampon de coton<br \/>\nBoussole<br \/>\nAnneau en D pour porte-cl\u00e9 \/ Support<br \/>\nPetite lame de coupe<br \/>\nMati\u00e8re : M\u00e9tal durci \/ aluminium durci<br \/>\nBo\u00eete cadeau<\/p>\n","protected":false},"excerpt":{"rendered":"<p>Ce kit de survie tr\u00e8s solide \u00e0 4 parties est un objet tout-en-un. Il est compos\u00e9 d\u2019un sifflet d\u2019urgence avec un son clair et bien sonore. Il contient \u00e9galement un silex en magn\u00e9sium ainsi qu\u2019une mini-boussole. Une petite lame de coupe se trouve \u00e9galement \u00e0 l\u2019int\u00e9rieur. Ce mod\u00e8le de grande qualit\u00e9 est livr\u00e9e avec une [&hellip;]<\/p>\n","protected":false},"featured_media":88721,"comment_status":"open","ping_status":"closed","template":"","meta":{"inline_featured_image":false},"product_brand":[],"product_cat":[1662,1714],"product_tag":[1769,1777,1773,1781,1765],"class_list":{"0":"post-43167","1":"product","2":"type-product","3":"status-publish","4":"has-post-thumbnail","6":"product_cat-kubotan-fr","7":"product_cat-sifflets-davertissement-de-signalisation","8":"product_tag-army-survival-fr","9":"product_tag-camping-voyage","10":"product_tag-chasse-peche","11":"product_tag-police-securite","12":"product_tag-sport-outdoor-fr","14":"first","15":"instock","16":"taxable","17":"shipping-taxable","18":"purchasable","19":"product-type-simple"},"_links":{"self":[{"href":"https:\/\/metal-badge.ch\/fr\/wp-json\/wp\/v2\/product\/43167","targetHints":{"allow":["GET"]}}],"collection":[{"href":"https:\/\/metal-badge.ch\/fr\/wp-json\/wp\/v2\/product"}],"about":[{"href":"https:\/\/metal-badge.ch\/fr\/wp-json\/wp\/v2\/types\/product"}],"replies":[{"embeddable":true,"href":"https:\/\/metal-badge.ch\/fr\/wp-json\/wp\/v2\/comments?post=43167"}],"wp:featuredmedia":[{"embeddable":true,"href":"https:\/\/metal-badge.ch\/fr\/wp-json\/wp\/v2\/media\/88721"}],"wp:attachment":[{"href":"https:\/\/metal-badge.ch\/fr\/wp-json\/wp\/v2\/media?parent=43167"}],"wp:term":[{"taxonomy":"product_brand","embeddable":true,"href":"https:\/\/metal-badge.ch\/fr\/wp-json\/wp\/v2\/product_brand?post=43167"},{"taxonomy":"product_cat","embeddable":true,"href":"https:\/\/metal-badge.ch\/fr\/wp-json\/wp\/v2\/product_cat?post=43167"},{"taxonomy":"product_tag","embeddable":true,"href":"https:\/\/metal-badge.ch\/fr\/wp-json\/wp\/v2\/product_tag?post=43167"}],"curies":[{"name":"wp","href":"https:\/\/api.w.org\/{rel}","templated":true}]}}