{"id":43103,"date":"2018-02-08T11:23:16","date_gmt":"2018-02-08T11:23:16","guid":{"rendered":"https:\/\/shop.metal-badge.ch\/?product=porte-cles-mp9-mousquetons-avec-verrouillage-canif-et-tournevis"},"modified":"2018-02-08T11:35:31","modified_gmt":"2018-02-08T11:35:31","slug":"porte-cles-mp9-mousquetons-avec-verrouillage-canif-et-tournevis","status":"publish","type":"product","link":"https:\/\/metal-badge.ch\/fr\/product\/43103\/porte-cles-mp9-mousquetons-avec-verrouillage-canif-et-tournevis\/","title":{"rendered":"Porte-cl\u00e9s MP9 mousquetons avec verrouillage, canif et tournevis"},"content":{"rendered":"<p>Le mousqueton vissable verrouillable comprend un canif en acier AISI 420 anti-oxydable int\u00e9gr\u00e9 ainsi qu\u2019un tournevis et un tournevis Philipps. Le canif peut \u00eatre utilis\u00e9 \u00e0 une main et verrouill\u00e9 quand il est sorti.<\/p>\n<p>Ce mousqueton n&rsquo;est pas adapt\u00e9 \u00e0 la pratique de l&rsquo;escalade.<\/p>\n<p>\u00a0<\/p>\n<p><strong>Informations du produit : <\/strong><\/p>\n<p>Couleur : noir<br \/>\nPoids : 76 g<br \/>\nCanif acier 420<br \/>\nLongueur de la lame 8 cm<br \/>\nLongueur totale 17,5 cm<br \/>\nLongueur : Mousqueton 11 cm<br \/>\n\u00a0<\/p>\n","protected":false},"excerpt":{"rendered":"<p>Le mousqueton vissable verrouillable comprend un canif en acier AISI 420 anti-oxydable int\u00e9gr\u00e9 ainsi qu\u2019un tournevis et un tournevis Philipps. Le canif peut \u00eatre utilis\u00e9 \u00e0 une main et verrouill\u00e9 quand il est sorti. Ce mousqueton n&rsquo;est pas adapt\u00e9 \u00e0 la pratique de l&rsquo;escalade. \u00a0 Informations du produit : Couleur : noir Poids : 76 [&hellip;]<\/p>\n","protected":false},"featured_media":88731,"comment_status":"open","ping_status":"closed","template":"","meta":{"inline_featured_image":false},"product_brand":[],"product_cat":[1347,1678,951,1035],"product_tag":[1769,1777,1773,1781,1765],"class_list":{"0":"post-43103","1":"product","2":"type-product","3":"status-publish","4":"has-post-thumbnail","6":"product_cat-accessoires-militaires-de-chasse","7":"product_cat-cordes-securite","8":"product_cat-porte-cles-mousqueton","9":"product_cat-couteaux-machettes","10":"product_tag-army-survival-fr","11":"product_tag-camping-voyage","12":"product_tag-chasse-peche","13":"product_tag-police-securite","14":"product_tag-sport-outdoor-fr","16":"first","17":"instock","18":"taxable","19":"shipping-taxable","20":"purchasable","21":"product-type-simple"},"_links":{"self":[{"href":"https:\/\/metal-badge.ch\/fr\/wp-json\/wp\/v2\/product\/43103","targetHints":{"allow":["GET"]}}],"collection":[{"href":"https:\/\/metal-badge.ch\/fr\/wp-json\/wp\/v2\/product"}],"about":[{"href":"https:\/\/metal-badge.ch\/fr\/wp-json\/wp\/v2\/types\/product"}],"replies":[{"embeddable":true,"href":"https:\/\/metal-badge.ch\/fr\/wp-json\/wp\/v2\/comments?post=43103"}],"wp:featuredmedia":[{"embeddable":true,"href":"https:\/\/metal-badge.ch\/fr\/wp-json\/wp\/v2\/media\/88731"}],"wp:attachment":[{"href":"https:\/\/metal-badge.ch\/fr\/wp-json\/wp\/v2\/media?parent=43103"}],"wp:term":[{"taxonomy":"product_brand","embeddable":true,"href":"https:\/\/metal-badge.ch\/fr\/wp-json\/wp\/v2\/product_brand?post=43103"},{"taxonomy":"product_cat","embeddable":true,"href":"https:\/\/metal-badge.ch\/fr\/wp-json\/wp\/v2\/product_cat?post=43103"},{"taxonomy":"product_tag","embeddable":true,"href":"https:\/\/metal-badge.ch\/fr\/wp-json\/wp\/v2\/product_tag?post=43103"}],"curies":[{"name":"wp","href":"https:\/\/api.w.org\/{rel}","templated":true}]}}