{"id":43093,"date":"2018-02-07T16:20:36","date_gmt":"2018-02-07T16:20:36","guid":{"rendered":"https:\/\/shop.metal-badge.ch\/?product=aide-a-lescalade-pour-la-chasse-cranky"},"modified":"2020-11-06T12:50:46","modified_gmt":"2020-11-06T11:50:46","slug":"aide-a-lescalade-pour-la-chasse-cranky","status":"publish","type":"product","link":"https:\/\/metal-badge.ch\/fr\/product\/43093\/aide-a-lescalade-pour-la-chasse-cranky\/","title":{"rendered":"Aide \u00e0 l&rsquo;escalade pour la chasse Cranky"},"content":{"rendered":"<p>Id\u00e9al pour les aff\u00fbts perch\u00e9s ou si vous voulez grimper \u00e0 un arbre sans \u00e9chelle ni corde. L&rsquo;aide \u00e0 l&rsquo;escalade en acier tremp\u00e9 est efficace, s\u00fbre et facile \u00e0 utiliser. Les marches peuvent remplacer une \u00e9chelle en la tordant simplement dans l&rsquo;arbre. Vous n&rsquo;avez pas besoin d&rsquo;outils suppl\u00e9mentaires pour ins\u00e9rer ces marches. Il suffit de le poser l&rsquo;accessoire et de tourner \u00e0 la main. Cette aide \u00e0 l&rsquo;escalade se fixe en quelques secondes.<\/p>\n<p>\u00a0<\/p>\n<p><strong>Informations du produit :<\/strong><br \/>\nPoids : 285 g par pi\u00e8ce<br \/>\nMat\u00e9riau : acier durci<br \/>\nCouleur : noir<br \/>\nDimensions : Marche \/ support 14 cm<br \/>\nHauteur : 11 cm<br \/>\nLongueur de la vis : 5,4 cm\u00a0\u00a0\u00a0\u00a0\u00a0\u00a0\u00a0\u00a0\u00a0\u00a0\u00a0\u00a0\u00a0\u00a0\u00a0\u00a0\u00a0\u00a0<\/p>\n","protected":false},"excerpt":{"rendered":"<p>Id\u00e9al pour les aff\u00fbts perch\u00e9s ou si vous voulez grimper \u00e0 un arbre sans \u00e9chelle ni corde. L&rsquo;aide \u00e0 l&rsquo;escalade en acier tremp\u00e9 est efficace, s\u00fbre et facile \u00e0 utiliser. Les marches peuvent remplacer une \u00e9chelle en la tordant simplement dans l&rsquo;arbre. Vous n&rsquo;avez pas besoin d&rsquo;outils suppl\u00e9mentaires pour ins\u00e9rer ces marches. Il suffit de [&hellip;]<\/p>\n","protected":false},"featured_media":43086,"comment_status":"open","ping_status":"closed","template":"","meta":{"inline_featured_image":false},"product_brand":[],"product_cat":[1347,1435],"product_tag":[1769,1777,1773],"class_list":{"0":"post-43093","1":"product","2":"type-product","3":"status-publish","4":"has-post-thumbnail","6":"product_cat-accessoires-militaires-de-chasse","7":"product_cat-camping-voyage","8":"product_tag-army-survival-fr","9":"product_tag-camping-voyage","10":"product_tag-chasse-peche","12":"first","13":"instock","14":"taxable","15":"shipping-taxable","16":"purchasable","17":"product-type-simple"},"_links":{"self":[{"href":"https:\/\/metal-badge.ch\/fr\/wp-json\/wp\/v2\/product\/43093","targetHints":{"allow":["GET"]}}],"collection":[{"href":"https:\/\/metal-badge.ch\/fr\/wp-json\/wp\/v2\/product"}],"about":[{"href":"https:\/\/metal-badge.ch\/fr\/wp-json\/wp\/v2\/types\/product"}],"replies":[{"embeddable":true,"href":"https:\/\/metal-badge.ch\/fr\/wp-json\/wp\/v2\/comments?post=43093"}],"wp:featuredmedia":[{"embeddable":true,"href":"https:\/\/metal-badge.ch\/fr\/wp-json\/wp\/v2\/media\/43086"}],"wp:attachment":[{"href":"https:\/\/metal-badge.ch\/fr\/wp-json\/wp\/v2\/media?parent=43093"}],"wp:term":[{"taxonomy":"product_brand","embeddable":true,"href":"https:\/\/metal-badge.ch\/fr\/wp-json\/wp\/v2\/product_brand?post=43093"},{"taxonomy":"product_cat","embeddable":true,"href":"https:\/\/metal-badge.ch\/fr\/wp-json\/wp\/v2\/product_cat?post=43093"},{"taxonomy":"product_tag","embeddable":true,"href":"https:\/\/metal-badge.ch\/fr\/wp-json\/wp\/v2\/product_tag?post=43093"}],"curies":[{"name":"wp","href":"https:\/\/api.w.org\/{rel}","templated":true}]}}