{"id":43083,"date":"2018-02-07T16:07:46","date_gmt":"2018-02-07T16:07:46","guid":{"rendered":"https:\/\/shop.metal-badge.ch\/?product=mousqueton-en-forme-de-poire-avec-fermeture-vissee-argente"},"modified":"2020-08-02T03:22:31","modified_gmt":"2020-08-02T03:22:31","slug":"mousqueton-en-forme-de-poire-avec-fermeture-vissee-argente","status":"publish","type":"product","link":"https:\/\/metal-badge.ch\/fr\/product\/43083\/mousqueton-en-forme-de-poire-avec-fermeture-vissee-argente\/","title":{"rendered":"Mousqueton en forme de poire avec fermeture viss\u00e9e argent\u00e9"},"content":{"rendered":"<p>Mousqueton en forme de poire avec fermeture viss\u00e9e en acier inoxydable.<\/p>\n<p>\n<strong>Domaines d&rsquo;utilisation :<\/strong><\/p>\n<ul>\n<li>Sp\u00e9l\u00e9ologie<\/li>\n<li>Parcs d&rsquo;escalade<\/li>\n<li>Parcours de cordes<\/li>\n<li>Escalade industrielle<\/li>\n<li>Ascension des arbres<\/li>\n<li>S\u00e9curit\u00e9 personnelle pendant les travaux de r\u00e9paration.<\/li>\n<\/ul>\n<p>\n<strong>Description du produit\u00a0:<\/strong><br \/>\nPoids : 118 g.<br \/>\nCouleur : argent\u00e9<br \/>\nMati\u00e8re : Acier inoxydable<br \/>\nFermeture viss\u00e9e<br \/>\nTaille : 10 cm x 4,5 cm<\/p>\n","protected":false},"excerpt":{"rendered":"<p>Mousqueton en forme de poire avec fermeture viss\u00e9e en acier inoxydable. Domaines d&rsquo;utilisation : Sp\u00e9l\u00e9ologie Parcs d&rsquo;escalade Parcours de cordes Escalade industrielle Ascension des arbres S\u00e9curit\u00e9 personnelle pendant les travaux de r\u00e9paration. Description du produit\u00a0: Poids : 118 g. Couleur : argent\u00e9 Mati\u00e8re : Acier inoxydable Fermeture viss\u00e9e Taille : 10 cm x 4,5 cm<\/p>\n","protected":false},"featured_media":88733,"comment_status":"open","ping_status":"closed","template":"","meta":{"inline_featured_image":false},"product_brand":[],"product_cat":[1347,1435,1678],"product_tag":[1769,1777,1773,1765],"class_list":{"0":"post-43083","1":"product","2":"type-product","3":"status-publish","4":"has-post-thumbnail","6":"product_cat-accessoires-militaires-de-chasse","7":"product_cat-camping-voyage","8":"product_cat-cordes-securite","9":"product_tag-army-survival-fr","10":"product_tag-camping-voyage","11":"product_tag-chasse-peche","12":"product_tag-sport-outdoor-fr","14":"first","15":"instock","16":"taxable","17":"shipping-taxable","18":"purchasable","19":"product-type-simple"},"_links":{"self":[{"href":"https:\/\/metal-badge.ch\/fr\/wp-json\/wp\/v2\/product\/43083","targetHints":{"allow":["GET"]}}],"collection":[{"href":"https:\/\/metal-badge.ch\/fr\/wp-json\/wp\/v2\/product"}],"about":[{"href":"https:\/\/metal-badge.ch\/fr\/wp-json\/wp\/v2\/types\/product"}],"replies":[{"embeddable":true,"href":"https:\/\/metal-badge.ch\/fr\/wp-json\/wp\/v2\/comments?post=43083"}],"wp:featuredmedia":[{"embeddable":true,"href":"https:\/\/metal-badge.ch\/fr\/wp-json\/wp\/v2\/media\/88733"}],"wp:attachment":[{"href":"https:\/\/metal-badge.ch\/fr\/wp-json\/wp\/v2\/media?parent=43083"}],"wp:term":[{"taxonomy":"product_brand","embeddable":true,"href":"https:\/\/metal-badge.ch\/fr\/wp-json\/wp\/v2\/product_brand?post=43083"},{"taxonomy":"product_cat","embeddable":true,"href":"https:\/\/metal-badge.ch\/fr\/wp-json\/wp\/v2\/product_cat?post=43083"},{"taxonomy":"product_tag","embeddable":true,"href":"https:\/\/metal-badge.ch\/fr\/wp-json\/wp\/v2\/product_tag?post=43083"}],"curies":[{"name":"wp","href":"https:\/\/api.w.org\/{rel}","templated":true}]}}