{"id":43071,"date":"2018-02-07T15:48:27","date_gmt":"2018-02-07T15:48:27","guid":{"rendered":"https:\/\/shop.metal-badge.ch\/?product=mousqueton-en-forme-de-poire-avec-fermeture-vissee-bleu-eloxe"},"modified":"2020-08-02T03:22:22","modified_gmt":"2020-08-02T03:22:22","slug":"mousqueton-en-forme-de-poire-avec-fermeture-vissee-bleu-eloxe","status":"publish","type":"product","link":"https:\/\/metal-badge.ch\/fr\/product\/43071\/mousqueton-en-forme-de-poire-avec-fermeture-vissee-bleu-eloxe\/","title":{"rendered":"Mousqueton en forme de poire avec fermeture viss\u00e9e bleu \u00e9lox\u00e9"},"content":{"rendered":"<p>Mousqueton en forme de poire avec fermeture viss\u00e9e en aluminium avec grande ouverture. Ce mousqueton de s\u00e9curit\u00e9 avec fermeture viss\u00e9e de r\u00e9alisation v\u00e9rifi\u00e9e CE est appropri\u00e9 pour r\u00e9aliser des s\u00e9curit\u00e9s de tout type. Ce mousqueton est souvent utilis\u00e9 par nos clients pour mettre en place des sections de descente et de rappel \u00e0 forte mati\u00e8re.<\/p>\n<p>\u00a0<\/p>\n<p><strong>Domaines d&rsquo;utilisation :<\/strong><\/p>\n<ul>\n<li>Sp\u00e9l\u00e9ologie<\/li>\n<li>Parcs d&rsquo;escalade<\/li>\n<li>Parcours de cordes<\/li>\n<li>Escalade industrielle<\/li>\n<li>Ascension des arbres<\/li>\n<li>S\u00e9curit\u00e9 personnelle pendant les travaux de r\u00e9paration.<\/li>\n<\/ul>\n<p>\u00a0<\/p>\n<p><strong>Description du produit\u00a0:<\/strong><br \/>\nPoids : 74 g<br \/>\nCouleur : Bleu \u00e9lox\u00e9<br \/>\nMat\u00e9riau : Aluminium<br \/>\nFermeture viss\u00e9e<br \/>\nTaille : 11 cm x 6,5 cm<br \/>\nCertifi\u00e9 CE \/ EN 12275<br \/>\nCharge de rupture en longueur\u00a0: 26 KN<br \/>\nCharge de rupture ouvert : 9 KN<br \/>\nCharge de rupture dans le sens transversal\u00a0: 8 KN<\/p>\n","protected":false},"excerpt":{"rendered":"<p>Mousqueton en forme de poire avec fermeture viss\u00e9e en aluminium avec grande ouverture. Ce mousqueton de s\u00e9curit\u00e9 avec fermeture viss\u00e9e de r\u00e9alisation v\u00e9rifi\u00e9e CE est appropri\u00e9 pour r\u00e9aliser des s\u00e9curit\u00e9s de tout type. Ce mousqueton est souvent utilis\u00e9 par nos clients pour mettre en place des sections de descente et de rappel \u00e0 forte mati\u00e8re. [&hellip;]<\/p>\n","protected":false},"featured_media":88737,"comment_status":"open","ping_status":"closed","template":"","meta":{"inline_featured_image":false},"product_brand":[],"product_cat":[1347,1435,1678],"product_tag":[1769,1777,1773,1765],"class_list":{"0":"post-43071","1":"product","2":"type-product","3":"status-publish","4":"has-post-thumbnail","6":"product_cat-accessoires-militaires-de-chasse","7":"product_cat-camping-voyage","8":"product_cat-cordes-securite","9":"product_tag-army-survival-fr","10":"product_tag-camping-voyage","11":"product_tag-chasse-peche","12":"product_tag-sport-outdoor-fr","14":"first","15":"instock","16":"taxable","17":"shipping-taxable","18":"purchasable","19":"product-type-simple"},"_links":{"self":[{"href":"https:\/\/metal-badge.ch\/fr\/wp-json\/wp\/v2\/product\/43071","targetHints":{"allow":["GET"]}}],"collection":[{"href":"https:\/\/metal-badge.ch\/fr\/wp-json\/wp\/v2\/product"}],"about":[{"href":"https:\/\/metal-badge.ch\/fr\/wp-json\/wp\/v2\/types\/product"}],"replies":[{"embeddable":true,"href":"https:\/\/metal-badge.ch\/fr\/wp-json\/wp\/v2\/comments?post=43071"}],"wp:featuredmedia":[{"embeddable":true,"href":"https:\/\/metal-badge.ch\/fr\/wp-json\/wp\/v2\/media\/88737"}],"wp:attachment":[{"href":"https:\/\/metal-badge.ch\/fr\/wp-json\/wp\/v2\/media?parent=43071"}],"wp:term":[{"taxonomy":"product_brand","embeddable":true,"href":"https:\/\/metal-badge.ch\/fr\/wp-json\/wp\/v2\/product_brand?post=43071"},{"taxonomy":"product_cat","embeddable":true,"href":"https:\/\/metal-badge.ch\/fr\/wp-json\/wp\/v2\/product_cat?post=43071"},{"taxonomy":"product_tag","embeddable":true,"href":"https:\/\/metal-badge.ch\/fr\/wp-json\/wp\/v2\/product_tag?post=43071"}],"curies":[{"name":"wp","href":"https:\/\/api.w.org\/{rel}","templated":true}]}}