{"id":43065,"date":"2018-02-06T14:57:08","date_gmt":"2018-02-06T14:57:08","guid":{"rendered":"https:\/\/shop.metal-badge.ch\/?product=ensemble-pliant-mini-beche-binette-et-pelle"},"modified":"2018-02-07T09:20:18","modified_gmt":"2018-02-07T09:20:18","slug":"ensemble-pliant-mini-beche-binette-et-pelle","status":"publish","type":"product","link":"https:\/\/metal-badge.ch\/fr\/product\/43065\/ensemble-pliant-mini-beche-binette-et-pelle\/","title":{"rendered":"Ensemble pliant mini b\u00eache, binette et pelle"},"content":{"rendered":"<p>Cet ensemble mini de b\u00eache pliante est compos\u00e9 d\u2019une b\u00eache, d\u2019une binette, d\u2019une arr\u00eate de sciage, d\u2019une boussole int\u00e9gr\u00e9e et d\u2019un ouvre-bouteille, et est \u00e9quip\u00e9 d\u2019une poign\u00e9e en caoutchouc dur solide. Le manche de la b\u00eache a deux parties et peut \u00eatre viss\u00e9. L&rsquo;ensemble est livr\u00e9 dans un sac avec passant de ceinture et fermeture \u00e9clair.\u00a0<\/p>\n<p>\u00a0<\/p>\n<p><strong>Description du produit\u00a0: <\/strong><br \/>\nCouleur du sac : Camouflage<br \/>\nDimensions de l\u2019emballage : Hauteur 17 cm x 11 ,5 cm de largeur en haut<br \/>\nPassant de ceinture et fermeture \u00e9clair<br \/>\nCouleur ensemble b\u00eache pliante : Noir<br \/>\nPoids : 370 g<br \/>\nLongueur totale de la b\u00eache : 42 cm<br \/>\nLargeur et hauteur : Lame de la b\u00eache 10 x 13 cm<br \/>\n\u00a0<\/p>\n","protected":false},"excerpt":{"rendered":"<p>Cet ensemble mini de b\u00eache pliante est compos\u00e9 d\u2019une b\u00eache, d\u2019une binette, d\u2019une arr\u00eate de sciage, d\u2019une boussole int\u00e9gr\u00e9e et d\u2019un ouvre-bouteille, et est \u00e9quip\u00e9 d\u2019une poign\u00e9e en caoutchouc dur solide. Le manche de la b\u00eache a deux parties et peut \u00eatre viss\u00e9. L&rsquo;ensemble est livr\u00e9 dans un sac avec passant de ceinture et fermeture [&hellip;]<\/p>\n","protected":false},"featured_media":88739,"comment_status":"open","ping_status":"closed","template":"","meta":{"inline_featured_image":false},"product_brand":[],"product_cat":[1347,1435],"product_tag":[1769,1777,1773],"class_list":{"0":"post-43065","1":"product","2":"type-product","3":"status-publish","4":"has-post-thumbnail","6":"product_cat-accessoires-militaires-de-chasse","7":"product_cat-camping-voyage","8":"product_tag-army-survival-fr","9":"product_tag-camping-voyage","10":"product_tag-chasse-peche","12":"first","13":"instock","14":"taxable","15":"shipping-taxable","16":"purchasable","17":"product-type-simple"},"_links":{"self":[{"href":"https:\/\/metal-badge.ch\/fr\/wp-json\/wp\/v2\/product\/43065","targetHints":{"allow":["GET"]}}],"collection":[{"href":"https:\/\/metal-badge.ch\/fr\/wp-json\/wp\/v2\/product"}],"about":[{"href":"https:\/\/metal-badge.ch\/fr\/wp-json\/wp\/v2\/types\/product"}],"replies":[{"embeddable":true,"href":"https:\/\/metal-badge.ch\/fr\/wp-json\/wp\/v2\/comments?post=43065"}],"wp:featuredmedia":[{"embeddable":true,"href":"https:\/\/metal-badge.ch\/fr\/wp-json\/wp\/v2\/media\/88739"}],"wp:attachment":[{"href":"https:\/\/metal-badge.ch\/fr\/wp-json\/wp\/v2\/media?parent=43065"}],"wp:term":[{"taxonomy":"product_brand","embeddable":true,"href":"https:\/\/metal-badge.ch\/fr\/wp-json\/wp\/v2\/product_brand?post=43065"},{"taxonomy":"product_cat","embeddable":true,"href":"https:\/\/metal-badge.ch\/fr\/wp-json\/wp\/v2\/product_cat?post=43065"},{"taxonomy":"product_tag","embeddable":true,"href":"https:\/\/metal-badge.ch\/fr\/wp-json\/wp\/v2\/product_tag?post=43065"}],"curies":[{"name":"wp","href":"https:\/\/api.w.org\/{rel}","templated":true}]}}