{"id":43054,"date":"2018-02-06T14:46:08","date_gmt":"2018-02-06T14:46:08","guid":{"rendered":"https:\/\/shop.metal-badge.ch\/?product=beche-avec-hache-et-scie-4-pieces"},"modified":"2020-08-02T03:22:12","modified_gmt":"2020-08-02T03:22:12","slug":"beche-avec-hache-et-scie-4-pieces","status":"publish","type":"product","link":"https:\/\/metal-badge.ch\/fr\/product\/43054\/beche-avec-hache-et-scie-4-pieces\/","title":{"rendered":"B\u00eache avec hache et scie, 4 pi\u00e8ces"},"content":{"rendered":"<p>Ce kit d&rsquo;ext\u00e9rieur universel est compos\u00e9 de six outils pratique qui peuvent \u00eatre plac\u00e9s sur le manche universel de 43 cm de long facilement et rapidement. Les \u00e9l\u00e9ments comprennent une hache de 14 x 10 cm, une lame de b\u00eache (18 x 12 cm), une scie et un couteau avec ouvre-bouteille et ouvre-bo\u00eetes. La lame de b\u00eache solide et robuste et la lame du couteau peuvent \u00eatre plac\u00e9s sur le manche de la dragonne et retir\u00e9s facilement lors de leur utilisation. La b\u00eache devient une hache ou une scie, ou un couteau ; en quelques gestes, cette hache peut \u00eatre fix\u00e9e sur le manche. Ce lot multifonctions est fourni avec un sac de transport avec dragonne.<\/p>\n<p>\u00a0<\/p>\n<p><strong>Informations du produit :<\/strong><br \/>\nPoids total :\u00a0 805 g<br \/>\nMati\u00e8re : Acier \/ Fer\u00a0<br \/>\nOutil multifonctions tr\u00e8s solide et robuste<br \/>\nPoign\u00e9e solide antid\u00e9rapante<br \/>\nSac avec passant de ceinture compris dans la livraison\u00a0\u00a0\u00a0\u00a0\u00a0\u00a0\u00a0\u00a0\u00a0\u00a0\u00a0\u00a0\u00a0\u00a0\u00a0\u00a0\u00a0\u00a0\u00a0\u00a0\u00a0\u00a0\u00a0\u00a0\u00a0\u00a0\u00a0\u00a0\u00a0\u00a0\u00a0\u00a0\u00a0\u00a0\u00a0\u00a0\u00a0\u00a0\u00a0\u00a0\u00a0\u00a0\u00a0\u00a0\u00a0\u00a0\u00a0\u00a0\u00a0\u00a0\u00a0\u00a0\u00a0\u00a0\u00a0\u00a0 \u00a0\u00a0\u00a0\u00a0\u00a0\u00a0\u00a0\u00a0\u00a0\u00a0\u00a0<\/p>\n","protected":false},"excerpt":{"rendered":"<p>Ce kit d&rsquo;ext\u00e9rieur universel est compos\u00e9 de six outils pratique qui peuvent \u00eatre plac\u00e9s sur le manche universel de 43 cm de long facilement et rapidement. Les \u00e9l\u00e9ments comprennent une hache de 14 x 10 cm, une lame de b\u00eache (18 x 12 cm), une scie et un couteau avec ouvre-bouteille et ouvre-bo\u00eetes. La lame [&hellip;]<\/p>\n","protected":false},"featured_media":71119,"comment_status":"open","ping_status":"closed","template":"","meta":{"inline_featured_image":false},"product_brand":[],"product_cat":[1347,1435,1035],"product_tag":[1769,1777,1773,1765],"class_list":{"0":"post-43054","1":"product","2":"type-product","3":"status-publish","4":"has-post-thumbnail","6":"product_cat-accessoires-militaires-de-chasse","7":"product_cat-camping-voyage","8":"product_cat-couteaux-machettes","9":"product_tag-army-survival-fr","10":"product_tag-camping-voyage","11":"product_tag-chasse-peche","12":"product_tag-sport-outdoor-fr","14":"first","15":"instock","16":"taxable","17":"shipping-taxable","18":"purchasable","19":"product-type-simple"},"_links":{"self":[{"href":"https:\/\/metal-badge.ch\/fr\/wp-json\/wp\/v2\/product\/43054","targetHints":{"allow":["GET"]}}],"collection":[{"href":"https:\/\/metal-badge.ch\/fr\/wp-json\/wp\/v2\/product"}],"about":[{"href":"https:\/\/metal-badge.ch\/fr\/wp-json\/wp\/v2\/types\/product"}],"replies":[{"embeddable":true,"href":"https:\/\/metal-badge.ch\/fr\/wp-json\/wp\/v2\/comments?post=43054"}],"wp:featuredmedia":[{"embeddable":true,"href":"https:\/\/metal-badge.ch\/fr\/wp-json\/wp\/v2\/media\/71119"}],"wp:attachment":[{"href":"https:\/\/metal-badge.ch\/fr\/wp-json\/wp\/v2\/media?parent=43054"}],"wp:term":[{"taxonomy":"product_brand","embeddable":true,"href":"https:\/\/metal-badge.ch\/fr\/wp-json\/wp\/v2\/product_brand?post=43054"},{"taxonomy":"product_cat","embeddable":true,"href":"https:\/\/metal-badge.ch\/fr\/wp-json\/wp\/v2\/product_cat?post=43054"},{"taxonomy":"product_tag","embeddable":true,"href":"https:\/\/metal-badge.ch\/fr\/wp-json\/wp\/v2\/product_tag?post=43054"}],"curies":[{"name":"wp","href":"https:\/\/api.w.org\/{rel}","templated":true}]}}