{"id":43036,"date":"2018-02-06T14:03:45","date_gmt":"2018-02-06T14:03:45","guid":{"rendered":"https:\/\/shop.metal-badge.ch\/?product=corde-descalade-dynamique-orange-50-metres"},"modified":"2020-08-02T03:22:01","modified_gmt":"2020-08-02T03:22:01","slug":"corde-descalade-dynamique-orange-50-metres","status":"publish","type":"product","link":"https:\/\/metal-badge.ch\/fr\/product\/43036\/corde-descalade-dynamique-orange-50-metres\/","title":{"rendered":"Corde d&rsquo;escalade dynamique orange 50 m\u00e8tres"},"content":{"rendered":"<p>Cordes d&rsquo;escalade &#8211; Atteignez votre but en restant bien assur\u00e9<\/p>\n<p>Les cordes d&rsquo;escalade sont faites de fibres extensibles et amortissent efficacement contre les \u00e9ventuelles chutes. On distingue habituellement trois types de cordes. Les cordes simples sont les cordes d&rsquo;escalades classiques. D&rsquo;un diam\u00e8tre de 9 \u00e0 11 mm, elles conviennent pour de nombreuses zones d&rsquo;escalade int\u00e9rieures et ext\u00e9rieures. Les demi-cordes d&rsquo;un diam\u00e8tre de 7,5 \u00e0 9 mm sont l\u00e9g\u00e8rement plus minces et plus l\u00e9g\u00e8res. Elles sont utilis\u00e9es par paires, c&rsquo;est \u00e0 dire que l&rsquo;on est doublement s\u00e9curis\u00e9 par deux cordes. Contrairement \u00e0 la corde simple, il est possible d&rsquo;utiliser ici toute la longueur de la corde. Les cordes dites jumelles ont un diam\u00e8tre de 7 \u00e0 8 mm, sont extr\u00eamement l\u00e9g\u00e8res et ne sont utilis\u00e9s qu&rsquo;en double. Elles sont principalement utilis\u00e9es pour les randonn\u00e9es extr\u00eames o\u00f9 chaque gramme compte.<\/p>\n<p>Corde d&rsquo;escalade de 10 mm \u00e9conomique, l\u00e9g\u00e8re et polyvalente, maniable pour les d\u00e9butants avec un rapport qualit\u00e9-prix convaincant. La corde convient aussi bien aux grimpeurs en int\u00e9rieur qu&rsquo;en ext\u00e9rieur. Avec un diam\u00e8tre de 10 mm, elle est compatible avec presque tous les dispositifs de s\u00e9curit\u00e9 du march\u00e9.<\/p>\n<p><strong>Description du produit\u00a0: <\/strong><\/p>\n<p>Utilisation : Escalade, sports d&rsquo;escalades, escalade d\u2019int\u00e9rieur, s\u00e9curit\u00e9s de suspension, escalade d&rsquo;arbres\u00a0\u00a0\u00a0\u00a0\u00a0\u00a0\u00a0\u00a0\u00a0\u00a0\u00a0\u00a0\u00a0\u00a0\u00a0\u00a0\u00a0\u00a0\u00a0\u00a0\u00a0\u00a0\u00a0\u00a0<br \/>\nType certifi\u00e9 en tant que corde simple\u00a0\u00a0\u00a0\u00a0\u00a0\u00a0\u00a0\u00a0\u00a0\u00a0\u00a0\u00a0\u00a0\u00a0\u00a0\u00a0\u00a0\u00a0\u00a0\u00a0\u00a0\u00a0\u00a0\u00a0\u00a0\u00a0\u00a0\u00a0\u00a0\u00a0\u00a0<br \/>\nMati\u00e8re : Nylon<br \/>\nNormes : EN 892<br \/>\n\u00c9longation statique :\u00a0 8,5<br \/>\n\u00c9longation dynamique : 32%<br \/>\nNombre de chutes standard de l\u2019UIAA (max.) : 11<br \/>\nAbsorption max : 7.5 kN\u00a0\u00a0\u00a0\u00a0\u00a0\u00a0\u00a0\u00a0\u00a0\u00a0\u00a0\u00a0\u00a0\u00a0\u00a0\u00a0\u00a0\u00a0\u00a0\u00a0\u00a0\u00a0\u00a0\u00a0\u00a0\u00a0\u00a0\u00a0\u00a0\u00a0\u00a0\u00a0\u00a0\u00a0\u00a0\u00a0\u00a0\u00a0\u00a0\u00a0\u00a0\u00a0\u00a0\u00a0\u00a0\u00a0\u00a0\u00a0\u00a0\u00a0\u00a0\u00a0\u00a0\u00a0\u00a0\u00a0\u00a0\u00a0\u00a0\u00a0\u00a0\u00a0\u00a0\u00a0\u00a0\u00a0\u00a0\u00a0\u00a0\u00a0\u00a0\u00a0\u00a0\u00a0\u00a0\u00a0\u00a0\u00a0\u00a0\u00a0\u00a0\u00a0\u00a0 \u00a0\u00a0\u00a0\u00a0\u00a0\u00a0\u00a0\u00a0\u00a0\u00a0\u00a0\u00a0\u00a0\u00a0<br \/>\nDiam\u00e8tre de la corde : 10 mm<br \/>\nPoids au m\u00e8tre : 68 g \/ m<br \/>\nLongueur : 50 m<br \/>\nCouleur : orange<br \/>\nPrix : 110.- CHF<\/p>\n<p>Autres couleurs sur demande<br \/>\nVersions existantes : 50 m \/ 60 m, etc.\u00a0\u00a0\u00a0\u00a0\u00a0\u00a0\u00a0\u00a0\u00a0\u00a0\u00a0\u00a0\u00a0\u00a0\u00a0\u00a0\u00a0\u00a0\u00a0\u00a0\u00a0\u00a0\u00a0\u00a0\u00a0\u00a0\u00a0\u00a0\u00a0\u00a0\u00a0\u00a0\u00a0\u00a0\u00a0\u00a0\u00a0\u00a0\u00a0\u00a0\u00a0\u00a0\u00a0\u00a0\u00a0\u00a0\u00a0\u00a0\u00a0\u00a0\u00a0\u00a0\u00a0\u00a0\u00a0\u00a0\u00a0\u00a0\u00a0\u00a0\u00a0\u00a0<br \/>\nDiam\u00e8tre : 10 mm et 11 mm<\/p>\n","protected":false},"excerpt":{"rendered":"<p>Cordes d&rsquo;escalade &#8211; Atteignez votre but en restant bien assur\u00e9 Les cordes d&rsquo;escalade sont faites de fibres extensibles et amortissent efficacement contre les \u00e9ventuelles chutes. On distingue habituellement trois types de cordes. Les cordes simples sont les cordes d&rsquo;escalades classiques. D&rsquo;un diam\u00e8tre de 9 \u00e0 11 mm, elles conviennent pour de nombreuses zones d&rsquo;escalade int\u00e9rieures [&hellip;]<\/p>\n","protected":false},"featured_media":88741,"comment_status":"open","ping_status":"closed","template":"","meta":{"inline_featured_image":false},"product_brand":[],"product_cat":[1347,1435,1678],"product_tag":[1769,1777,1773,1765],"class_list":{"0":"post-43036","1":"product","2":"type-product","3":"status-publish","4":"has-post-thumbnail","6":"product_cat-accessoires-militaires-de-chasse","7":"product_cat-camping-voyage","8":"product_cat-cordes-securite","9":"product_tag-army-survival-fr","10":"product_tag-camping-voyage","11":"product_tag-chasse-peche","12":"product_tag-sport-outdoor-fr","14":"first","15":"instock","16":"taxable","17":"shipping-taxable","18":"purchasable","19":"product-type-simple"},"_links":{"self":[{"href":"https:\/\/metal-badge.ch\/fr\/wp-json\/wp\/v2\/product\/43036","targetHints":{"allow":["GET"]}}],"collection":[{"href":"https:\/\/metal-badge.ch\/fr\/wp-json\/wp\/v2\/product"}],"about":[{"href":"https:\/\/metal-badge.ch\/fr\/wp-json\/wp\/v2\/types\/product"}],"replies":[{"embeddable":true,"href":"https:\/\/metal-badge.ch\/fr\/wp-json\/wp\/v2\/comments?post=43036"}],"wp:featuredmedia":[{"embeddable":true,"href":"https:\/\/metal-badge.ch\/fr\/wp-json\/wp\/v2\/media\/88741"}],"wp:attachment":[{"href":"https:\/\/metal-badge.ch\/fr\/wp-json\/wp\/v2\/media?parent=43036"}],"wp:term":[{"taxonomy":"product_brand","embeddable":true,"href":"https:\/\/metal-badge.ch\/fr\/wp-json\/wp\/v2\/product_brand?post=43036"},{"taxonomy":"product_cat","embeddable":true,"href":"https:\/\/metal-badge.ch\/fr\/wp-json\/wp\/v2\/product_cat?post=43036"},{"taxonomy":"product_tag","embeddable":true,"href":"https:\/\/metal-badge.ch\/fr\/wp-json\/wp\/v2\/product_tag?post=43036"}],"curies":[{"name":"wp","href":"https:\/\/api.w.org\/{rel}","templated":true}]}}