{"id":43029,"date":"2018-02-05T15:54:14","date_gmt":"2018-02-05T15:54:14","guid":{"rendered":"https:\/\/shop.metal-badge.ch\/?product=stylo-a-bille-tactique-kubotan-b34-argente"},"modified":"2024-08-13T01:03:28","modified_gmt":"2024-08-12T23:03:28","slug":"stylo-a-bille-tactique-kubotan-b34-argente","status":"publish","type":"product","link":"https:\/\/metal-badge.ch\/fr\/product\/43029\/stylo-a-bille-tactique-kubotan-b34-argente\/","title":{"rendered":"Stylo \u00e0 bille tactique Kubotan B34, argent\u00e9"},"content":{"rendered":"<p>Ce stylo \u00e0 bille de grande valeur \u00e0 4 parties peut aussi \u00eatre utilis\u00e9 pour se d\u00e9fendre en tant que kubotan. Le bo\u00eetier du stylo est compos\u00e9 de m\u00e9tal dur. La pointe est \u00e9quip\u00e9e d\u2019un aiguillon brise-verre viss\u00e9 en-dessous et cache un canif\/couteau. Le stylo \u00e0 bille se trouve dans la partie interm\u00e9diaire du kubotan. L\u2019encre est de couleur noire. Le kubotan tr\u00e8s polyvalent est rempli de mines standard. Le lot comprend une mine d\u2019\u00e9criture de remplacement. Une lampe DEL solide est int\u00e9gr\u00e9e dans la partie sup\u00e9rieure de ce porte-mine tactique. 6 piles de remplacement sont comprises dans le prix. La pince solide assure une bonne tenue \u00e0 vos v\u00eatements. Le mod\u00e8le est livr\u00e9 dans une bo\u00eete cadeau.<\/p>\n<p>\u00a0<\/p>\n<p><strong>Description du produit\u00a0:<\/strong><br \/>\nCouleur : argent\u00e9.<br \/>\nPoids : 42 g<br \/>\nDimensions : Longueur 15,5 cm<br \/>\nKit de 4 pi\u00e8ces compos\u00e9 de :<br \/>\nCouteau \/ canif<br \/>\nBrise-verre<br \/>\nStylo \u00e0 bille<br \/>\nLampe<br \/>\nMati\u00e8re : M\u00e9tal durci \/ aluminium durci<br \/>\n6 piles de remplacement LR 936<br \/>\n1 mine d\u2019\u00e9criture de remplacement<br \/>\nBo\u00eete cadeau<br \/>\nPince pour poche<br \/>\nCouleur : noir<\/p>\n","protected":false},"excerpt":{"rendered":"<p>Ce stylo \u00e0 bille de grande valeur \u00e0 4 parties peut aussi \u00eatre utilis\u00e9 pour se d\u00e9fendre en tant que kubotan. Le bo\u00eetier du stylo est compos\u00e9 de m\u00e9tal dur. La pointe est \u00e9quip\u00e9e d\u2019un aiguillon brise-verre viss\u00e9 en-dessous et cache un canif\/couteau. Le stylo \u00e0 bille se trouve dans la partie interm\u00e9diaire du kubotan. [&hellip;]<\/p>\n","protected":false},"featured_media":55794,"comment_status":"open","ping_status":"closed","template":"","meta":{"inline_featured_image":false},"product_brand":[],"product_cat":[1662],"product_tag":[1769,1781],"class_list":{"0":"post-43029","1":"product","2":"type-product","3":"status-publish","4":"has-post-thumbnail","6":"product_cat-kubotan-fr","7":"product_tag-army-survival-fr","8":"product_tag-police-securite","10":"first","11":"instock","12":"taxable","13":"shipping-taxable","14":"purchasable","15":"product-type-simple"},"_links":{"self":[{"href":"https:\/\/metal-badge.ch\/fr\/wp-json\/wp\/v2\/product\/43029","targetHints":{"allow":["GET"]}}],"collection":[{"href":"https:\/\/metal-badge.ch\/fr\/wp-json\/wp\/v2\/product"}],"about":[{"href":"https:\/\/metal-badge.ch\/fr\/wp-json\/wp\/v2\/types\/product"}],"replies":[{"embeddable":true,"href":"https:\/\/metal-badge.ch\/fr\/wp-json\/wp\/v2\/comments?post=43029"}],"wp:featuredmedia":[{"embeddable":true,"href":"https:\/\/metal-badge.ch\/fr\/wp-json\/wp\/v2\/media\/55794"}],"wp:attachment":[{"href":"https:\/\/metal-badge.ch\/fr\/wp-json\/wp\/v2\/media?parent=43029"}],"wp:term":[{"taxonomy":"product_brand","embeddable":true,"href":"https:\/\/metal-badge.ch\/fr\/wp-json\/wp\/v2\/product_brand?post=43029"},{"taxonomy":"product_cat","embeddable":true,"href":"https:\/\/metal-badge.ch\/fr\/wp-json\/wp\/v2\/product_cat?post=43029"},{"taxonomy":"product_tag","embeddable":true,"href":"https:\/\/metal-badge.ch\/fr\/wp-json\/wp\/v2\/product_tag?post=43029"}],"curies":[{"name":"wp","href":"https:\/\/api.w.org\/{rel}","templated":true}]}}