{"id":43018,"date":"2018-02-05T15:43:39","date_gmt":"2018-02-05T15:43:39","guid":{"rendered":"https:\/\/shop.metal-badge.ch\/?product=stylo-a-bille-tactique-kubotan-b33-noir"},"modified":"2024-08-13T01:12:27","modified_gmt":"2024-08-12T23:12:27","slug":"stylo-a-bille-tactique-kubotan-b33-noir","status":"publish","type":"product","link":"https:\/\/metal-badge.ch\/fr\/product\/43018\/stylo-a-bille-tactique-kubotan-b33-noir\/","title":{"rendered":"Stylo \u00e0 bille tactique Kubotan B33, noir"},"content":{"rendered":"<p>Ce stylo \u00e0 bille solide peut aussi \u00eatre utilis\u00e9 pour se d\u00e9fendre en tant que kubotan. Il tient parfaitement en main. Le bo\u00eetier du stylo est compos\u00e9 de m\u00e9tal dur. La t\u00eate du stylo peut \u00eatre utilis\u00e9e pour briser du verre. Une poign\u00e9e rotative \u00e0 l&rsquo;avant permet de faire sortir la mine d\u2019\u00e9criture. L\u2019encre est de couleur noire. Elle peut \u00eatre remplac\u00e9e en cas de besoin. La pince solide assure une bonne tenue \u00e0 vos v\u00eatements. Ce mod\u00e8le de qualit\u00e9 est fourni avec un aiguillon brise-verre en m\u00e9tal dur dans une bo\u00eete cadeau.\u00a0<\/p>\n<p>\u00a0<\/p>\n<p><strong>Description du produit\u00a0:<\/strong><br \/>\nCouleur : noir<br \/>\nPoids : 48 g<br \/>\nDimensions : Longueur 15cm<br \/>\nBrise-verre<br \/>\nStylo \u00e0 bille<br \/>\nMat\u00e9riau : M\u00e9tal durci \/ aluminium durci<br \/>\nBo\u00eete cadeau<br \/>\nPince pour poche<br \/>\nCouleur : noir<\/p>\n","protected":false},"excerpt":{"rendered":"<p>Ce stylo \u00e0 bille solide peut aussi \u00eatre utilis\u00e9 pour se d\u00e9fendre en tant que kubotan. Il tient parfaitement en main. Le bo\u00eetier du stylo est compos\u00e9 de m\u00e9tal dur. La t\u00eate du stylo peut \u00eatre utilis\u00e9e pour briser du verre. Une poign\u00e9e rotative \u00e0 l&rsquo;avant permet de faire sortir la mine d\u2019\u00e9criture. L\u2019encre est [&hellip;]<\/p>\n","protected":false},"featured_media":88743,"comment_status":"open","ping_status":"closed","template":"","meta":{"inline_featured_image":false},"product_brand":[],"product_cat":[1662],"product_tag":[1769,1781],"class_list":{"0":"post-43018","1":"product","2":"type-product","3":"status-publish","4":"has-post-thumbnail","6":"product_cat-kubotan-fr","7":"product_tag-army-survival-fr","8":"product_tag-police-securite","10":"first","11":"instock","12":"taxable","13":"shipping-taxable","14":"purchasable","15":"product-type-simple"},"_links":{"self":[{"href":"https:\/\/metal-badge.ch\/fr\/wp-json\/wp\/v2\/product\/43018","targetHints":{"allow":["GET"]}}],"collection":[{"href":"https:\/\/metal-badge.ch\/fr\/wp-json\/wp\/v2\/product"}],"about":[{"href":"https:\/\/metal-badge.ch\/fr\/wp-json\/wp\/v2\/types\/product"}],"replies":[{"embeddable":true,"href":"https:\/\/metal-badge.ch\/fr\/wp-json\/wp\/v2\/comments?post=43018"}],"wp:featuredmedia":[{"embeddable":true,"href":"https:\/\/metal-badge.ch\/fr\/wp-json\/wp\/v2\/media\/88743"}],"wp:attachment":[{"href":"https:\/\/metal-badge.ch\/fr\/wp-json\/wp\/v2\/media?parent=43018"}],"wp:term":[{"taxonomy":"product_brand","embeddable":true,"href":"https:\/\/metal-badge.ch\/fr\/wp-json\/wp\/v2\/product_brand?post=43018"},{"taxonomy":"product_cat","embeddable":true,"href":"https:\/\/metal-badge.ch\/fr\/wp-json\/wp\/v2\/product_cat?post=43018"},{"taxonomy":"product_tag","embeddable":true,"href":"https:\/\/metal-badge.ch\/fr\/wp-json\/wp\/v2\/product_tag?post=43018"}],"curies":[{"name":"wp","href":"https:\/\/api.w.org\/{rel}","templated":true}]}}