{"id":43008,"date":"2018-02-05T15:30:52","date_gmt":"2018-02-05T15:30:52","guid":{"rendered":"https:\/\/shop.metal-badge.ch\/?product=stylo-a-bille-tactique-kubotan-am-27-noir"},"modified":"2024-08-13T00:57:59","modified_gmt":"2024-08-12T22:57:59","slug":"stylo-a-bille-tactique-kubotan-am-27-noir","status":"publish","type":"product","link":"https:\/\/metal-badge.ch\/fr\/product\/43008\/stylo-a-bille-tactique-kubotan-am-27-noir\/","title":{"rendered":"Stylo \u00e0 bille tactique Kubotan AM 27, noir"},"content":{"rendered":"<p>Ce stylo \u00e0 bille de grande valeur \u00e0 4 parties peut aussi \u00eatre utilis\u00e9 pour se d\u00e9fendre en tant que kubotan. Le bo\u00eetier du stylo est compos\u00e9 de m\u00e9tal dur. La t\u00eate du stylo peut \u00eatre utilis\u00e9e pour briser du verre. Un stylet pour \u00e9cran tactile est viss\u00e9 \u00e0 l&rsquo;avant sur le kubotan, et un brise-verre se trouve en-dessous. Le stylo \u00e0 bille se trouve dans la partie interm\u00e9diaire du kubotan. L\u2019encre est de couleur noire. Si la partie arri\u00e8re du kubotan est d\u00e9viss\u00e9e, un canif\/couteau appara\u00eet. Le kubotan tr\u00e8s polyvalent est rempli de mines d\u2019\u00e9criture standard. La pince solide assure une bonne tenue \u00e0 vos v\u00eatements. Ce mod\u00e8le de grande qualit\u00e9 est livr\u00e9 avec un capuchon de fermeture et un aiguillon brise-verre en m\u00e9tal durci, dans une bo\u00eete cadeau avec deux mines d\u2019\u00e9criture de rechange.\u00a0<\/p>\n<p>\u00a0<\/p>\n<p><strong>Description du produit\u00a0:<\/strong><br \/>\nCouleur : noir<br \/>\nPoids : 50 g<br \/>\nDimensions : Longueur 15cm<br \/>\nKit de 4 pi\u00e8ces compos\u00e9 de :<br \/>\nCouteau \/ canif<br \/>\nStylet tactile<br \/>\nBrise-verre<br \/>\nStylo \u00e0 bille<br \/>\nMat\u00e9riau : M\u00e9tal durci \/ aluminium durci<br \/>\n2 mines d\u2019\u00e9criture de remplacement<br \/>\nBo\u00eete cadeau<br \/>\nPince pour poche<br \/>\nCouleur : noir<\/p>\n","protected":false},"excerpt":{"rendered":"<p>Ce stylo \u00e0 bille de grande valeur \u00e0 4 parties peut aussi \u00eatre utilis\u00e9 pour se d\u00e9fendre en tant que kubotan. Le bo\u00eetier du stylo est compos\u00e9 de m\u00e9tal dur. La t\u00eate du stylo peut \u00eatre utilis\u00e9e pour briser du verre. Un stylet pour \u00e9cran tactile est viss\u00e9 \u00e0 l&rsquo;avant sur le kubotan, et un [&hellip;]<\/p>\n","protected":false},"featured_media":88745,"comment_status":"open","ping_status":"closed","template":"","meta":{"inline_featured_image":false},"product_brand":[],"product_cat":[1662],"product_tag":[1769,1781],"class_list":{"0":"post-43008","1":"product","2":"type-product","3":"status-publish","4":"has-post-thumbnail","6":"product_cat-kubotan-fr","7":"product_tag-army-survival-fr","8":"product_tag-police-securite","10":"first","11":"instock","12":"taxable","13":"shipping-taxable","14":"purchasable","15":"product-type-simple"},"_links":{"self":[{"href":"https:\/\/metal-badge.ch\/fr\/wp-json\/wp\/v2\/product\/43008","targetHints":{"allow":["GET"]}}],"collection":[{"href":"https:\/\/metal-badge.ch\/fr\/wp-json\/wp\/v2\/product"}],"about":[{"href":"https:\/\/metal-badge.ch\/fr\/wp-json\/wp\/v2\/types\/product"}],"replies":[{"embeddable":true,"href":"https:\/\/metal-badge.ch\/fr\/wp-json\/wp\/v2\/comments?post=43008"}],"wp:featuredmedia":[{"embeddable":true,"href":"https:\/\/metal-badge.ch\/fr\/wp-json\/wp\/v2\/media\/88745"}],"wp:attachment":[{"href":"https:\/\/metal-badge.ch\/fr\/wp-json\/wp\/v2\/media?parent=43008"}],"wp:term":[{"taxonomy":"product_brand","embeddable":true,"href":"https:\/\/metal-badge.ch\/fr\/wp-json\/wp\/v2\/product_brand?post=43008"},{"taxonomy":"product_cat","embeddable":true,"href":"https:\/\/metal-badge.ch\/fr\/wp-json\/wp\/v2\/product_cat?post=43008"},{"taxonomy":"product_tag","embeddable":true,"href":"https:\/\/metal-badge.ch\/fr\/wp-json\/wp\/v2\/product_tag?post=43008"}],"curies":[{"name":"wp","href":"https:\/\/api.w.org\/{rel}","templated":true}]}}