{"id":42997,"date":"2018-02-05T15:23:06","date_gmt":"2018-02-05T15:23:06","guid":{"rendered":"https:\/\/shop.metal-badge.ch\/?product=stylo-a-bille-tactique-kubotan-am-25-noir"},"modified":"2024-08-13T01:08:19","modified_gmt":"2024-08-12T23:08:19","slug":"stylo-a-bille-tactique-kubotan-am-25-noir","status":"publish","type":"product","link":"https:\/\/metal-badge.ch\/fr\/product\/42997\/stylo-a-bille-tactique-kubotan-am-25-noir\/","title":{"rendered":"Stylo \u00e0 bille tactique Kubotan AM 25, noir"},"content":{"rendered":"<p>Ce stylo \u00e0 bille de grande valeur peut aussi \u00eatre utilis\u00e9 pour se d\u00e9fendre en tant que kubotan. Le bo\u00eetier du stylo est compos\u00e9 de m\u00e9tal dur. La t\u00eate du stylo peut \u00eatre utilis\u00e9e pour briser du verre. Une lampe int\u00e9gr\u00e9e avec une DEL puissante se trouve dans la partie sup\u00e9rieure. Le stylo \u00e0 bille \u00e0 encre noire peut \u00eatre allong\u00e9 si on le fait tourner. La pince solide assure une bonne tenue \u00e0 vos v\u00eatements. Ce stylo \u00e0 bille tactique est livr\u00e9 dans une bo\u00eete \u00e0 cadeau.\u00a0<\/p>\n<p>\u00a0<\/p>\n<p><strong>Description du produit\u00a0:<\/strong><br \/>\nCouleur : noir<br \/>\nPoids : 50 g<br \/>\nDimensions : Longueur 15,5 cm<br \/>\nPetite lame avec 3 petites piles de montre LR 936.<br \/>\nBrise-verre<br \/>\nStylo \u00e0 bille<br \/>\nMat\u00e9riau : M\u00e9tal durci \/ aluminium durci<br \/>\nBo\u00eete cadeau<br \/>\nPince pour poche<br \/>\nCouleur : noir<\/p>\n","protected":false},"excerpt":{"rendered":"<p>Ce stylo \u00e0 bille de grande valeur peut aussi \u00eatre utilis\u00e9 pour se d\u00e9fendre en tant que kubotan. Le bo\u00eetier du stylo est compos\u00e9 de m\u00e9tal dur. La t\u00eate du stylo peut \u00eatre utilis\u00e9e pour briser du verre. Une lampe int\u00e9gr\u00e9e avec une DEL puissante se trouve dans la partie sup\u00e9rieure. Le stylo \u00e0 bille [&hellip;]<\/p>\n","protected":false},"featured_media":88747,"comment_status":"open","ping_status":"closed","template":"","meta":{"inline_featured_image":false},"product_brand":[],"product_cat":[1662],"product_tag":[1769,1781],"class_list":{"0":"post-42997","1":"product","2":"type-product","3":"status-publish","4":"has-post-thumbnail","6":"product_cat-kubotan-fr","7":"product_tag-army-survival-fr","8":"product_tag-police-securite","10":"first","11":"instock","12":"taxable","13":"shipping-taxable","14":"purchasable","15":"product-type-simple"},"_links":{"self":[{"href":"https:\/\/metal-badge.ch\/fr\/wp-json\/wp\/v2\/product\/42997","targetHints":{"allow":["GET"]}}],"collection":[{"href":"https:\/\/metal-badge.ch\/fr\/wp-json\/wp\/v2\/product"}],"about":[{"href":"https:\/\/metal-badge.ch\/fr\/wp-json\/wp\/v2\/types\/product"}],"replies":[{"embeddable":true,"href":"https:\/\/metal-badge.ch\/fr\/wp-json\/wp\/v2\/comments?post=42997"}],"wp:featuredmedia":[{"embeddable":true,"href":"https:\/\/metal-badge.ch\/fr\/wp-json\/wp\/v2\/media\/88747"}],"wp:attachment":[{"href":"https:\/\/metal-badge.ch\/fr\/wp-json\/wp\/v2\/media?parent=42997"}],"wp:term":[{"taxonomy":"product_brand","embeddable":true,"href":"https:\/\/metal-badge.ch\/fr\/wp-json\/wp\/v2\/product_brand?post=42997"},{"taxonomy":"product_cat","embeddable":true,"href":"https:\/\/metal-badge.ch\/fr\/wp-json\/wp\/v2\/product_cat?post=42997"},{"taxonomy":"product_tag","embeddable":true,"href":"https:\/\/metal-badge.ch\/fr\/wp-json\/wp\/v2\/product_tag?post=42997"}],"curies":[{"name":"wp","href":"https:\/\/api.w.org\/{rel}","templated":true}]}}