{"id":42976,"date":"2018-02-05T11:43:57","date_gmt":"2018-02-05T11:43:57","guid":{"rendered":"https:\/\/shop.metal-badge.ch\/?product=veste-tactique-militaire-couleurs-de-camouflage"},"modified":"2024-08-03T03:55:27","modified_gmt":"2024-08-03T01:55:27","slug":"veste-tactique-militaire-couleurs-de-camouflage","status":"publish","type":"product","link":"https:\/\/metal-badge.ch\/fr\/product\/42976\/veste-tactique-militaire-couleurs-de-camouflage\/","title":{"rendered":"Veste tactique militaire, couleurs de camouflage"},"content":{"rendered":"<p>Veste tactique militaire parfaite pour la chasse, la p\u00eache, les jeux d\u2019airsoft ou de paint-ball. Partie du dos et \u00e9paules en tissu maill\u00e9 ; ainsi, il est toujours possible de porter un sac \u00e0 dos sur la veste. La veste est totalement respirante sur la partie du dos gr\u00e2ce au tissu maill\u00e9. Les poches et la mati\u00e8re de base de cette veste sont en nylon polyester 900D.\u00a0 Cette veste peut \u00eatre r\u00e9gl\u00e9e aux \u00e9paules par un velcro et \u00e0 la taille par deux sangles en nylon avec fermeture en plastique des deux c\u00f4t\u00e9s. Les deux sangles en nylon avec fermeture en plastique au dos servent \u00e9galement \u00e0 l&rsquo;adapter au corps.<\/p>\n<p>De plus, 6 passants de ceintures sont appos\u00e9s sur la veste et peuvent \u00eatre utilis\u00e9s par velcro ou bouton-pression. L\u2019un des autres avantages de cette veste sont les 8 poches appos\u00e9es en tout dans 2 tailles diff\u00e9rentes ; elles offrent beaucoup d&rsquo;espace de stockage pour diff\u00e9rents \u00e9l\u00e9ments. Ces poches polyvalentes sont toutes prot\u00e9g\u00e9es des intemp\u00e9ries \u00e0 l\u2019int\u00e9rieur par un tablier \u00e0 neige et un arr\u00eateur \u00e0 cordon ; \u00e0 l\u2019ext\u00e9rieur, elles sont fermables avec une fermeture rapide \u00e0 sangle en nylon. \u00c0 l\u2019avant, la veste peut aussi \u00eatre ajust\u00e9e \u00e0 son porteur avec 3 sangles en nylon et fermetures rapides. Deux fermetures \u00e9clair se trouvent \u00e0 l&rsquo;avant avec des poches int\u00e9rieures lat\u00e9rales. Ces deux compartiments offrent un grand espace de stockage suppl\u00e9mentaire. Cette veste est \u00e9quip\u00e9e d\u2019une poign\u00e9e de transport en haut.\u00a0\u00a0<\/p>\n<p>\u00a0<\/p>\n<p><strong>Informations du produit :<\/strong><br \/>\nVeste tactique militaire, couleurs de camouflage<br \/>\nPoids : 750 g<br \/>\nCouleur : Camouflage<br \/>\nMati\u00e8re : Tissu nylon polyester 900D<br \/>\n6x passants fermables avec velcro et bouton pression<br \/>\n8 poches polyvalentes en tout dans 2 tailles diff\u00e9rentes<br \/>\nDimensions, poches : 6x largeur 8,0 cm x hauteur 16,0 cm<br \/>\nDimensions, poches 2x : largeur 10,0 cm x hauteur 20,0 cm<br \/>\n2x grands compartiments \u00e0 fermeture \u00e9clair \u00e0 l&rsquo;avant, \u00e0 l\u2019int\u00e9rieur<br \/>\nPoign\u00e9e de transport solide en nylon, en haut\u00a0\u00a0\u00a0\u00a0\u00a0\u00a0\u00a0\u00a0\u00a0\u00a0\u00a0\u00a0\u00a0\u00a0\u00a0\u00a0\u00a0\u00a0\u00a0\u00a0\u00a0\u00a0\u00a0\u00a0\u00a0\u00a0\u00a0\u00a0\u00a0\u00a0\u00a0\u00a0\u00a0\u00a0\u00a0\u00a0\u00a0\u00a0\u00a0\u00a0\u00a0\u00a0\u00a0\u00a0\u00a0\u00a0\u00a0\u00a0\u00a0\u00a0\u00a0\u00a0\u00a0\u00a0\u00a0\u00a0\u00a0\u00a0\u00a0\u00a0\u00a0\u00a0\u00a0\u00a0\u00a0\u00a0<br \/>\nTailles : Taille unique (one size fits all) r\u00e9glable\u00a0\u00a0\u00a0\u00a0\u00a0\u00a0\u00a0\u00a0\u00a0\u00a0\u00a0\u00a0\u00a0\u00a0\u00a0\u00a0\u00a0\u00a0\u00a0\u00a0\u00a0\u00a0\u00a0\u00a0\u00a0\u00a0\u00a0\u00a0\u00a0\u00a0\u00a0\u00a0\u00a0\u00a0\u00a0\u00a0\u00a0\u00a0\u00a0\u00a0\u00a0\u00a0\u00a0\u00a0\u00a0 \u00a0\u00a0\u00a0\u00a0\u00a0\u00a0\u00a0\u00a0\u00a0\u00a0\u00a0\u00a0\u00a0\u00a0\u00a0\u00a0\u00a0\u00a0\u00a0\u00a0\u00a0\u00a0\u00a0<\/p>\n","protected":false},"excerpt":{"rendered":"<p>Veste tactique militaire parfaite pour la chasse, la p\u00eache, les jeux d\u2019airsoft ou de paint-ball. Partie du dos et \u00e9paules en tissu maill\u00e9 ; ainsi, il est toujours possible de porter un sac \u00e0 dos sur la veste. La veste est totalement respirante sur la partie du dos gr\u00e2ce au tissu maill\u00e9. Les poches et [&hellip;]<\/p>\n","protected":false},"featured_media":88749,"comment_status":"open","ping_status":"closed","template":"","meta":{"inline_featured_image":false},"product_brand":[],"product_cat":[1347,2215,1634,1602],"product_tag":[1769,1777,1773,1781,1765],"class_list":{"0":"post-42976","1":"product","2":"type-product","3":"status-publish","4":"has-post-thumbnail","6":"product_cat-accessoires-militaires-de-chasse","7":"product_cat-vestes_tactiques","8":"product_cat-vestes-and-vetements-tactiques-couleurs-de-camouflage","9":"product_cat-vestes-en-softshell-pantalons-et-vetements-haute-visibilite","10":"product_tag-army-survival-fr","11":"product_tag-camping-voyage","12":"product_tag-chasse-peche","13":"product_tag-police-securite","14":"product_tag-sport-outdoor-fr","16":"first","17":"instock","18":"taxable","19":"shipping-taxable","20":"purchasable","21":"product-type-simple"},"_links":{"self":[{"href":"https:\/\/metal-badge.ch\/fr\/wp-json\/wp\/v2\/product\/42976","targetHints":{"allow":["GET"]}}],"collection":[{"href":"https:\/\/metal-badge.ch\/fr\/wp-json\/wp\/v2\/product"}],"about":[{"href":"https:\/\/metal-badge.ch\/fr\/wp-json\/wp\/v2\/types\/product"}],"replies":[{"embeddable":true,"href":"https:\/\/metal-badge.ch\/fr\/wp-json\/wp\/v2\/comments?post=42976"}],"wp:featuredmedia":[{"embeddable":true,"href":"https:\/\/metal-badge.ch\/fr\/wp-json\/wp\/v2\/media\/88749"}],"wp:attachment":[{"href":"https:\/\/metal-badge.ch\/fr\/wp-json\/wp\/v2\/media?parent=42976"}],"wp:term":[{"taxonomy":"product_brand","embeddable":true,"href":"https:\/\/metal-badge.ch\/fr\/wp-json\/wp\/v2\/product_brand?post=42976"},{"taxonomy":"product_cat","embeddable":true,"href":"https:\/\/metal-badge.ch\/fr\/wp-json\/wp\/v2\/product_cat?post=42976"},{"taxonomy":"product_tag","embeddable":true,"href":"https:\/\/metal-badge.ch\/fr\/wp-json\/wp\/v2\/product_tag?post=42976"}],"curies":[{"name":"wp","href":"https:\/\/api.w.org\/{rel}","templated":true}]}}