{"id":42965,"date":"2018-02-05T11:09:44","date_gmt":"2018-02-05T11:09:44","guid":{"rendered":"https:\/\/shop.metal-badge.ch\/?product=veste-tactique-orange"},"modified":"2024-08-03T05:53:24","modified_gmt":"2024-08-03T03:53:24","slug":"veste-tactique-orange-2","status":"publish","type":"product","link":"https:\/\/metal-badge.ch\/fr\/product\/42965\/veste-tactique-orange-2\/","title":{"rendered":"Veste tactique orange"},"content":{"rendered":"<table style=\"width: 100.0%;\" border=\"0\" cellspacing=\"0\" cellpadding=\"0\">\n<tbody>\n<tr>\n<td style=\"height: 38px;\"><strong>FRANZ\u00d6SISCH<\/strong><\/p>\n<p>Veste tactique orange<\/td>\n<\/tr>\n<\/tbody>\n<\/table>\n<p>Veste tactique orange en maille polyester robuste 425 GSM, mat\u00e9riau basique en nylon 1000 deniers avec un rev\u00eatement en PU hydrophobe. La veste est disponible en diff\u00e9rentes tailles et se ferme \u00e0 l&rsquo;avant avec une fermeture \u00e9clair YKK. \u00c0 l&rsquo;arri\u00e8re, un grand emplacement est pr\u00e9vu pour pouvoir ajouter et retirer facilement l&rsquo;inscription plastifi\u00e9e et r\u00e9fl\u00e9chissante <strong>SECURITY \/ POLICE \/ PARAMEDIC \/ FEUERWEHR<\/strong><strong>, etc.<\/strong> Les mesures du panneau de l&rsquo;inscription sont de 29 cm x 10cm.<\/p>\n<p>\u00c0 l&rsquo;ext\u00e9rieur dans le dos, la veste est unie d\u2019un compartiment \u00e0 gants avec double fermeture \u00e9clair.<\/p>\n<p>Les mesures du compartiment du dos sont de 15 cm x 15 cm. De plus, un \u00e9cusson en Cordura jaune est appos\u00e9 sur le compartiment pour munir les vestes de num\u00e9ros, etc.<\/p>\n<p><strong>\u00c0 l&rsquo;avant<\/strong>, sur le c\u00f4t\u00e9 droit de la poitrine, se trouve une fen\u00eatre pour documents d&rsquo;identit\u00e9 et \u00e0 gauche, un panneau \u00e0 inscription r\u00e9fl\u00e9chissant <strong>SECURITY \/ POLICE \/ PARAMEDIC \/ FEUERWEHR<\/strong> fix\u00e9 par velcro qui mesure 12 x 4cm. Diff\u00e9rentes poches sont appos\u00e9es dans la partie inf\u00e9rieure de la veste.&nbsp;&nbsp;&nbsp;&nbsp;&nbsp; Une poche radio universelle qui peut \u00eatre r\u00e9gl\u00e9e individuellement pour votre appareil de radio avec des velcro et des rubans \u00e9lastiques. La poche pour menottes, la poche pour lampe de poche et une autre poche plus grande rendent cette veste encore plus int\u00e9ressante. Deux grands compartiments pour pistolets des deux c\u00f4t\u00e9s, pour droitiers et gauches, sont appos\u00e9s sous les poches \u00e0 l&rsquo;avant avec fermeture \u00e9clair ; ils sont faciles d&rsquo;acc\u00e8s. <strong><u>\u00c0 l&rsquo;avant des \u00e9paules,<\/u><\/strong> des fermetures rapides pour micros et des portes-stylos sont plac\u00e9s des deux c\u00f4t\u00e9s.<\/p>\n<p>La grande fermeture \u00e9clair au milieu, \u00e0 l&rsquo;avant, est cach\u00e9e par un rabat avec trois boutons pression. Le rabat de la fermeture \u00e9clair est muni de velcro et peut \u00eatre \u00e9quip\u00e9 d\u2019un panneau \u00e0 inscription en cas de besoin. De mani\u00e8re standard, le rabat est rev\u00eatu de velcro jaune neutre.<\/p>\n<p>Des bandes r\u00e9fl\u00e9chissantes sont cousues \u00e0 l&rsquo;avant et \u00e0 l&rsquo;arri\u00e8re sur la veste. Il est ainsi possible de voir son porteur m\u00eame dans l\u2019obscurit\u00e9. La veste s&rsquo;ajuste \u00e0 la ceinture s&rsquo;ajuste avec quatre cordons en nylons : deux \u00e0 l&rsquo;avant et deux \u00e0 l&rsquo;arri\u00e8re. Ceux-ci peuvent \u00eatre remplac\u00e9s par une fermeture \u00e9clair \u00e0 la taille qui correspond. La veste peut \u00eatre ouverte en bas et au niveau des \u00e9paules par une fermeture \u00e9clair et donc s&rsquo;adapter encore mieux au porteur. La veste est aussi munie d\u2019une poign\u00e9e de transport en haut.<\/p>\n<p><strong>Informations sur le produit&nbsp;:<\/strong><br \/>\nLa veste peut \u00eatre ouverte sur le c\u00f4t\u00e9 et au niveau des \u00e9paules par une fermeture \u00e9clair et donc s&rsquo;adapter encore mieux au porteur.<br \/>\nMati\u00e8re&nbsp;: maille polyester robuste 425 GSM, mat\u00e9riau basique comme le nylon \u00e0 1000 deniers avec un rev\u00eatement en PU hydrophobe<br \/>\nAvec des bandes r\u00e9fl\u00e9chissantes cousues<br \/>\nPanneau \u00e0 inscription : Emplacement \u00e9changeable<br \/>\nPoign\u00e9e de transport<br \/>\nFermetures rapides \u00e0 l&rsquo;avant des \u00e9paules pour micro<br \/>\nPorte-stylo<br \/>\nCouleur : Orange<br \/>\nTailles : M, L, XL, 2XL<br \/>\nPoids : 840 g<br \/>\nCertifi\u00e9 selon EN 471, classe 2<\/p>\n<p>Pour les commandes \u00e0 partir de 20 pi\u00e8ces, inscription personnalis\u00e9e sur demande et prix r\u00e9duit garanti, contactez-nous.<\/p>\n","protected":false},"excerpt":{"rendered":"<p>FRANZ\u00d6SISCH Veste tactique orange Veste tactique orange en maille polyester robuste 425 GSM, mat\u00e9riau basique en nylon 1000 deniers avec un rev\u00eatement en PU hydrophobe. La veste est disponible en diff\u00e9rentes tailles et se ferme \u00e0 l&rsquo;avant avec une fermeture \u00e9clair YKK. \u00c0 l&rsquo;arri\u00e8re, un grand emplacement est pr\u00e9vu pour pouvoir ajouter et retirer facilement [&hellip;]<\/p>\n","protected":false},"featured_media":42958,"comment_status":"open","ping_status":"closed","template":"","meta":{"inline_featured_image":false},"product_brand":[],"product_cat":[1347,2215,1606],"product_tag":[1769,1773,1765],"class_list":{"0":"post-42965","1":"product","2":"type-product","3":"status-publish","4":"has-post-thumbnail","6":"product_cat-accessoires-militaires-de-chasse","7":"product_cat-vestes_tactiques","8":"product_cat-vetements-haute-visibilite-et-lumineux","9":"product_tag-army-survival-fr","10":"product_tag-chasse-peche","11":"product_tag-sport-outdoor-fr","13":"first","14":"instock","15":"taxable","16":"shipping-taxable","17":"purchasable","18":"product-type-simple"},"_links":{"self":[{"href":"https:\/\/metal-badge.ch\/fr\/wp-json\/wp\/v2\/product\/42965","targetHints":{"allow":["GET"]}}],"collection":[{"href":"https:\/\/metal-badge.ch\/fr\/wp-json\/wp\/v2\/product"}],"about":[{"href":"https:\/\/metal-badge.ch\/fr\/wp-json\/wp\/v2\/types\/product"}],"replies":[{"embeddable":true,"href":"https:\/\/metal-badge.ch\/fr\/wp-json\/wp\/v2\/comments?post=42965"}],"wp:featuredmedia":[{"embeddable":true,"href":"https:\/\/metal-badge.ch\/fr\/wp-json\/wp\/v2\/media\/42958"}],"wp:attachment":[{"href":"https:\/\/metal-badge.ch\/fr\/wp-json\/wp\/v2\/media?parent=42965"}],"wp:term":[{"taxonomy":"product_brand","embeddable":true,"href":"https:\/\/metal-badge.ch\/fr\/wp-json\/wp\/v2\/product_brand?post=42965"},{"taxonomy":"product_cat","embeddable":true,"href":"https:\/\/metal-badge.ch\/fr\/wp-json\/wp\/v2\/product_cat?post=42965"},{"taxonomy":"product_tag","embeddable":true,"href":"https:\/\/metal-badge.ch\/fr\/wp-json\/wp\/v2\/product_tag?post=42965"}],"curies":[{"name":"wp","href":"https:\/\/api.w.org\/{rel}","templated":true}]}}