{"id":42955,"date":"2018-02-05T10:57:02","date_gmt":"2018-02-05T10:57:02","guid":{"rendered":"https:\/\/shop.metal-badge.ch\/?product=veste-de-chasse-orange"},"modified":"2023-04-01T13:45:13","modified_gmt":"2023-04-01T11:45:13","slug":"veste-de-chasse-orange","status":"publish","type":"product","link":"https:\/\/metal-badge.ch\/fr\/product\/42955\/veste-de-chasse-orange\/","title":{"rendered":"Veste de chasse orange"},"content":{"rendered":"<p>Cette veste de chasse bien pens\u00e9e \u00e0 la couleur signal\u00e9tique orange \u00e0 enfiler par-dessus vos v\u00eatements de chasse : comporte une grande poche dans le dos munie de fermeture \u00e9clair. La poche est grande et robuste et permet de transporter du petit gibier, des leurres ou d\u2019autres accessoires. Les boutons pression permettent d&rsquo;agrandir ou de diminuer l&rsquo;espace de stockage. \u00c0 l&rsquo;avant, le gilet est muni de deux grandes poches lat\u00e9rales cach\u00e9es \u00e0 l&rsquo;ext\u00e9rieur, munies de fermetures \u00e9clair YKK. Vous trouverez en-dessous deux autres poches \u00e0 rev\u00eatement velcro. En plus, deux poches avant en applique avec des supports pour douilles sont pr\u00e9sentes \u00e0 droite et \u00e0 gauche ; \u00e9lastiques, elles permettent de transporter douze douilles. Le gilet est compos\u00e9 de 80% de coton et 20% de polyester \u00e0 220 GSM. Le tissu int\u00e9rieur sur le dos et \u00e0 l&rsquo;avant est 100 % en maille de polyester r\u00e9sistante.<\/p>\n<p><strong>Description du produit&nbsp;:<\/strong><br \/>\nCouleur : orange \/ gris<br \/>\nMati\u00e8re : 80 % coton, 20 % polyester<br \/>\nPoids : 220 GSM<br \/>\nDos et partie avant 100&nbsp;% maille de polyester r\u00e9sistante<br \/>\nFermeture \u00e9clair YKK<br \/>\nDiff\u00e9rentes poches lat\u00e9rales dont 2 avec fermetures \u00e9clair YKK<br \/>\n2 poches lat\u00e9rales \u00e0 velcro<br \/>\n1 grande poche dans le dos qui peut \u00eatre agrandie ou diminu\u00e9e<br \/>\n4 supports pour munitions pour 12 douilles<br \/>\nTailles : S, M, L, XL&nbsp;<\/p>\n","protected":false},"excerpt":{"rendered":"<p>Cette veste de chasse bien pens\u00e9e \u00e0 la couleur signal\u00e9tique orange \u00e0 enfiler par-dessus vos v\u00eatements de chasse : comporte une grande poche dans le dos munie de fermeture \u00e9clair. La poche est grande et robuste et permet de transporter du petit gibier, des leurres ou d\u2019autres accessoires. Les boutons pression permettent d&rsquo;agrandir ou de [&hellip;]<\/p>\n","protected":false},"featured_media":88751,"comment_status":"open","ping_status":"closed","template":"","meta":{"inline_featured_image":false},"product_brand":[],"product_cat":[1347,2215,1606],"product_tag":[1769,1773,1765],"class_list":{"0":"post-42955","1":"product","2":"type-product","3":"status-publish","4":"has-post-thumbnail","6":"product_cat-accessoires-militaires-de-chasse","7":"product_cat-vestes_tactiques","8":"product_cat-vetements-haute-visibilite-et-lumineux","9":"product_tag-army-survival-fr","10":"product_tag-chasse-peche","11":"product_tag-sport-outdoor-fr","13":"first","14":"instock","15":"taxable","16":"shipping-taxable","17":"purchasable","18":"product-type-simple"},"_links":{"self":[{"href":"https:\/\/metal-badge.ch\/fr\/wp-json\/wp\/v2\/product\/42955","targetHints":{"allow":["GET"]}}],"collection":[{"href":"https:\/\/metal-badge.ch\/fr\/wp-json\/wp\/v2\/product"}],"about":[{"href":"https:\/\/metal-badge.ch\/fr\/wp-json\/wp\/v2\/types\/product"}],"replies":[{"embeddable":true,"href":"https:\/\/metal-badge.ch\/fr\/wp-json\/wp\/v2\/comments?post=42955"}],"wp:featuredmedia":[{"embeddable":true,"href":"https:\/\/metal-badge.ch\/fr\/wp-json\/wp\/v2\/media\/88751"}],"wp:attachment":[{"href":"https:\/\/metal-badge.ch\/fr\/wp-json\/wp\/v2\/media?parent=42955"}],"wp:term":[{"taxonomy":"product_brand","embeddable":true,"href":"https:\/\/metal-badge.ch\/fr\/wp-json\/wp\/v2\/product_brand?post=42955"},{"taxonomy":"product_cat","embeddable":true,"href":"https:\/\/metal-badge.ch\/fr\/wp-json\/wp\/v2\/product_cat?post=42955"},{"taxonomy":"product_tag","embeddable":true,"href":"https:\/\/metal-badge.ch\/fr\/wp-json\/wp\/v2\/product_tag?post=42955"}],"curies":[{"name":"wp","href":"https:\/\/api.w.org\/{rel}","templated":true}]}}