{"id":42906,"date":"2018-02-02T12:03:55","date_gmt":"2018-02-02T12:03:55","guid":{"rendered":"https:\/\/shop.metal-badge.ch\/?product=chaise-pliante-avec-sac-a-dos-integre-lkof-2207"},"modified":"2018-02-02T12:07:43","modified_gmt":"2018-02-02T12:07:43","slug":"chaise-pliante-avec-sac-a-dos-integre-lkof-2207","status":"publish","type":"product","link":"https:\/\/metal-badge.ch\/fr\/product\/42906\/chaise-pliante-avec-sac-a-dos-integre-lkof-2207\/","title":{"rendered":"Chaise pliante avec sac \u00e0 dos int\u00e9gr\u00e9 LKOF-2207"},"content":{"rendered":"<p>Un sac \u00e0 dos et un accessoire pour s\u2019asseoir en m\u00eame temps. Cette chaise pliante avec sac \u00e0 dos int\u00e9gr\u00e9 est id\u00e9ale pour les chasseurs et les p\u00eacheurs. Cette chaise pliante est fabriqu\u00e9e avec un cadre de tiges en acier solides. La surface d&rsquo;assise est rembourr\u00e9e et en nylon 900 D robuste. La chaise peut \u00eatre repli\u00e9e et transform\u00e9e en sac \u00e0 dos fonctionnel. Les deux sangles sont r\u00e9glables en taille. Le sac \u00e0 dos est \u00e9quip\u00e9 d\u2019une fermeture \u00e9clair et offre beaucoup d&rsquo;espace de stockage. Un compartiment suppl\u00e9mentaire pour une bouteille se trouve \u00e0 l&rsquo;ext\u00e9rieur ainsi qu\u2019une poche en applique avec fermeture \u00e9clair sur le pourtour pour les plus petits ustensiles. Pr\u00e8s du rembourrage de l&rsquo;assise, la chaise est recouverte sur le ch\u00e2ssis de deux poign\u00e9es et d&rsquo;un tube en mousse de caoutchouc, ce qui la rend confortable \u00e0 transporter. Cette chaise pliante robuste et l\u00e9g\u00e8re ne p\u00e8se que 1325 g.<\/p>\n<p>\u00a0<\/p>\n<p><strong>Description du produit\u00a0:<\/strong><br \/>\nHauteur d\u2019assise : 44 cm<br \/>\nSurface d&rsquo;assise : 25 cm x 25 cm<br \/>\nPoids support\u00e9 : env. 140 kg<br \/>\nPoids : 1325 g<br \/>\nGrand sac \/ espace de stockage<br \/>\nDimensions sac : hauteur 35 \/ largeur 29 \/ profondeur 18 cm<br \/>\n2 bretelles de transport r\u00e9glables<br \/>\n2 poign\u00e9es de transport avec tube en mousse de caoutchouc pour un port confortable<br \/>\nMati\u00e8re : Cadre \u00e0 tiges en acier, surface d&rsquo;assise nylon 900 D, rembourr\u00e9<br \/>\nCouleur : noir, couleur camouflage<br \/>\n\u00a0<\/p>\n","protected":false},"excerpt":{"rendered":"<p>Un sac \u00e0 dos et un accessoire pour s\u2019asseoir en m\u00eame temps. Cette chaise pliante avec sac \u00e0 dos int\u00e9gr\u00e9 est id\u00e9ale pour les chasseurs et les p\u00eacheurs. Cette chaise pliante est fabriqu\u00e9e avec un cadre de tiges en acier solides. La surface d&rsquo;assise est rembourr\u00e9e et en nylon 900 D robuste. La chaise peut [&hellip;]<\/p>\n","protected":false},"featured_media":88759,"comment_status":"open","ping_status":"closed","template":"","meta":{"inline_featured_image":false},"product_brand":[],"product_cat":[1347,1435],"product_tag":[1769,1777,1773],"class_list":{"0":"post-42906","1":"product","2":"type-product","3":"status-publish","4":"has-post-thumbnail","6":"product_cat-accessoires-militaires-de-chasse","7":"product_cat-camping-voyage","8":"product_tag-army-survival-fr","9":"product_tag-camping-voyage","10":"product_tag-chasse-peche","12":"first","13":"instock","14":"taxable","15":"shipping-taxable","16":"purchasable","17":"product-type-simple"},"_links":{"self":[{"href":"https:\/\/metal-badge.ch\/fr\/wp-json\/wp\/v2\/product\/42906","targetHints":{"allow":["GET"]}}],"collection":[{"href":"https:\/\/metal-badge.ch\/fr\/wp-json\/wp\/v2\/product"}],"about":[{"href":"https:\/\/metal-badge.ch\/fr\/wp-json\/wp\/v2\/types\/product"}],"replies":[{"embeddable":true,"href":"https:\/\/metal-badge.ch\/fr\/wp-json\/wp\/v2\/comments?post=42906"}],"wp:featuredmedia":[{"embeddable":true,"href":"https:\/\/metal-badge.ch\/fr\/wp-json\/wp\/v2\/media\/88759"}],"wp:attachment":[{"href":"https:\/\/metal-badge.ch\/fr\/wp-json\/wp\/v2\/media?parent=42906"}],"wp:term":[{"taxonomy":"product_brand","embeddable":true,"href":"https:\/\/metal-badge.ch\/fr\/wp-json\/wp\/v2\/product_brand?post=42906"},{"taxonomy":"product_cat","embeddable":true,"href":"https:\/\/metal-badge.ch\/fr\/wp-json\/wp\/v2\/product_cat?post=42906"},{"taxonomy":"product_tag","embeddable":true,"href":"https:\/\/metal-badge.ch\/fr\/wp-json\/wp\/v2\/product_tag?post=42906"}],"curies":[{"name":"wp","href":"https:\/\/api.w.org\/{rel}","templated":true}]}}