{"id":42887,"date":"2018-02-02T11:31:16","date_gmt":"2018-02-02T11:31:16","guid":{"rendered":"https:\/\/shop.metal-badge.ch\/?product=chaise-de-camping-tabouret-a-trois-pieds-lkof-2204"},"modified":"2018-02-02T11:31:33","modified_gmt":"2018-02-02T11:31:33","slug":"chaise-de-camping-tabouret-a-trois-pieds-lkof-2204","status":"publish","type":"product","link":"https:\/\/metal-badge.ch\/fr\/product\/42887\/chaise-de-camping-tabouret-a-trois-pieds-lkof-2204\/","title":{"rendered":"Chaise de camping \/ tabouret \u00e0 trois pieds LKOF-2204"},"content":{"rendered":"<p>Ce tabouret \u00e0 trois pieds est id\u00e9al pour les spectateurs de tous les types de sport (football, golf, etc.) \u00c9galement adapt\u00e9 pour les concerts en plein air, les chasseurs, les p\u00eacheurs, les excursions en moto et l\u2019observation de la vie sauvage. Peut \u00eatre fix\u00e9 facilement \u00e0 un sac de sport ou un sac \u00e0 dos et est indispensable dans toutes les voitures et les camping-cars. La surface d&rsquo;assise est en nylon 600D. Solide et tr\u00e8s r\u00e9sistante avec une armature de tiges en acier ; supporte jusqu\u2019\u00e0 160 kg. La chaise est \u00e9quip\u00e9e avec une sangle de s\u00e9curit\u00e9. Avec un poids de seulement 500 g, cette chaise est l\u00e9g\u00e8re et, quand elle est mont\u00e9e, la position d&rsquo;assise de 41 cm est id\u00e9ale.<\/p>\n<p>\u00a0<\/p>\n<p><strong>Description du produit\u00a0:<\/strong><br \/>\nChaise pliante \u00e0 trois pieds<br \/>\nPoids support\u00e9 : env. 160 kg<br \/>\nPoids : 500 g<br \/>\nBandouli\u00e8re :<br \/>\nDimensions : Hauteur 41 cm<br \/>\nSurface d&rsquo;assise : Diam\u00e8tre 30 cm<br \/>\nMat\u00e9riau : Cadre en acier, surface d&rsquo;assise camouflage en nylon 600 D.\u00a0<br \/>\nCouleur : noir, couleur camouflage<br \/>\n\u00a0<\/p>\n","protected":false},"excerpt":{"rendered":"<p>Ce tabouret \u00e0 trois pieds est id\u00e9al pour les spectateurs de tous les types de sport (football, golf, etc.) \u00c9galement adapt\u00e9 pour les concerts en plein air, les chasseurs, les p\u00eacheurs, les excursions en moto et l\u2019observation de la vie sauvage. Peut \u00eatre fix\u00e9 facilement \u00e0 un sac de sport ou un sac \u00e0 dos [&hellip;]<\/p>\n","protected":false},"featured_media":88763,"comment_status":"open","ping_status":"closed","template":"","meta":{"inline_featured_image":false},"product_brand":[],"product_cat":[1347,1435],"product_tag":[1769,1777,1773],"class_list":{"0":"post-42887","1":"product","2":"type-product","3":"status-publish","4":"has-post-thumbnail","6":"product_cat-accessoires-militaires-de-chasse","7":"product_cat-camping-voyage","8":"product_tag-army-survival-fr","9":"product_tag-camping-voyage","10":"product_tag-chasse-peche","12":"first","13":"instock","14":"taxable","15":"shipping-taxable","16":"purchasable","17":"product-type-simple"},"_links":{"self":[{"href":"https:\/\/metal-badge.ch\/fr\/wp-json\/wp\/v2\/product\/42887","targetHints":{"allow":["GET"]}}],"collection":[{"href":"https:\/\/metal-badge.ch\/fr\/wp-json\/wp\/v2\/product"}],"about":[{"href":"https:\/\/metal-badge.ch\/fr\/wp-json\/wp\/v2\/types\/product"}],"replies":[{"embeddable":true,"href":"https:\/\/metal-badge.ch\/fr\/wp-json\/wp\/v2\/comments?post=42887"}],"wp:featuredmedia":[{"embeddable":true,"href":"https:\/\/metal-badge.ch\/fr\/wp-json\/wp\/v2\/media\/88763"}],"wp:attachment":[{"href":"https:\/\/metal-badge.ch\/fr\/wp-json\/wp\/v2\/media?parent=42887"}],"wp:term":[{"taxonomy":"product_brand","embeddable":true,"href":"https:\/\/metal-badge.ch\/fr\/wp-json\/wp\/v2\/product_brand?post=42887"},{"taxonomy":"product_cat","embeddable":true,"href":"https:\/\/metal-badge.ch\/fr\/wp-json\/wp\/v2\/product_cat?post=42887"},{"taxonomy":"product_tag","embeddable":true,"href":"https:\/\/metal-badge.ch\/fr\/wp-json\/wp\/v2\/product_tag?post=42887"}],"curies":[{"name":"wp","href":"https:\/\/api.w.org\/{rel}","templated":true}]}}