{"id":42864,"date":"2018-02-01T10:58:42","date_gmt":"2018-02-01T10:58:42","guid":{"rendered":"https:\/\/shop.metal-badge.ch\/?product=etui-polizia-polizei-recto-verso-argent-avec-porte-stylo-latra-elastique"},"modified":"2024-01-04T05:11:13","modified_gmt":"2024-01-04T04:11:13","slug":"etui-polizia-polizei-recto-verso-argent-avec-porte-stylo-latra-elastique","status":"publish","type":"product","link":"https:\/\/metal-badge.ch\/fr\/product\/42864\/etui-polizia-polizei-recto-verso-argent-avec-porte-stylo-latra-elastique\/","title":{"rendered":"Etui \u00ab\u00a0POLIZIA-POLIZEI\u00a0\u00bb, recto-verso, argent avec porte-stylo latra \u00e9lastiqu\u00e9"},"content":{"rendered":"<p>Etui POLICE avec cha\u00eenette, inscription des deux c\u00f4t\u00e9s (POLIZIA\/POLIZEI), pour deux cartes format carte de cr\u00e9dit, \u00e9criture argent\u00e9e.<br \/>\nLe top absolu de cette housse est son porte-stylo lat\u00e9ral \u00e9lastiqu\u00e9.<\/p>\n<p>Dimensions\/ mesures : Largeur 8.5 cm \/ hauteur 11.0 cm<\/p>\n<p><strong>Attention: Nous offrons une remise de 20% sur les achats et commandes sup\u00e9rieures \u00e0 100 pi\u00e8ces.<\/strong><\/p>\n","protected":false},"excerpt":{"rendered":"<p>Etui POLICE avec cha\u00eenette, inscription des deux c\u00f4t\u00e9s (POLIZIA\/POLIZEI), pour deux cartes format carte de cr\u00e9dit, \u00e9criture argent\u00e9e.<\/p>\n","protected":false},"featured_media":88769,"comment_status":"open","ping_status":"closed","template":"","meta":{"inline_featured_image":false},"product_brand":[],"product_cat":[907,887,947],"product_tag":[],"class_list":{"0":"post-42864","1":"product","2":"type-product","3":"status-publish","4":"has-post-thumbnail","6":"product_cat-etuis-en-cuir-sans-badge","7":"product_cat-accessoires","8":"product_cat-portemonnaies-etuis-en-cuir","10":"first","11":"instock","12":"taxable","13":"shipping-taxable","14":"purchasable","15":"product-type-simple"},"_links":{"self":[{"href":"https:\/\/metal-badge.ch\/fr\/wp-json\/wp\/v2\/product\/42864","targetHints":{"allow":["GET"]}}],"collection":[{"href":"https:\/\/metal-badge.ch\/fr\/wp-json\/wp\/v2\/product"}],"about":[{"href":"https:\/\/metal-badge.ch\/fr\/wp-json\/wp\/v2\/types\/product"}],"replies":[{"embeddable":true,"href":"https:\/\/metal-badge.ch\/fr\/wp-json\/wp\/v2\/comments?post=42864"}],"wp:featuredmedia":[{"embeddable":true,"href":"https:\/\/metal-badge.ch\/fr\/wp-json\/wp\/v2\/media\/88769"}],"wp:attachment":[{"href":"https:\/\/metal-badge.ch\/fr\/wp-json\/wp\/v2\/media?parent=42864"}],"wp:term":[{"taxonomy":"product_brand","embeddable":true,"href":"https:\/\/metal-badge.ch\/fr\/wp-json\/wp\/v2\/product_brand?post=42864"},{"taxonomy":"product_cat","embeddable":true,"href":"https:\/\/metal-badge.ch\/fr\/wp-json\/wp\/v2\/product_cat?post=42864"},{"taxonomy":"product_tag","embeddable":true,"href":"https:\/\/metal-badge.ch\/fr\/wp-json\/wp\/v2\/product_tag?post=42864"}],"curies":[{"name":"wp","href":"https:\/\/api.w.org\/{rel}","templated":true}]}}