{"id":42843,"date":"2018-01-31T18:20:28","date_gmt":"2018-01-31T18:20:28","guid":{"rendered":"https:\/\/shop.metal-badge.ch\/?product=bermuda-cargo-camouflage-sable-ms002"},"modified":"2018-01-31T18:38:10","modified_gmt":"2018-01-31T18:38:10","slug":"bermuda-cargo-camouflage-sable-ms002","status":"publish","type":"product","link":"https:\/\/metal-badge.ch\/fr\/product\/42843\/bermuda-cargo-camouflage-sable-ms002\/","title":{"rendered":"Bermuda cargo camouflage sable MS002"},"content":{"rendered":"<p>Short cargo original pour homme de B.D.City Fashion, bermuda court de couleur camouflage sable. Ce short tendance 100\u00a0% coton est tr\u00e8s confortable \u00e0 porter. Mati\u00e8re en coton souple et moelleuse. Avec deux grandes poches revolver avec fermeture \u00e0 bouton pression. Deux grandes poches sur les jambes \u00e0 l&rsquo;avant et une grande poche lat\u00e9rale avec fermeture \u00e0 bouton pression. Ce bermuda est disponible en deux couleurs : sable camouflage et camouflage vert arm\u00e9e, dans diff\u00e9rentes tailles. Voir tableau des tailles ci-dessous.<\/p>\n<p>\u00a0<\/p>\n<p><strong>Description du produit : <\/strong><br \/>\nCouleur\u00a0: Sable camouflage<br \/>\nMati\u00e8re\u00a0: 100\u00a0% coton souple et moelleux<br \/>\nConfortable<br \/>\nSangles pour ceinture<br \/>\nAvec fermeture \u00e9clair<br \/>\n2 poches sur les jambes<br \/>\n2 poches revolver avec fermeture \u00e0 bouton-pression<br \/>\n1 poche avec fermeture \u00e0 bouton pression<\/p>\n<p>\u00a0<\/p>\n<table border=\"1\" cellpadding=\"1\" cellspacing=\"0\" style=\"height:auto; width:100%\">\n<tbody>\n<tr>\n<td>Euro<br \/>\n\t\t\tSize<\/td>\n<td>\n<p>Waist<\/p>\n<p>(cm)<\/p>\n<\/td>\n<td>Hip<br \/>\n\t\t\t(cm)<\/td>\n<td>Length<br \/>\n\t\t\t(cm)<\/td>\n<td>US<br \/>\n\t\t\tSize<\/td>\n<\/tr>\n<tr>\n<td>46<\/td>\n<td>74<\/td>\n<td>99<\/td>\n<td>55<\/td>\n<td>29 (S)<\/td>\n<\/tr>\n<tr>\n<td>46<\/td>\n<td>76.5<\/td>\n<td>101<\/td>\n<td>56<\/td>\n<td>30 (S)<\/td>\n<\/tr>\n<tr>\n<td>48<\/td>\n<td>79<\/td>\n<td>103.5<\/td>\n<td>57<\/td>\n<td>31 (M)<\/td>\n<\/tr>\n<tr>\n<td>48<\/td>\n<td>81.5<\/td>\n<td>106<\/td>\n<td>58<\/td>\n<td>32 (M)<\/td>\n<\/tr>\n<tr>\n<td>50<\/td>\n<td>86.5<\/td>\n<td>111<\/td>\n<td>59<\/td>\n<td>34 (M)<\/td>\n<\/tr>\n<tr>\n<td>52<\/td>\n<td>91.5<\/td>\n<td>116<\/td>\n<td>60<\/td>\n<td>36 (L)<\/td>\n<\/tr>\n<tr>\n<td>54<\/td>\n<td>96.5<\/td>\n<td>121<\/td>\n<td>60<\/td>\n<td>38 (L)<\/td>\n<\/tr>\n<\/tbody>\n<\/table>\n","protected":false},"excerpt":{"rendered":"<p>Short cargo original pour homme de B.D.City Fashion, bermuda court de couleur camouflage sable. Ce short tendance 100\u00a0% coton est tr\u00e8s confortable \u00e0 porter. Mati\u00e8re en coton souple et moelleuse. Avec deux grandes poches revolver avec fermeture \u00e0 bouton pression. Deux grandes poches sur les jambes \u00e0 l&rsquo;avant et une grande poche lat\u00e9rale avec fermeture [&hellip;]<\/p>\n","protected":false},"featured_media":55746,"comment_status":"open","ping_status":"closed","template":"","meta":{"inline_featured_image":false},"product_brand":[],"product_cat":[1347,1614,1634],"product_tag":[1769,1777,1773,1781,1765],"class_list":{"0":"post-42843","1":"product","2":"type-product","3":"status-publish","4":"has-post-thumbnail","6":"product_cat-accessoires-militaires-de-chasse","7":"product_cat-pantalons-et-shorts","8":"product_cat-vestes-and-vetements-tactiques-couleurs-de-camouflage","9":"product_tag-army-survival-fr","10":"product_tag-camping-voyage","11":"product_tag-chasse-peche","12":"product_tag-police-securite","13":"product_tag-sport-outdoor-fr","15":"first","16":"instock","17":"taxable","18":"shipping-taxable","19":"purchasable","20":"product-type-simple"},"_links":{"self":[{"href":"https:\/\/metal-badge.ch\/fr\/wp-json\/wp\/v2\/product\/42843","targetHints":{"allow":["GET"]}}],"collection":[{"href":"https:\/\/metal-badge.ch\/fr\/wp-json\/wp\/v2\/product"}],"about":[{"href":"https:\/\/metal-badge.ch\/fr\/wp-json\/wp\/v2\/types\/product"}],"replies":[{"embeddable":true,"href":"https:\/\/metal-badge.ch\/fr\/wp-json\/wp\/v2\/comments?post=42843"}],"wp:featuredmedia":[{"embeddable":true,"href":"https:\/\/metal-badge.ch\/fr\/wp-json\/wp\/v2\/media\/55746"}],"wp:attachment":[{"href":"https:\/\/metal-badge.ch\/fr\/wp-json\/wp\/v2\/media?parent=42843"}],"wp:term":[{"taxonomy":"product_brand","embeddable":true,"href":"https:\/\/metal-badge.ch\/fr\/wp-json\/wp\/v2\/product_brand?post=42843"},{"taxonomy":"product_cat","embeddable":true,"href":"https:\/\/metal-badge.ch\/fr\/wp-json\/wp\/v2\/product_cat?post=42843"},{"taxonomy":"product_tag","embeddable":true,"href":"https:\/\/metal-badge.ch\/fr\/wp-json\/wp\/v2\/product_tag?post=42843"}],"curies":[{"name":"wp","href":"https:\/\/api.w.org\/{rel}","templated":true}]}}