{"id":42835,"date":"2018-01-30T16:33:22","date_gmt":"2018-01-30T16:33:22","guid":{"rendered":"https:\/\/shop.metal-badge.ch\/?product=pantalon-cargo-camouflage-vert-armee-mt001"},"modified":"2020-12-02T04:01:29","modified_gmt":"2020-12-02T03:01:29","slug":"pantalon-cargo-camouflage-vert-armee-mt001","status":"publish","type":"product","link":"https:\/\/metal-badge.ch\/fr\/product\/42835\/pantalon-cargo-camouflage-vert-armee-mt001\/","title":{"rendered":"Pantalon cargo camouflage vert arm\u00e9e MT001"},"content":{"rendered":"<p>Pantalon cargo pour homme original de B.D.City-Fashion en couleur camouflage vert arm\u00e9e. Ce pantalon tendance 100\u00a0% coton est tr\u00e8s confortable \u00e0 porter. Mati\u00e8re en coton souple et moelleuse. Avec deux grandes poches revolver avec fermeture \u00e0 bouton pression. Deux grandes poches sur les jambes \u00e0 l&rsquo;avant et 3 poches de chaque c\u00f4t\u00e9 avec fermeture \u00e0 bouton pression. Ce pantalon est disponible dans diff\u00e9rentes tailles. Voir tableau des tailles ci-dessous.<\/p>\n<p><strong>Description du produit :<\/strong><br \/>\nCouleur\u00a0: Couleur camouflage vert arm\u00e9e<br \/>\nMati\u00e8re\u00a0: 100\u00a0% coton souple et moelleux<br \/>\nConfortable<br \/>\nSangles pour ceinture<br \/>\nAvec fermeture \u00e9clair<br \/>\n2 poches sur les jambes<br \/>\n2 poches revolver avec fermeture \u00e0 bouton-pression<br \/>\n6 poches lat\u00e9rales (3 de chaque c\u00f4t\u00e9) avec fermeture \u00e0 bouton pression<br \/>\nDimensions de la poche lat\u00e9rale : 4 x 17cm de profondeur x 10 cm de largeur<br \/>\nDimensions de la poche lat\u00e9rale : 2 x 15 cm de profondeur x 12 cm de largeur<\/p>\n<table style=\"height: auto;width: 100%\" border=\"1\" cellspacing=\"0\" cellpadding=\"0\">\n<tbody>\n<tr>\n<td>Euro<br \/>\nSize<\/td>\n<td>Waist<br \/>\n(cm)<\/td>\n<td>Hip<br \/>\n(cm)<\/td>\n<td>Length<br \/>\n(cm)<\/td>\n<td>US<br \/>\nSize<\/td>\n<\/tr>\n<tr>\n<td>46<\/td>\n<td>75<\/td>\n<td>99<\/td>\n<td>103<\/td>\n<td>29 (S)<\/td>\n<\/tr>\n<tr>\n<td>46<\/td>\n<td>78<\/td>\n<td>102<\/td>\n<td>105<\/td>\n<td>30 (S)<\/td>\n<\/tr>\n<tr>\n<td>48<\/td>\n<td>81<\/td>\n<td>105<\/td>\n<td>107<\/td>\n<td>31 (M)<\/td>\n<\/tr>\n<tr>\n<td>50<\/td>\n<td>84<\/td>\n<td>108<\/td>\n<td>109<\/td>\n<td>32 (M)<\/td>\n<\/tr>\n<tr>\n<td>50<\/td>\n<td>87<\/td>\n<td>111<\/td>\n<td>111<\/td>\n<td>33 (M)<\/td>\n<\/tr>\n<tr>\n<td>52<\/td>\n<td>90<\/td>\n<td>114<\/td>\n<td>111<\/td>\n<td>34 (M)<\/td>\n<\/tr>\n<tr>\n<td>54<\/td>\n<td>96<\/td>\n<td>120<\/td>\n<td>113<\/td>\n<td>36 (L)<\/td>\n<\/tr>\n<tr>\n<td>56<\/td>\n<td>102<\/td>\n<td>126<\/td>\n<td>113<\/td>\n<td>38 (L)<\/td>\n<\/tr>\n<\/tbody>\n<\/table>\n","protected":false},"excerpt":{"rendered":"<p>Pantalon cargo pour homme original de B.D.City-Fashion en couleur camouflage vert arm\u00e9e. Ce pantalon tendance 100\u00a0% coton est tr\u00e8s confortable \u00e0 porter. Mati\u00e8re en coton souple et moelleuse. Avec deux grandes poches revolver avec fermeture \u00e0 bouton pression. Deux grandes poches sur les jambes \u00e0 l&rsquo;avant et 3 poches de chaque c\u00f4t\u00e9 avec fermeture \u00e0 [&hellip;]<\/p>\n","protected":false},"featured_media":42828,"comment_status":"open","ping_status":"closed","template":"","meta":{"inline_featured_image":false},"product_brand":[],"product_cat":[1347,1614],"product_tag":[1769,1777,1773,1781,1765],"class_list":{"0":"post-42835","1":"product","2":"type-product","3":"status-publish","4":"has-post-thumbnail","6":"product_cat-accessoires-militaires-de-chasse","7":"product_cat-pantalons-et-shorts","8":"product_tag-army-survival-fr","9":"product_tag-camping-voyage","10":"product_tag-chasse-peche","11":"product_tag-police-securite","12":"product_tag-sport-outdoor-fr","14":"first","15":"instock","16":"taxable","17":"shipping-taxable","18":"purchasable","19":"product-type-simple"},"_links":{"self":[{"href":"https:\/\/metal-badge.ch\/fr\/wp-json\/wp\/v2\/product\/42835","targetHints":{"allow":["GET"]}}],"collection":[{"href":"https:\/\/metal-badge.ch\/fr\/wp-json\/wp\/v2\/product"}],"about":[{"href":"https:\/\/metal-badge.ch\/fr\/wp-json\/wp\/v2\/types\/product"}],"replies":[{"embeddable":true,"href":"https:\/\/metal-badge.ch\/fr\/wp-json\/wp\/v2\/comments?post=42835"}],"wp:featuredmedia":[{"embeddable":true,"href":"https:\/\/metal-badge.ch\/fr\/wp-json\/wp\/v2\/media\/42828"}],"wp:attachment":[{"href":"https:\/\/metal-badge.ch\/fr\/wp-json\/wp\/v2\/media?parent=42835"}],"wp:term":[{"taxonomy":"product_brand","embeddable":true,"href":"https:\/\/metal-badge.ch\/fr\/wp-json\/wp\/v2\/product_brand?post=42835"},{"taxonomy":"product_cat","embeddable":true,"href":"https:\/\/metal-badge.ch\/fr\/wp-json\/wp\/v2\/product_cat?post=42835"},{"taxonomy":"product_tag","embeddable":true,"href":"https:\/\/metal-badge.ch\/fr\/wp-json\/wp\/v2\/product_tag?post=42835"}],"curies":[{"name":"wp","href":"https:\/\/api.w.org\/{rel}","templated":true}]}}