{"id":42825,"date":"2018-01-30T15:46:17","date_gmt":"2018-01-30T15:46:17","guid":{"rendered":"https:\/\/shop.metal-badge.ch\/?product=veste-en-softshell-orange-camouflage"},"modified":"2020-12-02T04:01:40","modified_gmt":"2020-12-02T03:01:40","slug":"veste-en-softshell-orange-camouflage","status":"publish","type":"product","link":"https:\/\/metal-badge.ch\/fr\/product\/42825\/veste-en-softshell-orange-camouflage\/","title":{"rendered":"Veste en softshell orange, camouflage"},"content":{"rendered":"<p>Cette veste fonctionnelle en softshell \u00e0 coupe sportive est coupe-vent, respirante et hydrofuge, ce qui la rend tr\u00e8s agr\u00e9able \u00e0 porter. Cette veste en softshell sera un compagnon utile quelles que soient les conditions m\u00e9t\u00e9orologiques. Que ce soit au bord de la mer ou en montagne, cette veste en softshell fait partie de l\u2019\u00e9quipement d\u2019ext\u00e9rieur id\u00e9al. Les poignets sont \u00e9lastiques. La veste peut facilement \u00eatre r\u00e9gl\u00e9e au col et \u00e0 la taille avec un cordon \u00e9lastique avec arr\u00eateur pour l\u2019ajuster de mani\u00e8re personnalis\u00e9e. La veste est \u00e9quip\u00e9e de deux grandes poches lat\u00e9rales \u00e0 l\u2019avant avec fermeture \u00e9clair YKK. Col \u00e0 fermeture haute avec cordon \u00e9lastique. Vous achetez un mod\u00e8le \u00e0 excellente relation qualit\u00e9-prix.<\/p>\n<p><strong>Informations du produit :<\/strong><br \/>\nCouleur : orange, camouflage<br \/>\nHydrofuge, coupe-vent, respirant<br \/>\nCol haut de 8 cm<br \/>\n2x poches ext\u00e9rieures avec fermeture \u00e9clair<br \/>\nGSM : 330 g\/m<sup>2<\/sup><br \/>\nMati\u00e8re : Softshell<br \/>\nCol \u00e0 fermeture haute avec cordon \u00e9lastique<br \/>\nL\u2019ourlet peut \u00eatre r\u00e9gl\u00e9 avec un cordon \u00e9lastique<br \/>\nPoignets \u00e9lastiques<br \/>\nFacile d\u2019entretien<br \/>\nCoupe : normale<br \/>\nTailles : S, M, L, XL<\/p>\n","protected":false},"excerpt":{"rendered":"<p>Cette veste fonctionnelle en softshell \u00e0 coupe sportive est coupe-vent, respirante et hydrofuge, ce qui la rend tr\u00e8s agr\u00e9able \u00e0 porter. Cette veste en softshell sera un compagnon utile quelles que soient les conditions m\u00e9t\u00e9orologiques. Que ce soit au bord de la mer ou en montagne, cette veste en softshell fait partie de l\u2019\u00e9quipement d\u2019ext\u00e9rieur [&hellip;]<\/p>\n","protected":false},"featured_media":42818,"comment_status":"open","ping_status":"closed","template":"","meta":{"inline_featured_image":false},"product_brand":[],"product_cat":[1347,1602],"product_tag":[1769,1777,1773,1765],"class_list":{"0":"post-42825","1":"product","2":"type-product","3":"status-publish","4":"has-post-thumbnail","6":"product_cat-accessoires-militaires-de-chasse","7":"product_cat-vestes-en-softshell-pantalons-et-vetements-haute-visibilite","8":"product_tag-army-survival-fr","9":"product_tag-camping-voyage","10":"product_tag-chasse-peche","11":"product_tag-sport-outdoor-fr","13":"first","14":"instock","15":"taxable","16":"shipping-taxable","17":"purchasable","18":"product-type-simple"},"_links":{"self":[{"href":"https:\/\/metal-badge.ch\/fr\/wp-json\/wp\/v2\/product\/42825","targetHints":{"allow":["GET"]}}],"collection":[{"href":"https:\/\/metal-badge.ch\/fr\/wp-json\/wp\/v2\/product"}],"about":[{"href":"https:\/\/metal-badge.ch\/fr\/wp-json\/wp\/v2\/types\/product"}],"replies":[{"embeddable":true,"href":"https:\/\/metal-badge.ch\/fr\/wp-json\/wp\/v2\/comments?post=42825"}],"wp:featuredmedia":[{"embeddable":true,"href":"https:\/\/metal-badge.ch\/fr\/wp-json\/wp\/v2\/media\/42818"}],"wp:attachment":[{"href":"https:\/\/metal-badge.ch\/fr\/wp-json\/wp\/v2\/media?parent=42825"}],"wp:term":[{"taxonomy":"product_brand","embeddable":true,"href":"https:\/\/metal-badge.ch\/fr\/wp-json\/wp\/v2\/product_brand?post=42825"},{"taxonomy":"product_cat","embeddable":true,"href":"https:\/\/metal-badge.ch\/fr\/wp-json\/wp\/v2\/product_cat?post=42825"},{"taxonomy":"product_tag","embeddable":true,"href":"https:\/\/metal-badge.ch\/fr\/wp-json\/wp\/v2\/product_tag?post=42825"}],"curies":[{"name":"wp","href":"https:\/\/api.w.org\/{rel}","templated":true}]}}