{"id":42806,"date":"2018-01-30T11:27:26","date_gmt":"2018-01-30T11:27:26","guid":{"rendered":"https:\/\/shop.metal-badge.ch\/?product=t-shirt-olive-arbre-veritable-couleurs-de-camouflage"},"modified":"2020-12-02T04:09:13","modified_gmt":"2020-12-02T03:09:13","slug":"t-shirt-olive-arbre-veritable-couleurs-de-camouflage","status":"publish","type":"product","link":"https:\/\/metal-badge.ch\/fr\/product\/42806\/t-shirt-olive-arbre-veritable-couleurs-de-camouflage\/","title":{"rendered":"T-shirt, olive \/ arbre v\u00e9ritable &#8211; couleurs de camouflage"},"content":{"rendered":"<p>T-shirt classique \u00e0 col rond. Dans les couleurs de camouflages \u00ab\u00a0vert olive\u00a0\/ arbre v\u00e9ritable\u00a0\u00bb. Le bras gauche du t-shirt comporte une broderie des armoiries suisses. T-shirt d\u2019\u00e9t\u00e9 l\u00e9ger 80% polyester 20% coton, 180 GSM Tr\u00e8s facile d\u2019entretien.<\/p>\n<p>Coupe normale : Tailles : S, M, L, XL<\/p>\n","protected":false},"excerpt":{"rendered":"<p>T-shirt classique \u00e0 col rond. Dans les couleurs de camouflages \u00ab\u00a0vert olive\u00a0\/ arbre v\u00e9ritable\u00a0\u00bb. Le bras gauche du t-shirt comporte une broderie des armoiries suisses. T-shirt d\u2019\u00e9t\u00e9 l\u00e9ger 80% polyester 20% coton, 180 GSM Tr\u00e8s facile d\u2019entretien. Coupe normale : Tailles : S, M, L, XL<\/p>\n","protected":false},"featured_media":84877,"comment_status":"open","ping_status":"closed","template":"","meta":{"inline_featured_image":false},"product_brand":[],"product_cat":[1347,1570],"product_tag":[1769,1773,1765],"class_list":{"0":"post-42806","1":"product","2":"type-product","3":"status-publish","4":"has-post-thumbnail","6":"product_cat-accessoires-militaires-de-chasse","7":"product_cat-t-shirts-polo-shirts-fr","8":"product_tag-army-survival-fr","9":"product_tag-chasse-peche","10":"product_tag-sport-outdoor-fr","12":"first","13":"instock","14":"taxable","15":"shipping-taxable","16":"purchasable","17":"product-type-simple"},"_links":{"self":[{"href":"https:\/\/metal-badge.ch\/fr\/wp-json\/wp\/v2\/product\/42806","targetHints":{"allow":["GET"]}}],"collection":[{"href":"https:\/\/metal-badge.ch\/fr\/wp-json\/wp\/v2\/product"}],"about":[{"href":"https:\/\/metal-badge.ch\/fr\/wp-json\/wp\/v2\/types\/product"}],"replies":[{"embeddable":true,"href":"https:\/\/metal-badge.ch\/fr\/wp-json\/wp\/v2\/comments?post=42806"}],"wp:featuredmedia":[{"embeddable":true,"href":"https:\/\/metal-badge.ch\/fr\/wp-json\/wp\/v2\/media\/84877"}],"wp:attachment":[{"href":"https:\/\/metal-badge.ch\/fr\/wp-json\/wp\/v2\/media?parent=42806"}],"wp:term":[{"taxonomy":"product_brand","embeddable":true,"href":"https:\/\/metal-badge.ch\/fr\/wp-json\/wp\/v2\/product_brand?post=42806"},{"taxonomy":"product_cat","embeddable":true,"href":"https:\/\/metal-badge.ch\/fr\/wp-json\/wp\/v2\/product_cat?post=42806"},{"taxonomy":"product_tag","embeddable":true,"href":"https:\/\/metal-badge.ch\/fr\/wp-json\/wp\/v2\/product_tag?post=42806"}],"curies":[{"name":"wp","href":"https:\/\/api.w.org\/{rel}","templated":true}]}}