{"id":42744,"date":"2017-12-28T21:05:56","date_gmt":"2017-12-28T21:05:56","guid":{"rendered":"https:\/\/shop.metal-badge.ch\/?product=etui-en-cuir-reliable-gestionnaire-chien"},"modified":"2020-12-11T05:47:19","modified_gmt":"2020-12-11T04:47:19","slug":"etui-en-cuir-reliable-gestionnaire-chien","status":"publish","type":"product","link":"https:\/\/metal-badge.ch\/fr\/product\/42744\/etui-en-cuir-reliable-gestionnaire-chien\/","title":{"rendered":"\u00c9tui en cuir \u00ab\u00a0Reliable\u00a0\u00bb Gestionnaire chien"},"content":{"rendered":"<p>\u00c9tui joliment travaill\u00e9 brun en cuir de b\u0153uf de premi\u00e8re qualit\u00e9. Cet \u00e9tui est \u00e9quip\u00e9 d\u2019une fen\u00eatre transparente pour document d&rsquo;identit\u00e9 au format carte de cr\u00e9dit et d\u2019un compartiment lat\u00e9ral inf\u00e9rieur pour cartes, documents, etc. Un autre compartiment qui s\u2019ouvre depuis le dessus et lui aussi \u00e9quip\u00e9 d\u2019une fen\u00eatre transparente compl\u00e8te cet \u00e9tui. Le grand compartiment pour cartes de cr\u00e9dit avec deux compartiments s\u00e9par\u00e9s pour au moins 15 cartes de cr\u00e9dit en tout est \u00e9galement unique. Les compartiments sont bien entendu appropri\u00e9s pour les billets, notes, etc. Le support pour badge se trouve sur le compartiment pour carte de cr\u00e9dit et le badge peut \u00eatre ins\u00e9r\u00e9 dans le support par en haut. La fermeture magn\u00e9tique invisible int\u00e9gr\u00e9e au cuir fixe le rabat en maintient l\u2019\u00e9tui en cuir ferm\u00e9.<\/p>\n<p><strong>Dimensions \u00e9tui\u00a0:<\/strong> Hauteur 10,5 cm \/ Largeur 9,0 cm \/ Profondeur 2,5 cm<br \/>\n<strong>Dimensions fen\u00eatre document d&rsquo;identit\u00e9\u00a0:<\/strong> Largeur 9,0 cm \/ Hauteur 6,5 cm<br \/>\n<strong>Poids :<\/strong> 94 g.<br \/>\n<strong>Couleur : <\/strong>Brun<br \/>\n<strong>Mati\u00e8re<\/strong> : Cuir de b\u0153uf<\/p>\n","protected":false},"excerpt":{"rendered":"<p>\u00c9tui joliment travaill\u00e9 brun en cuir de b\u0153uf de premi\u00e8re qualit\u00e9. Cet \u00e9tui est \u00e9quip\u00e9 d\u2019une fen\u00eatre transparente pour document d&rsquo;identit\u00e9 au format carte de cr\u00e9dit et d\u2019un compartiment lat\u00e9ral inf\u00e9rieur pour cartes, documents, etc. Un autre compartiment qui s\u2019ouvre depuis le dessus et lui aussi \u00e9quip\u00e9 d\u2019une fen\u00eatre transparente compl\u00e8te cet \u00e9tui. Le grand [&hellip;]<\/p>\n","protected":false},"featured_media":86049,"comment_status":"open","ping_status":"closed","template":"","meta":{"inline_featured_image":false},"product_brand":[],"product_cat":[1403,2339],"product_tag":[],"class_list":{"0":"post-42744","1":"product","2":"type-product","3":"status-publish","4":"has-post-thumbnail","6":"product_cat-gestionnaire-chien","7":"product_cat-gestionnaire-chien-fr","9":"first","10":"instock","11":"taxable","12":"shipping-taxable","13":"purchasable","14":"product-type-simple"},"_links":{"self":[{"href":"https:\/\/metal-badge.ch\/fr\/wp-json\/wp\/v2\/product\/42744","targetHints":{"allow":["GET"]}}],"collection":[{"href":"https:\/\/metal-badge.ch\/fr\/wp-json\/wp\/v2\/product"}],"about":[{"href":"https:\/\/metal-badge.ch\/fr\/wp-json\/wp\/v2\/types\/product"}],"replies":[{"embeddable":true,"href":"https:\/\/metal-badge.ch\/fr\/wp-json\/wp\/v2\/comments?post=42744"}],"wp:featuredmedia":[{"embeddable":true,"href":"https:\/\/metal-badge.ch\/fr\/wp-json\/wp\/v2\/media\/86049"}],"wp:attachment":[{"href":"https:\/\/metal-badge.ch\/fr\/wp-json\/wp\/v2\/media?parent=42744"}],"wp:term":[{"taxonomy":"product_brand","embeddable":true,"href":"https:\/\/metal-badge.ch\/fr\/wp-json\/wp\/v2\/product_brand?post=42744"},{"taxonomy":"product_cat","embeddable":true,"href":"https:\/\/metal-badge.ch\/fr\/wp-json\/wp\/v2\/product_cat?post=42744"},{"taxonomy":"product_tag","embeddable":true,"href":"https:\/\/metal-badge.ch\/fr\/wp-json\/wp\/v2\/product_tag?post=42744"}],"curies":[{"name":"wp","href":"https:\/\/api.w.org\/{rel}","templated":true}]}}