{"id":42258,"date":"2017-12-20T15:13:33","date_gmt":"2017-12-20T15:13:33","guid":{"rendered":"https:\/\/shop.metal-badge.ch\/?product=etui-en-cuir-fashionable-ipa-slovaquie"},"modified":"2017-12-20T15:18:47","modified_gmt":"2017-12-20T15:18:47","slug":"etui-en-cuir-fashionable-ipa-slovaquie","status":"publish","type":"product","link":"https:\/\/metal-badge.ch\/fr\/product\/42258\/etui-en-cuir-fashionable-ipa-slovaquie\/","title":{"rendered":"\u00c9tui en cuir \u00ab\u00a0Fashionable\u00a0\u00bb IPA Slovaquie"},"content":{"rendered":"<p>\u00c9tui bleu en cuir de b\u0153uf \u00e0 structure grossi\u00e8re d&rsquo;excellente qualit\u00e9. \u00c0 l&rsquo;ext\u00e9rieur de l\u2019\u00e9tui, vous trouverez une fen\u00eatre transparente pour document d\u2019identit\u00e9. Un support pour badge est \u00e9galement appos\u00e9 \u00e0 l\u2019ext\u00e9rieur ; le badge est ins\u00e9r\u00e9 dans le support depuis le haut. 9 compartiments pour carte de cr\u00e9dit se trouvent \u00e0 l\u2019int\u00e9rieur et permettent de ranger au moins 27 cartes de cr\u00e9dit. Les compartiments sont bien entendu appropri\u00e9s pour les billets, notes, etc. La fermeture \u00e9clair sur le pourtour permet d\u2019ouvrir l\u2019\u00e9tui de mani\u00e8re rapide et confortable.<\/p>\n<p>\n<strong>Dimensions \u00e9tui\u00a0:<\/strong> Hauteur 11,5 cm \/ Largeur 8,0 cm \/ Profondeur 3,0 cm\u00a0<br \/>\n<strong>Dimensions fen\u00eatre document d&rsquo;identit\u00e9\u00a0:<\/strong> Largeur 7,0 cm \/ Hauteur 9,5 cm<br \/>\n<strong>Poids :<\/strong> 98 g.<br \/>\n<strong>Couleur : <\/strong>Bleu fonc\u00e9<br \/>\n<strong>Mati\u00e8re :<\/strong> Cuir de b\u0153uf<\/p>\n","protected":false},"excerpt":{"rendered":"<p>\u00c9tui bleu en cuir de b\u0153uf \u00e0 structure grossi\u00e8re d&rsquo;excellente qualit\u00e9. \u00c0 l&rsquo;ext\u00e9rieur de l\u2019\u00e9tui, vous trouverez une fen\u00eatre transparente pour document d\u2019identit\u00e9. Un support pour badge est \u00e9galement appos\u00e9 \u00e0 l\u2019ext\u00e9rieur ; le badge est ins\u00e9r\u00e9 dans le support depuis le haut. 9 compartiments pour carte de cr\u00e9dit se trouvent \u00e0 l\u2019int\u00e9rieur et permettent [&hellip;]<\/p>\n","protected":false},"featured_media":88895,"comment_status":"open","ping_status":"closed","template":"","meta":{"inline_featured_image":false},"product_brand":[],"product_cat":[1375],"product_tag":[],"class_list":{"0":"post-42258","1":"product","2":"type-product","3":"status-publish","4":"has-post-thumbnail","6":"product_cat-slovaquie","8":"first","9":"instock","10":"taxable","11":"shipping-taxable","12":"purchasable","13":"product-type-simple"},"_links":{"self":[{"href":"https:\/\/metal-badge.ch\/fr\/wp-json\/wp\/v2\/product\/42258","targetHints":{"allow":["GET"]}}],"collection":[{"href":"https:\/\/metal-badge.ch\/fr\/wp-json\/wp\/v2\/product"}],"about":[{"href":"https:\/\/metal-badge.ch\/fr\/wp-json\/wp\/v2\/types\/product"}],"replies":[{"embeddable":true,"href":"https:\/\/metal-badge.ch\/fr\/wp-json\/wp\/v2\/comments?post=42258"}],"wp:featuredmedia":[{"embeddable":true,"href":"https:\/\/metal-badge.ch\/fr\/wp-json\/wp\/v2\/media\/88895"}],"wp:attachment":[{"href":"https:\/\/metal-badge.ch\/fr\/wp-json\/wp\/v2\/media?parent=42258"}],"wp:term":[{"taxonomy":"product_brand","embeddable":true,"href":"https:\/\/metal-badge.ch\/fr\/wp-json\/wp\/v2\/product_brand?post=42258"},{"taxonomy":"product_cat","embeddable":true,"href":"https:\/\/metal-badge.ch\/fr\/wp-json\/wp\/v2\/product_cat?post=42258"},{"taxonomy":"product_tag","embeddable":true,"href":"https:\/\/metal-badge.ch\/fr\/wp-json\/wp\/v2\/product_tag?post=42258"}],"curies":[{"name":"wp","href":"https:\/\/api.w.org\/{rel}","templated":true}]}}