{"id":41688,"date":"2017-12-02T16:29:46","date_gmt":"2017-12-02T16:29:46","guid":{"rendered":"https:\/\/shop.metal-badge.ch\/?product=etui-en-cuir-offroad-gestionnaire-chien"},"modified":"2020-12-14T01:01:43","modified_gmt":"2020-12-14T00:01:43","slug":"etui-en-cuir-offroad-gestionnaire-chien","status":"publish","type":"product","link":"https:\/\/metal-badge.ch\/fr\/product\/41688\/etui-en-cuir-offroad-gestionnaire-chien\/","title":{"rendered":"\u00c9tui en cuir \u00ab\u00a0Offroad\u00a0\u00bb Gestionnaire chien"},"content":{"rendered":"<p>Cet \u00e9tui bien con\u00e7u et tr\u00e8s pratique est r\u00e9alis\u00e9 en cuir de vache de premi\u00e8re qualit\u00e9. Porte-monnaie solide \u00e0 structure grossi\u00e8re, mais fabriqu\u00e9 avec grand soin et fini main. Cet \u00e9tui brun mat offre un rapport qualit\u00e9-prix avantageux.<\/p>\n<p>Ce porte-monnaie format paysage ne compte pas de poche pour la monnaie, mais il est \u00e9quip\u00e9 de 6 emplacements pour cartes de cr\u00e9dit pour au moins 12 cartes de cr\u00e9dit ainsi que 2 compartiments\u00a0de rangement\u00a0suppl\u00e9mentaires pour 2 cartes de cr\u00e9dit ou documents d&rsquo;identit\u00e9 suppl\u00e9mentaires. La fen\u00eatre pour document d&rsquo;identit\u00e9 au format carte de cr\u00e9dit peut \u00eatre rabattue vers l&rsquo;int\u00e9rieur et vers l&rsquo;ext\u00e9rieur. L&rsquo;\u00e9tui comprend \u00e9galement un grand compartiment \u00e0 billets et un compartiment\u00a0de rangement\u00a0suppl\u00e9mentaire \u00e0 l&rsquo;ext\u00e9rieur. Sur cet \u00e9tui, le porte-badge peut \u00eatre port\u00e9 ouvert \u00e0 l&rsquo;ext\u00e9rieur ou recouvert du rabat.<\/p>\n<p><strong>Dimensions \u00e9tui\u00a0:<\/strong> hauteur 9,0 cm \/ largeur 10,5 cm \/ profondeur 1,5 cm<br \/>\n<strong>Dimensions fen\u00eatre document d&rsquo;identit\u00e9\u00a0:<\/strong> largeur 9,0 cm \/ hauteur 6,0 cm<br \/>\n<strong>Poids :<\/strong> 80 g.<br \/>\n<strong>Couleur :<\/strong> brun fonc\u00e9<br \/>\n<strong>Mati\u00e8re :<\/strong> cuir de vache<\/p>\n","protected":false},"excerpt":{"rendered":"<p>Cet \u00e9tui bien con\u00e7u et tr\u00e8s pratique est r\u00e9alis\u00e9 en cuir de vache de premi\u00e8re qualit\u00e9. Porte-monnaie solide \u00e0 structure grossi\u00e8re, mais fabriqu\u00e9 avec grand soin et fini main. Cet \u00e9tui brun mat offre un rapport qualit\u00e9-prix avantageux. Ce porte-monnaie format paysage ne compte pas de poche pour la monnaie, mais il est \u00e9quip\u00e9 de [&hellip;]<\/p>\n","protected":false},"featured_media":86263,"comment_status":"open","ping_status":"closed","template":"","meta":{"inline_featured_image":false},"product_brand":[],"product_cat":[1403,2339],"product_tag":[],"class_list":{"0":"post-41688","1":"product","2":"type-product","3":"status-publish","4":"has-post-thumbnail","6":"product_cat-gestionnaire-chien","7":"product_cat-gestionnaire-chien-fr","9":"first","10":"instock","11":"taxable","12":"shipping-taxable","13":"purchasable","14":"product-type-simple"},"_links":{"self":[{"href":"https:\/\/metal-badge.ch\/fr\/wp-json\/wp\/v2\/product\/41688","targetHints":{"allow":["GET"]}}],"collection":[{"href":"https:\/\/metal-badge.ch\/fr\/wp-json\/wp\/v2\/product"}],"about":[{"href":"https:\/\/metal-badge.ch\/fr\/wp-json\/wp\/v2\/types\/product"}],"replies":[{"embeddable":true,"href":"https:\/\/metal-badge.ch\/fr\/wp-json\/wp\/v2\/comments?post=41688"}],"wp:featuredmedia":[{"embeddable":true,"href":"https:\/\/metal-badge.ch\/fr\/wp-json\/wp\/v2\/media\/86263"}],"wp:attachment":[{"href":"https:\/\/metal-badge.ch\/fr\/wp-json\/wp\/v2\/media?parent=41688"}],"wp:term":[{"taxonomy":"product_brand","embeddable":true,"href":"https:\/\/metal-badge.ch\/fr\/wp-json\/wp\/v2\/product_brand?post=41688"},{"taxonomy":"product_cat","embeddable":true,"href":"https:\/\/metal-badge.ch\/fr\/wp-json\/wp\/v2\/product_cat?post=41688"},{"taxonomy":"product_tag","embeddable":true,"href":"https:\/\/metal-badge.ch\/fr\/wp-json\/wp\/v2\/product_tag?post=41688"}],"curies":[{"name":"wp","href":"https:\/\/api.w.org\/{rel}","templated":true}]}}