{"id":41299,"date":"2017-10-09T02:07:05","date_gmt":"2017-10-09T02:07:05","guid":{"rendered":"https:\/\/shop.metal-badge.ch\/?product=bolo-cravate-de-western-gestionnaire-chien"},"modified":"2020-12-14T16:59:34","modified_gmt":"2020-12-14T15:59:34","slug":"bolo-cravate-de-western-gestionnaire-chien","status":"publish","type":"product","link":"https:\/\/metal-badge.ch\/fr\/product\/41299\/bolo-cravate-de-western-gestionnaire-chien\/","title":{"rendered":"Bolo, cravate de Western Gestionnaire chien"},"content":{"rendered":"<p>Ils ont de nombreux noms et sont utilis\u00e9s depuis longtemps en dehors du Western et\u00a0de la sc\u00e8ne country. Bolo avec extr\u00e9mit\u00e9s d\u00e9coratives \u00e9l\u00e9gantes. Bolo avec badge.\u00a0Le support sur le bolo permet de l&rsquo;ajuster facilement au badge. Le badge peut \u00eatre\u00a0tir\u00e9 facilement avec une poign\u00e9e au-dessus du support. Le bolo est fourni\u00a0avec\u00a0une\u00a0pince.\u00a0Deux\u00a0bolos\u00a0diff\u00e9rents\u00a0sont\u00a0disponibles:\u00a0un\u00a0en\u00a0cuir\u00a0marron\u00a0avec\u00a0des\u00a0extr\u00e9mit\u00e9s\u00a0argent\u00e9es en m\u00e9tal. Et un bolo en nylon noir avec extr\u00e9mit\u00e9s dor\u00e9es en m\u00e9tal.<\/p>\n<p>Peut \u00eatre ajust\u00e9 au porteur.<\/p>\n","protected":false},"excerpt":{"rendered":"<p>Ils ont de nombreux noms et sont utilis\u00e9s depuis longtemps en dehors du Western et\u00a0de la sc\u00e8ne country. Bolo avec extr\u00e9mit\u00e9s d\u00e9coratives \u00e9l\u00e9gantes. Bolo avec badge.\u00a0Le support sur le bolo permet de l&rsquo;ajuster facilement au badge. Le badge peut \u00eatre\u00a0tir\u00e9 facilement avec une poign\u00e9e au-dessus du support. Le bolo est fourni\u00a0avec\u00a0une\u00a0pince.\u00a0Deux\u00a0bolos\u00a0diff\u00e9rents\u00a0sont\u00a0disponibles:\u00a0un\u00a0en\u00a0cuir\u00a0marron\u00a0avec\u00a0des\u00a0extr\u00e9mit\u00e9s\u00a0argent\u00e9es en m\u00e9tal. Et un [&hellip;]<\/p>\n","protected":false},"featured_media":41295,"comment_status":"open","ping_status":"closed","template":"","meta":{"inline_featured_image":false},"product_brand":[],"product_cat":[1403,2339],"product_tag":[],"class_list":{"0":"post-41299","1":"product","2":"type-product","3":"status-publish","4":"has-post-thumbnail","6":"product_cat-gestionnaire-chien","7":"product_cat-gestionnaire-chien-fr","9":"first","10":"instock","11":"taxable","12":"shipping-taxable","13":"purchasable","14":"product-type-simple"},"_links":{"self":[{"href":"https:\/\/metal-badge.ch\/fr\/wp-json\/wp\/v2\/product\/41299","targetHints":{"allow":["GET"]}}],"collection":[{"href":"https:\/\/metal-badge.ch\/fr\/wp-json\/wp\/v2\/product"}],"about":[{"href":"https:\/\/metal-badge.ch\/fr\/wp-json\/wp\/v2\/types\/product"}],"replies":[{"embeddable":true,"href":"https:\/\/metal-badge.ch\/fr\/wp-json\/wp\/v2\/comments?post=41299"}],"wp:featuredmedia":[{"embeddable":true,"href":"https:\/\/metal-badge.ch\/fr\/wp-json\/wp\/v2\/media\/41295"}],"wp:attachment":[{"href":"https:\/\/metal-badge.ch\/fr\/wp-json\/wp\/v2\/media?parent=41299"}],"wp:term":[{"taxonomy":"product_brand","embeddable":true,"href":"https:\/\/metal-badge.ch\/fr\/wp-json\/wp\/v2\/product_brand?post=41299"},{"taxonomy":"product_cat","embeddable":true,"href":"https:\/\/metal-badge.ch\/fr\/wp-json\/wp\/v2\/product_cat?post=41299"},{"taxonomy":"product_tag","embeddable":true,"href":"https:\/\/metal-badge.ch\/fr\/wp-json\/wp\/v2\/product_tag?post=41299"}],"curies":[{"name":"wp","href":"https:\/\/api.w.org\/{rel}","templated":true}]}}