{"id":41273,"date":"2017-10-07T03:06:34","date_gmt":"2017-10-07T03:06:34","guid":{"rendered":"https:\/\/shop.metal-badge.ch\/?product=etui-en-cuir-endurance-police-line-gestionnaire-chien"},"modified":"2020-12-14T19:00:15","modified_gmt":"2020-12-14T18:00:15","slug":"etui-en-cuir-endurance-police-line-gestionnaire-chien","status":"publish","type":"product","link":"https:\/\/metal-badge.ch\/fr\/product\/41273\/etui-en-cuir-endurance-police-line-gestionnaire-chien\/","title":{"rendered":"\u00c9tui en cuir \u00ab\u00a0Endurance\u00a0\u00bb Police Line Gestionnaire chien"},"content":{"rendered":"<p>\u00c9tui bleu en cuir avec inscription \u00e0 l&rsquo;ext\u00e9rieur <strong>\u00ab\u00a0POLICE LINE DO NOT CROSS\u00a0\u00bb.<\/strong> \u00c0 l&rsquo;int\u00e9rieur, avec quatre fen\u00eatres de visite ID pour cartes d&rsquo;identit\u00e9 au format carte de cr\u00e9dit. Les deux fen\u00eatres de carte de cr\u00e9dit ont \u00e9t\u00e9 rabattues vers le haut ou vers le bas. Les deux fen\u00eatres pliantes sont ferm\u00e9es les unes sur les autres et sont r\u00e9unies par un aimant fort (invisible). Le badge est situ\u00e9 sous les deux fen\u00eatres pliantes,voir photos. De plus, l&rsquo;\u00e9tui est \u00e9quip\u00e9 de 3 x compartiments \u00e0 carte de cr\u00e9dit pour min. 9 cartes de cr\u00e9dit. Un autre compartiment suppl\u00e9mentaire pour les notes etc. se trouve sous le compartiment de carte de cr\u00e9dit.<\/p>\n<p>Dans l&rsquo;\u00e9tui, il y a \u00e9galement deux grands compartiments s\u00e9par\u00e9s \u00e0 billets.<\/p>\n<p>Taille \/ masse : Hauteur 9 cm \/ largeur 11,5 cm Inscription ext\u00e9rieure : POLICE LINE DO NOT CROSS<\/p>\n","protected":false},"excerpt":{"rendered":"<p>\u00c9tui bleu en cuir avec inscription \u00e0 l&rsquo;ext\u00e9rieur \u00ab\u00a0POLICE LINE DO NOT CROSS\u00a0\u00bb. \u00c0 l&rsquo;int\u00e9rieur, avec quatre fen\u00eatres de visite ID pour cartes d&rsquo;identit\u00e9 au format carte de cr\u00e9dit. Les deux fen\u00eatres de carte de cr\u00e9dit ont \u00e9t\u00e9 rabattues vers le haut ou vers le bas. Les deux fen\u00eatres pliantes sont ferm\u00e9es les unes sur [&hellip;]<\/p>\n","protected":false},"featured_media":41270,"comment_status":"open","ping_status":"closed","template":"","meta":{"inline_featured_image":false},"product_brand":[],"product_cat":[1403,2339],"product_tag":[],"class_list":{"0":"post-41273","1":"product","2":"type-product","3":"status-publish","4":"has-post-thumbnail","6":"product_cat-gestionnaire-chien","7":"product_cat-gestionnaire-chien-fr","9":"first","10":"instock","11":"taxable","12":"shipping-taxable","13":"purchasable","14":"product-type-simple"},"_links":{"self":[{"href":"https:\/\/metal-badge.ch\/fr\/wp-json\/wp\/v2\/product\/41273","targetHints":{"allow":["GET"]}}],"collection":[{"href":"https:\/\/metal-badge.ch\/fr\/wp-json\/wp\/v2\/product"}],"about":[{"href":"https:\/\/metal-badge.ch\/fr\/wp-json\/wp\/v2\/types\/product"}],"replies":[{"embeddable":true,"href":"https:\/\/metal-badge.ch\/fr\/wp-json\/wp\/v2\/comments?post=41273"}],"wp:featuredmedia":[{"embeddable":true,"href":"https:\/\/metal-badge.ch\/fr\/wp-json\/wp\/v2\/media\/41270"}],"wp:attachment":[{"href":"https:\/\/metal-badge.ch\/fr\/wp-json\/wp\/v2\/media?parent=41273"}],"wp:term":[{"taxonomy":"product_brand","embeddable":true,"href":"https:\/\/metal-badge.ch\/fr\/wp-json\/wp\/v2\/product_brand?post=41273"},{"taxonomy":"product_cat","embeddable":true,"href":"https:\/\/metal-badge.ch\/fr\/wp-json\/wp\/v2\/product_cat?post=41273"},{"taxonomy":"product_tag","embeddable":true,"href":"https:\/\/metal-badge.ch\/fr\/wp-json\/wp\/v2\/product_tag?post=41273"}],"curies":[{"name":"wp","href":"https:\/\/api.w.org\/{rel}","templated":true}]}}