{"id":41153,"date":"2017-10-04T19:24:02","date_gmt":"2017-10-04T19:24:02","guid":{"rendered":"https:\/\/shop.metal-badge.ch\/?product=etui-en-cuir-qualified-two-in-one-gestionnaire-chien"},"modified":"2020-12-15T16:29:40","modified_gmt":"2020-12-15T15:29:40","slug":"etui-en-cuir-qualified-two-in-one-gestionnaire-chien","status":"publish","type":"product","link":"https:\/\/metal-badge.ch\/fr\/product\/41153\/etui-en-cuir-qualified-two-in-one-gestionnaire-chien\/","title":{"rendered":"Etui en cuir \u00ab\u00a0Qualified &#8211; two in one\u00a0\u00bb Gestionnaire chien"},"content":{"rendered":"<p>Produit en cuir de b\u0153uf de la meilleure qualit\u00e9, cet \u00e9tui plein de style r\u00e9pond \u00e0 tous vos souhaits. Solide, bien que finement travaill\u00e9 et manufactur\u00e9, est ce souple portemonnaie \u00ab\u00a0genuine leather\u00a0\u00bb.<\/p>\n<p>L\u2019\u00e9tui est fourni avec deux compartiments s\u00e9par\u00e9s pour billets bancaires ainsi que deux faces rabattables avec trois fen\u00eatres pour cartes d\u2019identit\u00e9. A l\u2019int\u00e9rieur on trouve encore trois faces avec chacune 3 compartiments pour cartes de cr\u00e9dit, qui logent au moins 18 cartes de cr\u00e9dit. Un compartiment de rangement en plus \u00e0 l\u2019int\u00e9rieur de l\u2019\u00e9tui, sous le compartiment \u00e0 cartes de cr\u00e9dit moyen, est l&rsquo;id\u00e9al pour ranger vos adresses, notes, cartes de visite, etc. A l\u2019ext\u00e9rieur est un grand compartiment pour les pi\u00e8ces de monnaie ferm\u00e9 avec deux boutons-pression.<\/p>\n<p>La singularit\u00e9 de cet \u00e9tui est sa pi\u00e8ce int\u00e9rieure amovible (deuxi\u00e8me \u00e9tui) s\u00e9curis\u00e9e avec du velcro. Cet \u00e9tui int\u00e9rieur est \u00e9quip\u00e9 avec une fen\u00eatre pour carte d\u2019identit\u00e9 d\u2019un c\u00f4t\u00e9 et un porte badge devant et avec un porte-stylo lat\u00e9rale.<\/p>\n<p>L\u2019\u00e9tui amovible est dot\u00e9 de fermeture velcro et de deux compartiments pour cartes de cr\u00e9dit \u00e0 l\u2019int\u00e9rieur \/ verso. En plus cet \u00e9tui interne est \u00e9quip\u00e9 avec une cha\u00eene, qu\u2019on peut enlever toujours quand il est int\u00e9gr\u00e9 dans le porte-monnaie. Cet \u00e9tui interne est tr\u00e8s pratique et l\u00e9ger et peut \u00eatre port\u00e9 comme ensemble dans le porte-monnaie plus grand, ou s\u00e9par\u00e9 comme pi\u00e8ce d\u00e9tach\u00e9e avec le badge.<\/p>\n<p>Le porte-monnaie est ferm\u00e9 avec un bouton-pression et a un format tr\u00e8s maniable. Remarquable c\u2019est son traitement de haute qualit\u00e9 et le cuir de premier choix.<\/p>\n<p>Dimensions \/ mesures : hauteur 11 cm \/ largeur 9.5 cm<\/p>\n","protected":false},"excerpt":{"rendered":"<p>Produit en cuir de b\u0153uf de la meilleure qualit\u00e9, cet \u00e9tui plein de style r\u00e9pond \u00e0 tous vos souhaits. Solide, bien que finement travaill\u00e9 et manufactur\u00e9, est ce souple portemonnaie \u00ab\u00a0genuine leather\u00a0\u00bb. L\u2019\u00e9tui est fourni avec deux compartiments s\u00e9par\u00e9s pour billets bancaires ainsi que deux faces rabattables avec trois fen\u00eatres pour cartes d\u2019identit\u00e9. A l\u2019int\u00e9rieur [&hellip;]<\/p>\n","protected":false},"featured_media":41150,"comment_status":"open","ping_status":"closed","template":"","meta":{"inline_featured_image":false},"product_brand":[],"product_cat":[1403,2339],"product_tag":[],"class_list":{"0":"post-41153","1":"product","2":"type-product","3":"status-publish","4":"has-post-thumbnail","6":"product_cat-gestionnaire-chien","7":"product_cat-gestionnaire-chien-fr","9":"first","10":"instock","11":"taxable","12":"shipping-taxable","13":"purchasable","14":"product-type-simple"},"_links":{"self":[{"href":"https:\/\/metal-badge.ch\/fr\/wp-json\/wp\/v2\/product\/41153","targetHints":{"allow":["GET"]}}],"collection":[{"href":"https:\/\/metal-badge.ch\/fr\/wp-json\/wp\/v2\/product"}],"about":[{"href":"https:\/\/metal-badge.ch\/fr\/wp-json\/wp\/v2\/types\/product"}],"replies":[{"embeddable":true,"href":"https:\/\/metal-badge.ch\/fr\/wp-json\/wp\/v2\/comments?post=41153"}],"wp:featuredmedia":[{"embeddable":true,"href":"https:\/\/metal-badge.ch\/fr\/wp-json\/wp\/v2\/media\/41150"}],"wp:attachment":[{"href":"https:\/\/metal-badge.ch\/fr\/wp-json\/wp\/v2\/media?parent=41153"}],"wp:term":[{"taxonomy":"product_brand","embeddable":true,"href":"https:\/\/metal-badge.ch\/fr\/wp-json\/wp\/v2\/product_brand?post=41153"},{"taxonomy":"product_cat","embeddable":true,"href":"https:\/\/metal-badge.ch\/fr\/wp-json\/wp\/v2\/product_cat?post=41153"},{"taxonomy":"product_tag","embeddable":true,"href":"https:\/\/metal-badge.ch\/fr\/wp-json\/wp\/v2\/product_tag?post=41153"}],"curies":[{"name":"wp","href":"https:\/\/api.w.org\/{rel}","templated":true}]}}