{"id":41122,"date":"2017-10-04T17:21:35","date_gmt":"2017-10-04T17:21:35","guid":{"rendered":"https:\/\/shop.metal-badge.ch\/?product=etui-en-cuir-global-gestionnaire-chien"},"modified":"2020-12-15T17:37:27","modified_gmt":"2020-12-15T16:37:27","slug":"etui-en-cuir-global-gestionnaire-chien","status":"publish","type":"product","link":"https:\/\/metal-badge.ch\/fr\/product\/41122\/etui-en-cuir-global-gestionnaire-chien\/","title":{"rendered":"Etui en cuir \u00ab\u00a0Global\u00a0\u00bb Gestionnaire chien"},"content":{"rendered":"<p>Etui en cuir noir pratique. L\u2019\u00e9tui est \u00e9quip\u00e9 d&rsquo;une fen\u00eatre pour carte d&rsquo;identit\u00e9 et de six emplacements pour cartes de cr\u00e9dit. Un compartiment s\u00e9par\u00e9 pour billets de banque est \u00e9galement inclu dans l&rsquo;\u00e9tui. Conforme aux normes les plus \u00e9lev\u00e9es. Dimensions: largeur 9,5 cm \/ hauteur 11,5 cm.<\/p>\n","protected":false},"excerpt":{"rendered":"<p>Etui en cuir noir pratique. L\u2019\u00e9tui est \u00e9quip\u00e9 d&rsquo;une fen\u00eatre pour carte d&rsquo;identit\u00e9 et de six emplacements pour cartes de cr\u00e9dit. Un compartiment s\u00e9par\u00e9 pour billets de banque est \u00e9galement inclu dans l&rsquo;\u00e9tui. Conforme aux normes les plus \u00e9lev\u00e9es. Dimensions: largeur 9,5 cm \/ hauteur 11,5 cm.<\/p>\n","protected":false},"featured_media":41119,"comment_status":"open","ping_status":"closed","template":"","meta":{"inline_featured_image":false},"product_brand":[],"product_cat":[1403,2339],"product_tag":[],"class_list":{"0":"post-41122","1":"product","2":"type-product","3":"status-publish","4":"has-post-thumbnail","6":"product_cat-gestionnaire-chien","7":"product_cat-gestionnaire-chien-fr","9":"first","10":"instock","11":"taxable","12":"shipping-taxable","13":"purchasable","14":"product-type-simple"},"_links":{"self":[{"href":"https:\/\/metal-badge.ch\/fr\/wp-json\/wp\/v2\/product\/41122","targetHints":{"allow":["GET"]}}],"collection":[{"href":"https:\/\/metal-badge.ch\/fr\/wp-json\/wp\/v2\/product"}],"about":[{"href":"https:\/\/metal-badge.ch\/fr\/wp-json\/wp\/v2\/types\/product"}],"replies":[{"embeddable":true,"href":"https:\/\/metal-badge.ch\/fr\/wp-json\/wp\/v2\/comments?post=41122"}],"wp:featuredmedia":[{"embeddable":true,"href":"https:\/\/metal-badge.ch\/fr\/wp-json\/wp\/v2\/media\/41119"}],"wp:attachment":[{"href":"https:\/\/metal-badge.ch\/fr\/wp-json\/wp\/v2\/media?parent=41122"}],"wp:term":[{"taxonomy":"product_brand","embeddable":true,"href":"https:\/\/metal-badge.ch\/fr\/wp-json\/wp\/v2\/product_brand?post=41122"},{"taxonomy":"product_cat","embeddable":true,"href":"https:\/\/metal-badge.ch\/fr\/wp-json\/wp\/v2\/product_cat?post=41122"},{"taxonomy":"product_tag","embeddable":true,"href":"https:\/\/metal-badge.ch\/fr\/wp-json\/wp\/v2\/product_tag?post=41122"}],"curies":[{"name":"wp","href":"https:\/\/api.w.org\/{rel}","templated":true}]}}