{"id":41116,"date":"2017-10-04T17:02:33","date_gmt":"2017-10-04T17:02:33","guid":{"rendered":"https:\/\/shop.metal-badge.ch\/?product=etui-en-cuir-functional-gestionnaire-chien"},"modified":"2020-12-16T00:21:13","modified_gmt":"2020-12-15T23:21:13","slug":"etui-en-cuir-functional-gestionnaire-chien","status":"publish","type":"product","link":"https:\/\/metal-badge.ch\/fr\/product\/41116\/etui-en-cuir-functional-gestionnaire-chien\/","title":{"rendered":"Etui en cuir \u00ab\u00a0Functional\u00a0\u00bb Gestionnaire chien"},"content":{"rendered":"<p>Etui en cuir marron avec fen\u00eatre pour carte de cr\u00e9dit, compartiments pour cartes de cr\u00e9dit, monnaie et billets.<\/p>\n","protected":false},"excerpt":{"rendered":"<p>Etui en cuir marron avec fen\u00eatre pour carte de cr\u00e9dit, compartiments pour cartes de cr\u00e9dit, monnaie et billets.<\/p>\n","protected":false},"featured_media":41113,"comment_status":"open","ping_status":"closed","template":"","meta":{"inline_featured_image":false},"product_brand":[],"product_cat":[1403,2339],"product_tag":[],"class_list":{"0":"post-41116","1":"product","2":"type-product","3":"status-publish","4":"has-post-thumbnail","6":"product_cat-gestionnaire-chien","7":"product_cat-gestionnaire-chien-fr","9":"first","10":"instock","11":"taxable","12":"shipping-taxable","13":"purchasable","14":"product-type-simple"},"_links":{"self":[{"href":"https:\/\/metal-badge.ch\/fr\/wp-json\/wp\/v2\/product\/41116","targetHints":{"allow":["GET"]}}],"collection":[{"href":"https:\/\/metal-badge.ch\/fr\/wp-json\/wp\/v2\/product"}],"about":[{"href":"https:\/\/metal-badge.ch\/fr\/wp-json\/wp\/v2\/types\/product"}],"replies":[{"embeddable":true,"href":"https:\/\/metal-badge.ch\/fr\/wp-json\/wp\/v2\/comments?post=41116"}],"wp:featuredmedia":[{"embeddable":true,"href":"https:\/\/metal-badge.ch\/fr\/wp-json\/wp\/v2\/media\/41113"}],"wp:attachment":[{"href":"https:\/\/metal-badge.ch\/fr\/wp-json\/wp\/v2\/media?parent=41116"}],"wp:term":[{"taxonomy":"product_brand","embeddable":true,"href":"https:\/\/metal-badge.ch\/fr\/wp-json\/wp\/v2\/product_brand?post=41116"},{"taxonomy":"product_cat","embeddable":true,"href":"https:\/\/metal-badge.ch\/fr\/wp-json\/wp\/v2\/product_cat?post=41116"},{"taxonomy":"product_tag","embeddable":true,"href":"https:\/\/metal-badge.ch\/fr\/wp-json\/wp\/v2\/product_tag?post=41116"}],"curies":[{"name":"wp","href":"https:\/\/api.w.org\/{rel}","templated":true}]}}