{"id":39053,"date":"2017-04-22T12:23:58","date_gmt":"2017-04-22T12:23:58","guid":{"rendered":"https:\/\/shop.metal-badge.ch\/?product=laisse-pour-chien-tactique-extensible-avec-harnais-de-retenue"},"modified":"2020-09-29T17:17:00","modified_gmt":"2020-09-29T15:17:00","slug":"laisse-pour-chien-tactique-extensible-avec-harnais-de-retenue-3","status":"publish","type":"product","link":"https:\/\/metal-badge.ch\/fr\/product\/39053\/laisse-pour-chien-tactique-extensible-avec-harnais-de-retenue-3\/","title":{"rendered":"Laisse pour chien tactique extensible avec harnais de retenue"},"content":{"rendered":"<p>Cette laisse pour chien tactique de 127\u00a0cm de longueur peut \u00eatre \u00e9tendue jusqu\u2019\u00e0 157\u00a0cm et fait simplement partie de l\u2019\u00e9quipement de base de la police, de l&rsquo;arm\u00e9e, de la s\u00e9curit\u00e9 ou le chien de chasse. Cette laisse se pr\u00eate aussi id\u00e9alement aux balades \u00e0 pied ou en v\u00e9lo, mais aussi au footing pour le chien et son ma\u00eetre. La laisse est fabriqu\u00e9e en nylon de qualit\u00e9 sup\u00e9rieure, solide et tr\u00e8s r\u00e9sistant aux d\u00e9chirures. Un mousqueton est \u00e9galement accroch\u00e9 \u00e0 la boucle m\u00e9tallique. \u00c0 l\u2019avant de la laisse, il y a un deuxi\u00e8me harnais de retenue accroch\u00e9 qui permet de tenir confortablement le chien de pr\u00e8s.\u00a0<\/p>\n<p>\u00a0<\/p>\n<p><strong>Informations produit\u00a0:<\/strong><\/p>\n<p>Couture de s\u00e9curit\u00e9 tr\u00e8s grande r\u00e9sistance aux d\u00e9chirures et longue dur\u00e9e de vie<br \/>\nla laisse est lavable<br \/>\nutilisation facile et pratique<br \/>\nPoids\u00a0:\u00a0 170 g.<br \/>\nLargeur\u00a0: 30 mm<br \/>\nLongueur\u00a0: 127 cm extensible jusqu\u2019\u00e0 157 cm<br \/>\nCouleur\u00a0:\u00a0 camouflages<\/p>\n<p>Seule la laisse pour chien est livr\u00e9e, pas de collier.<\/p>\n","protected":false},"excerpt":{"rendered":"<p>Cette laisse pour chien tactique de 127\u00a0cm de longueur peut \u00eatre \u00e9tendue jusqu\u2019\u00e0 157\u00a0cm et fait simplement partie de l\u2019\u00e9quipement de base de la police, de l&rsquo;arm\u00e9e, de la s\u00e9curit\u00e9 ou le chien de chasse. Cette laisse se pr\u00eate aussi id\u00e9alement aux balades \u00e0 pied ou en v\u00e9lo, mais aussi au footing pour le chien [&hellip;]<\/p>\n","protected":false},"featured_media":39045,"comment_status":"open","ping_status":"closed","template":"","meta":{"inline_featured_image":false},"product_brand":[],"product_cat":[1371],"product_tag":[1773,1781,1765],"class_list":{"0":"post-39053","1":"product","2":"type-product","3":"status-publish","4":"has-post-thumbnail","6":"product_cat-accessoires-pour-chien","7":"product_tag-chasse-peche","8":"product_tag-police-securite","9":"product_tag-sport-outdoor-fr","11":"first","12":"instock","13":"taxable","14":"shipping-taxable","15":"purchasable","16":"product-type-simple"},"_links":{"self":[{"href":"https:\/\/metal-badge.ch\/fr\/wp-json\/wp\/v2\/product\/39053","targetHints":{"allow":["GET"]}}],"collection":[{"href":"https:\/\/metal-badge.ch\/fr\/wp-json\/wp\/v2\/product"}],"about":[{"href":"https:\/\/metal-badge.ch\/fr\/wp-json\/wp\/v2\/types\/product"}],"replies":[{"embeddable":true,"href":"https:\/\/metal-badge.ch\/fr\/wp-json\/wp\/v2\/comments?post=39053"}],"wp:featuredmedia":[{"embeddable":true,"href":"https:\/\/metal-badge.ch\/fr\/wp-json\/wp\/v2\/media\/39045"}],"wp:attachment":[{"href":"https:\/\/metal-badge.ch\/fr\/wp-json\/wp\/v2\/media?parent=39053"}],"wp:term":[{"taxonomy":"product_brand","embeddable":true,"href":"https:\/\/metal-badge.ch\/fr\/wp-json\/wp\/v2\/product_brand?post=39053"},{"taxonomy":"product_cat","embeddable":true,"href":"https:\/\/metal-badge.ch\/fr\/wp-json\/wp\/v2\/product_cat?post=39053"},{"taxonomy":"product_tag","embeddable":true,"href":"https:\/\/metal-badge.ch\/fr\/wp-json\/wp\/v2\/product_tag?post=39053"}],"curies":[{"name":"wp","href":"https:\/\/api.w.org\/{rel}","templated":true}]}}