{"id":39020,"date":"2017-04-22T10:22:45","date_gmt":"2017-04-22T10:22:45","guid":{"rendered":"https:\/\/shop.metal-badge.ch\/?product=harnais-pour-chiens-nylon-toutes-saisons"},"modified":"2020-09-29T15:35:17","modified_gmt":"2020-09-29T13:35:17","slug":"harnais-pour-chiens-nylon-toutes-saisons-3","status":"publish","type":"product","link":"https:\/\/metal-badge.ch\/fr\/product\/39020\/harnais-pour-chiens-nylon-toutes-saisons-3\/","title":{"rendered":"Harnais pour chiens nylon toutes saisons"},"content":{"rendered":"<p>Mat\u00e9riau ext\u00e9rieur solide et \u00e9tanche en nylon et polyester.<br \/>\nL\u2019anneau en D m\u00e9tallique moul\u00e9 et stable au dos du harnais pour la fixation de la laisse &#8211; un collier n&rsquo;est plus n\u00e9cessaire. Nous savons par exp\u00e9rience que les chiens se ma\u00eetrisent pour la plupart plus facilement au moyen d\u2019un harnais pectoral car ils peuvent se d\u00e9placer plus confortablement avec un harnais.<br \/>\nSur les deux c\u00f4t\u00e9s du harnais, il y a deux \u00e9tiquettes de marquage <strong>POLICE DOG<\/strong> fix\u00e9s au moyen d\u2019une bande velcro. Elles peuvent \u00eatre retir\u00e9es \u00e0 tout moment. La bordure r\u00e9fl\u00e9chissante du harnais garantit une bonne visibilit\u00e9 du chien, surtout pendant la circulation nocturne.<br \/>\nLa poign\u00e9e au dos du harnais permet de tenir et de soulever facilement le chien. La poign\u00e9e (qui peut \u00eatre ferm\u00e9e avec un bouton-pression ou un \u00e9lastique) garantit une bonne ma\u00eetrise du chien gr\u00e2ce \u00e0 sa stabilit\u00e9 remarquable.<\/p>\n<p>La taille de la sangle abdominale peut \u00eatre r\u00e9gl\u00e9e gr\u00e2ce \u00e0 la glissi\u00e8re en plastique tandis que celle de la sangle pectorale gr\u00e2ce \u00e0 une bande velcro stable. Un r\u00e9glage rapide est possible sans aucune pi\u00e8ce m\u00e9tallique, ni point de pression g\u00eanant.<\/p>\n<p>\u00a0<\/p>\n<p><strong>Informations produit\u00a0:<\/strong><br \/>\nAccroche-sacs des deux c\u00f4t\u00e9s du harnais<br \/>\nR\u00e9glage progressif de la sangle pectorale au moyen de la fermeture velcro<br \/>\nBoucle en plastique incassable sur la sangle abdominale<br \/>\nDoublure int\u00e9rieure respirante<br \/>\nPoign\u00e9e \u00e0 fixer par bouton et \u00e9lastique<br \/>\nAnneau en D moul\u00e9 et stable en m\u00e9tal au dos du harnais pour la fixation de la laisse<br \/>\nMat\u00e9riau ext\u00e9rieur solide et \u00e9tanche en nylon et polyester.<br \/>\nBandes r\u00e9fl\u00e9chissantes.<br \/>\nCouleur\u00a0:\u00a0 camouflages<br \/>\nUtilisation\u00a0: Promenades, entra\u00eenements, service, sport canin, travaux de recherche et de traction<br \/>\nPoids\u00a0: 310 g.<br \/>\nMat\u00e9riau\u00a0: Nylon \/ Polyester<br \/>\nEntretien\u00a0: Lavage \u00e0 la main<br \/>\nY compris 2 \u00e9tiquettes velcro <strong>POLICE DOG<\/strong><\/p>\n<p><img decoding=\"async\" alt=\"\" src=\"https:\/\/metal-badge.ch\/wp-content\/uploads\/content\/klett_Police_Dog_large_2nd.jpg\" style=\"height:auto;width:100%\"><\/p>\n<p><strong>Taille\u00a0: M <\/strong><br \/>\nCirconf\u00e9rence du cou\u00a0:\u00a0 28-35\u00a0cm<br \/>\nLongueur du dos\u00a0: 32-42 cm<br \/>\nCirconf\u00e9rence pectorale\u00a0 46-58 cm<\/p>\n<p><strong>Taille\u00a0: L<\/strong><br \/>\nCirconf\u00e9rence du cou\u00a0: 33-45 cm<br \/>\nLongueur du dos\u00a0: 41-56 cm<br \/>\nCirconf\u00e9rence pectorale 65-87 cm<\/p>\n<p><strong>Taille\u00a0: XL<\/strong><\/p>\n<p>Circonf\u00e9rence du cou\u00a0: 39-48 cm<br \/>\nLongueur du dos\u00a0: 50-66 cm<br \/>\nCirconf\u00e9rence pectorale 81-99 cm<\/p>\n<p><img decoding=\"async\" alt=\"\" src=\"https:\/\/metal-badge.ch\/wp-content\/uploads\/content\/dog_measure_it.jpg\"><\/p>\n<p>Vous pouvez personnaliser votre \u00e9criture avec la bande velcro. \u00c0 partir de 10 pi\u00e8ces, moyennant un suppl\u00e9ment. N\u2019h\u00e9sitez pas \u00e0 nous demander.<\/p>\n","protected":false},"excerpt":{"rendered":"<p>Mat\u00e9riau ext\u00e9rieur solide et \u00e9tanche en nylon et polyester. L\u2019anneau en D m\u00e9tallique moul\u00e9 et stable au dos du harnais pour la fixation de la laisse &#8211; un collier n&rsquo;est plus n\u00e9cessaire. Nous savons par exp\u00e9rience que les chiens se ma\u00eetrisent pour la plupart plus facilement au moyen d\u2019un harnais pectoral car ils peuvent se [&hellip;]<\/p>\n","protected":false},"featured_media":39012,"comment_status":"open","ping_status":"closed","template":"","meta":{"inline_featured_image":false},"product_brand":[],"product_cat":[1371],"product_tag":[1773,1781,1765],"class_list":{"0":"post-39020","1":"product","2":"type-product","3":"status-publish","4":"has-post-thumbnail","6":"product_cat-accessoires-pour-chien","7":"product_tag-chasse-peche","8":"product_tag-police-securite","9":"product_tag-sport-outdoor-fr","11":"first","12":"instock","13":"taxable","14":"shipping-taxable","15":"purchasable","16":"product-type-simple"},"_links":{"self":[{"href":"https:\/\/metal-badge.ch\/fr\/wp-json\/wp\/v2\/product\/39020","targetHints":{"allow":["GET"]}}],"collection":[{"href":"https:\/\/metal-badge.ch\/fr\/wp-json\/wp\/v2\/product"}],"about":[{"href":"https:\/\/metal-badge.ch\/fr\/wp-json\/wp\/v2\/types\/product"}],"replies":[{"embeddable":true,"href":"https:\/\/metal-badge.ch\/fr\/wp-json\/wp\/v2\/comments?post=39020"}],"wp:featuredmedia":[{"embeddable":true,"href":"https:\/\/metal-badge.ch\/fr\/wp-json\/wp\/v2\/media\/39012"}],"wp:attachment":[{"href":"https:\/\/metal-badge.ch\/fr\/wp-json\/wp\/v2\/media?parent=39020"}],"wp:term":[{"taxonomy":"product_brand","embeddable":true,"href":"https:\/\/metal-badge.ch\/fr\/wp-json\/wp\/v2\/product_brand?post=39020"},{"taxonomy":"product_cat","embeddable":true,"href":"https:\/\/metal-badge.ch\/fr\/wp-json\/wp\/v2\/product_cat?post=39020"},{"taxonomy":"product_tag","embeddable":true,"href":"https:\/\/metal-badge.ch\/fr\/wp-json\/wp\/v2\/product_tag?post=39020"}],"curies":[{"name":"wp","href":"https:\/\/api.w.org\/{rel}","templated":true}]}}