{"id":38998,"date":"2017-04-22T09:37:12","date_gmt":"2017-04-22T09:37:12","guid":{"rendered":"https:\/\/shop.metal-badge.ch\/?product=gilet-pour-chien-tactique-systeme-molle"},"modified":"2021-07-13T05:20:06","modified_gmt":"2021-07-13T03:20:06","slug":"gilet-pour-chien-tactique-systeme-molle-2","status":"publish","type":"product","link":"https:\/\/metal-badge.ch\/fr\/product\/38998\/gilet-pour-chien-tactique-systeme-molle-2\/","title":{"rendered":"Gilet pour chien tactique syst\u00e8me Molle"},"content":{"rendered":"<p>Ce gilet pour chien tactique en nylon et polyester fait l\u2019unanimit\u00e9 gr\u00e2ce \u00e0 sa haute qualit\u00e9. Respirant, imperm\u00e9able et tr\u00e8s r\u00e9sistant aux d\u00e9chirures. Les deux poign\u00e9es au dos \u00e0 l\u2019avant et \u00e0 l&rsquo;arri\u00e8re du gilet permettent de tenir et de soulever facilement le chien. Une grande bande velcro est destin\u00e9e aux \u00e9critures en haut. La bande velcro pour le ventre est d\u2019env. 30 cm x 10 cm Nous proposons diverses \u00e9critures velcro dans diff\u00e9rentes couleurs et tailles.<\/p>\n<p>Un anneau en D qui pr\u00e9sente un trou pour les laisses du chien est appliqu\u00e9 \u00e0 l&rsquo;avant et \u00e0 l\u2019arri\u00e8re. Le gilet est \u00e9quip\u00e9 de deux sangles abdominales en nylon solide dont la taille est r\u00e9glable ainsi que de fermetures rapides en plastique. Il peut \u00eatre adapt\u00e9 rapidement sans aucune pi\u00e8ce m\u00e9tallique, ni point de pression g\u00eanant. La sangle pectorale \u00e0 l&rsquo;avant, dont la taille est r\u00e9glable, est rembourr\u00e9e et est munie d\u2019une fermeture rapide en plastique.<\/p>\n<p>Le syst\u00e8me Molle sur le gilet permet d\u2019appliquer facilement diff\u00e9rentes poches sur les deux c\u00f4t\u00e9s. Nous avons enrichi notre gamme de sacs en tant qu&rsquo;accessoires.<\/p>\n<p><strong>Informations produit&nbsp;:<\/strong><\/p>\n<ul>\n<li>Deux poign\u00e9es pour pouvoir tenir et soulever le chien.<\/li>\n<li>Deux points de fixation \u00e0 l&rsquo;avant et \u00e0 l&rsquo;arri\u00e8re pour la laisse.<\/li>\n<li>Adaptation rapide de toutes les sangles.<\/li>\n<li>Poids&nbsp;: env. 390 g.<\/li>\n<li>Dimensions de la bande velcro du ventre&nbsp;: 30&nbsp;cm x 10 cm<\/li>\n<li>Dimensions taille L&nbsp;:&nbsp;&nbsp; Largeur 38 cm \/ Longueur 48 cm \/ Sangle 81 cm r\u00e9glable<\/li>\n<li>Dimensions taille XL&nbsp;: Largeur 43 cm \/ Longueur 54 cm \/ Sangle 90 cm r\u00e9glable<\/li>\n<li>Couleur&nbsp;: noir<\/li>\n<li>Mat\u00e9riau&nbsp;: Nylon et polyester<\/li>\n<\/ul>\n<p><strong>Les poches Molle et les \u00e9critures velcro ne font pas partie de la livraison. <\/strong><\/p>\n<p>Nous proposons diverses \u00e9critures velcro ainsi que des poches Molle en tant qu&rsquo;accessoires des gilets.<\/p>\n<p><img decoding=\"async\" style=\"height: auto; width: 100%;\" src=\"https:\/\/metal-badge.ch\/wp-content\/uploads\/content\/dog_size_table_2nd.jpg\" alt=\"\"><img decoding=\"async\" style=\"height: auto; width: 100%;\" src=\"https:\/\/metal-badge.ch\/wp-content\/uploads\/content\/dog_functional_2nd.jpg\" alt=\"\"> <img decoding=\"async\" style=\"height: auto; width: 100%;\" src=\"https:\/\/metal-badge.ch\/wp-content\/uploads\/content\/weste1_2nd.jpg\" alt=\"\"><img decoding=\"async\" style=\"height: auto; width: 100%;\" src=\"https:\/\/metal-badge.ch\/wp-content\/uploads\/content\/Hundeweste_pluesch_2nd.jpg\" alt=\"\"><\/p>\n<p><span style=\"color: #ff6600;\"><strong><a style=\"color: #ff6600;\" href=\"https:\/\/metal-badge.ch\/fr\/product\/43752\/sac-boite-a-outils-noir\/\">Sac bo\u00eete \u00e0 outils noir<\/a><br \/>\n<a style=\"color: #ff6600;\" href=\"https:\/\/metal-badge.ch\/fr\/product\/43761\/sac-navette-noir\/\">Sac navette noir<\/a><br \/>\n<a style=\"color: #ff6600;\" href=\"https:\/\/metal-badge.ch\/fr\/product\/43772\/sac-medical-noir\/\">Sac m\u00e9dical noir<\/a><\/strong><\/span><\/p>\n","protected":false},"excerpt":{"rendered":"<p>Ce gilet pour chien tactique en nylon et polyester fait l\u2019unanimit\u00e9 gr\u00e2ce \u00e0 sa haute qualit\u00e9. Respirant, imperm\u00e9able et tr\u00e8s r\u00e9sistant aux d\u00e9chirures. Les deux poign\u00e9es au dos \u00e0 l\u2019avant et \u00e0 l&rsquo;arri\u00e8re du gilet permettent de tenir et de soulever facilement le chien. Une grande bande velcro est destin\u00e9e aux \u00e9critures en haut. La bande velcro pour le ventre est d\u2019env. 30 cm x 10 cm Nous proposons diverses \u00e9critures velcro dans diff\u00e9rentes couleurs et tailles.<\/p>\n","protected":false},"featured_media":38990,"comment_status":"open","ping_status":"closed","template":"","meta":{"inline_featured_image":false},"product_brand":[],"product_cat":[1371],"product_tag":[1773,1781,1765],"class_list":{"0":"post-38998","1":"product","2":"type-product","3":"status-publish","4":"has-post-thumbnail","6":"product_cat-accessoires-pour-chien","7":"product_tag-chasse-peche","8":"product_tag-police-securite","9":"product_tag-sport-outdoor-fr","11":"first","12":"instock","13":"taxable","14":"shipping-taxable","15":"purchasable","16":"product-type-simple"},"_links":{"self":[{"href":"https:\/\/metal-badge.ch\/fr\/wp-json\/wp\/v2\/product\/38998","targetHints":{"allow":["GET"]}}],"collection":[{"href":"https:\/\/metal-badge.ch\/fr\/wp-json\/wp\/v2\/product"}],"about":[{"href":"https:\/\/metal-badge.ch\/fr\/wp-json\/wp\/v2\/types\/product"}],"replies":[{"embeddable":true,"href":"https:\/\/metal-badge.ch\/fr\/wp-json\/wp\/v2\/comments?post=38998"}],"wp:featuredmedia":[{"embeddable":true,"href":"https:\/\/metal-badge.ch\/fr\/wp-json\/wp\/v2\/media\/38990"}],"wp:attachment":[{"href":"https:\/\/metal-badge.ch\/fr\/wp-json\/wp\/v2\/media?parent=38998"}],"wp:term":[{"taxonomy":"product_brand","embeddable":true,"href":"https:\/\/metal-badge.ch\/fr\/wp-json\/wp\/v2\/product_brand?post=38998"},{"taxonomy":"product_cat","embeddable":true,"href":"https:\/\/metal-badge.ch\/fr\/wp-json\/wp\/v2\/product_cat?post=38998"},{"taxonomy":"product_tag","embeddable":true,"href":"https:\/\/metal-badge.ch\/fr\/wp-json\/wp\/v2\/product_tag?post=38998"}],"curies":[{"name":"wp","href":"https:\/\/api.w.org\/{rel}","templated":true}]}}