{"id":38979,"date":"2017-04-21T18:47:19","date_gmt":"2017-04-21T18:47:19","guid":{"rendered":"https:\/\/shop.metal-badge.ch\/?product=gilet-coupe-vent-sans-manches-bike-wear"},"modified":"2021-06-28T13:49:32","modified_gmt":"2021-06-28T11:49:32","slug":"gilet-coupe-vent-sans-manches-bike-wear-2","status":"publish","type":"product","link":"https:\/\/metal-badge.ch\/fr\/product\/38979\/gilet-coupe-vent-sans-manches-bike-wear-2\/","title":{"rendered":"Gilet coupe-vent sans manches \/ Bike wear"},"content":{"rendered":"<p>Meilleure protection sans manches. Chaque balade en v\u00e9lo sera une partie de plaisir avec ce doux gilet de cyclisme coupe-vent. Port tr\u00e8s agr\u00e9able et coupe exceptionnelle. Ce gilet se distingue par sa coupe ample et agr\u00e9able qui permet une grande libert\u00e9 de mouvement. Partie dos allong\u00e9e avec trois poches arri\u00e8re \u00e9lastiques s\u00e9par\u00e9es. L\u2019empi\u00e8cement en maille filet au dos garantit une ventilation optimale. La fermeture \u00e9clair \u00e0 l\u2019int\u00e9rieur a une fonction coupe-vent. L\u2019ourlet et l\u2019emmanchure sont renforc\u00e9s par une bande \u00e9lastique repli\u00e9e. Ce gilet coupe-vent est l\u00e9ger, peu encombrant et repliable dans son mini-emballage.<\/p>\n<p>\u00a0<\/p>\n<p><strong>Informations produit\u00a0:<\/strong><\/p>\n<p>Marque\u00a0: Soomom<br \/>\nDoux mat\u00e9riau coupe-vent, imperm\u00e9able au vent, \u00e9tanche et respirant\u00a0 Tirette de fermeture \u00e9clair pour ouverture facile.\u00a0\u00a0\u00a0\u00a0\u00a0\u00a0\u00a0\u00a0\u00a0\u00a0\u00a0\u00a0\u00a0\u00a0\u00a0\u00a0\u00a0\u00a0\u00a0\u00a0\u00a0\u00a0\u00a0\u00a0\u00a0\u00a0\u00a0\u00a0\u00a0\u00a0\u00a0\u00a0\u00a0\u00a0\u00a0\u00a0\u00a0\u00a0\u00a0\u00a0\u00a0\u00a0\u00a0\u00a0\u00a0\u00a0\u00a0\u00a0\u00a0\u00a0\u00a0\u00a0\u00a0\u00a0\u00a0<br \/>\nFermeture \u00e9clair avant\u00a0\u00a0\u00a0\u00a0 \u00a0\u00a0\u00a0\u00a0\u00a0\u00a0\u00a0\u00a0\u00a0\u00a0\u00a0\u00a0\u00a0\u00a0\u00a0\u00a0\u00a0\u00a0\u00a0\u00a0\u00a0\u00a0\u00a0\u00a0\u00a0\u00a0\u00a0\u00a0\u00a0\u00a0\u00a0\u00a0\u00a0\u00a0\u00a0\u00a0\u00a0\u00a0\u00a0\u00a0\u00a0\u00a0\u00a0\u00a0\u00a0\u00a0\u00a0\u00a0\u00a0\u00a0\u00a0\u00a0\u00a0\u00a0\u00a0\u00a0\u00a0\u00a0\u00a0\u00a0\u00a0\u00a0\u00a0\u00a0\u00a0\u00a0\u00a0\u00a0\u00a0\u00a0\u00a0\u00a0\u00a0\u00a0\u00a0\u00a0\u00a0\u00a0\u00a0\u00a0\u00a0\u00a0\u00a0<br \/>\nLa fermeture \u00e9clair \u00e0 l\u2019int\u00e9rieur a une fonction coupe-vente<br \/>\nFermeture \u00e9clair avant<br \/>\nSous-patte de fermeture \u00e9clair<br \/>\nCol montant \u00e0 la forme ergonomique<br \/>\nPartie dos allong\u00e9e<br \/>\nPoche arri\u00e8re<br \/>\nMat\u00e9riau dos\u00a0: filet 100 % nylon, polyamide<br \/>\nMat\u00e9riau \u00e0 l&rsquo;avant\u00a0: 100 % polyester\u00a0<br \/>\nPoids. env. 140 g.\u00a0<br \/>\nCouleur\u00a0: bleu \/ rouge \/ noir<br \/>\nTailles\u00a0: S, M, L, XL\u00a0\u00a0\u00a0\u00a0\u00a0\u00a0\u00a0\u00a0\u00a0\u00a0\u00a0\u00a0\u00a0\u00a0\u00a0\u00a0\u00a0\u00a0\u00a0\u00a0\u00a0\u00a0\u00a0\u00a0 \u00a0\u00a0\u00a0\u00a0\u00a0\u00a0\u00a0\u00a0\u00a0\u00a0\u00a0\u00a0\u00a0\u00a0\u00a0\u00a0\u00a0\u00a0\u00a0\u00a0\u00a0\u00a0\u00a0\u00a0\u00a0\u00a0\u00a0\u00a0\u00a0\u00a0\u00a0\u00a0\u00a0\u00a0\u00a0\u00a0\u00a0\u00a0\u00a0\u00a0\u00a0\u00a0\u00a0\u00a0\u00a0\u00a0\u00a0\u00a0\u00a0\u00a0\u00a0\u00a0\u00a0\u00a0\u00a0\u00a0\u00a0\u00a0\u00a0\u00a0\u00a0\u00a0\u00a0\u00a0\u00a0\u00a0\u00a0\u00a0\u00a0\u00a0\u00a0\u00a0\u00a0\u00a0\u00a0\u00a0\u00a0\u00a0\u00a0\u00a0\u00a0\u00a0\u00a0\u00a0\u00a0\u00a0\u00a0\u00a0\u00a0\u00a0<\/p>\n","protected":false},"excerpt":{"rendered":"<p>Meilleure protection sans manches. Chaque balade en v\u00e9lo sera une partie de plaisir avec ce doux gilet de cyclisme coupe-vent. Port tr\u00e8s agr\u00e9able et coupe exceptionnelle. Ce gilet se distingue par sa coupe ample et agr\u00e9able qui permet une grande libert\u00e9 de mouvement. Partie dos allong\u00e9e avec trois poches arri\u00e8re \u00e9lastiques s\u00e9par\u00e9es. L\u2019empi\u00e8cement en maille [&hellip;]<\/p>\n","protected":false},"featured_media":38974,"comment_status":"open","ping_status":"closed","template":"","meta":{"inline_featured_image":false},"product_brand":[],"product_cat":[2215,1598],"product_tag":[1773,1765],"class_list":{"0":"post-38979","1":"product","2":"type-product","3":"status-publish","4":"has-post-thumbnail","6":"product_cat-vestes_tactiques","7":"product_cat-coupe-vent","8":"product_tag-chasse-peche","9":"product_tag-sport-outdoor-fr","11":"first","12":"instock","13":"taxable","14":"shipping-taxable","15":"purchasable","16":"product-type-simple"},"_links":{"self":[{"href":"https:\/\/metal-badge.ch\/fr\/wp-json\/wp\/v2\/product\/38979","targetHints":{"allow":["GET"]}}],"collection":[{"href":"https:\/\/metal-badge.ch\/fr\/wp-json\/wp\/v2\/product"}],"about":[{"href":"https:\/\/metal-badge.ch\/fr\/wp-json\/wp\/v2\/types\/product"}],"replies":[{"embeddable":true,"href":"https:\/\/metal-badge.ch\/fr\/wp-json\/wp\/v2\/comments?post=38979"}],"wp:featuredmedia":[{"embeddable":true,"href":"https:\/\/metal-badge.ch\/fr\/wp-json\/wp\/v2\/media\/38974"}],"wp:attachment":[{"href":"https:\/\/metal-badge.ch\/fr\/wp-json\/wp\/v2\/media?parent=38979"}],"wp:term":[{"taxonomy":"product_brand","embeddable":true,"href":"https:\/\/metal-badge.ch\/fr\/wp-json\/wp\/v2\/product_brand?post=38979"},{"taxonomy":"product_cat","embeddable":true,"href":"https:\/\/metal-badge.ch\/fr\/wp-json\/wp\/v2\/product_cat?post=38979"},{"taxonomy":"product_tag","embeddable":true,"href":"https:\/\/metal-badge.ch\/fr\/wp-json\/wp\/v2\/product_tag?post=38979"}],"curies":[{"name":"wp","href":"https:\/\/api.w.org\/{rel}","templated":true}]}}