{"id":38961,"date":"2017-04-21T17:11:36","date_gmt":"2017-04-21T17:11:36","guid":{"rendered":"https:\/\/shop.metal-badge.ch\/?product=swat-action-figurine"},"modified":"2020-08-02T02:31:20","modified_gmt":"2020-08-02T02:31:20","slug":"swat-action-figurine","status":"publish","type":"product","link":"https:\/\/metal-badge.ch\/fr\/product\/38961\/swat-action-figurine\/","title":{"rendered":"Swat Action \u2013 Figurine"},"content":{"rendered":"<p>Pour les collectionneurs et les adolescents \u00e0 partir de 12 ans. Cette \u00ab\u00a0figurine d&rsquo;action\u00a0\u00bb (SWAT) \u00e0 l\u2019\u00e9chelle 1:6 peut \u00eatre assembl\u00e9e avec les accessoires fournis en toute libert\u00e9. 3 paires de diff\u00e9rents gestes de la main, div. armes, \u00e9tuis, cagoules, appareils de radio, couteaux, gaz poivr\u00e9, bouteille d\u2019eau, lunettes, casques et bien plus encore. Avec plus de 30 points d&rsquo;articulation pour diff\u00e9rentes postures ou positions. Elle est livr\u00e9e dans l\u2019emballage d\u2019origine conform\u00e9ment aux photos.<\/p>\n<p>\u00a0<\/p>\n<p><strong>Informations produit\u00a0: <\/strong><br \/>\nPoids de la figurine\u00a0: 210 g.<br \/>\nTaille\u00a0: 30 cm<\/p>\n<p>Nous avons enrichi notre gamme d\u2019autres \u00ab\u00a0figurines d&rsquo;action\u00a0\u00bb. N\u2019h\u00e9sitez pas \u00e0 nous poser des questions.<\/p>\n","protected":false},"excerpt":{"rendered":"<p>Pour les collectionneurs et les adolescents \u00e0 partir de 12 ans. Cette \u00ab\u00a0figurine d&rsquo;action\u00a0\u00bb (SWAT) \u00e0 l\u2019\u00e9chelle 1:6 peut \u00eatre assembl\u00e9e avec les accessoires fournis en toute libert\u00e9. 3 paires de diff\u00e9rents gestes de la main, div. armes, \u00e9tuis, cagoules, appareils de radio, couteaux, gaz poivr\u00e9, bouteille d\u2019eau, lunettes, casques et bien plus encore. Avec [&hellip;]<\/p>\n","protected":false},"featured_media":89687,"comment_status":"open","ping_status":"closed","template":"","meta":{"inline_featured_image":false},"product_brand":[],"product_cat":[1211],"product_tag":[1789],"class_list":{"0":"post-38961","1":"product","2":"type-product","3":"status-publish","4":"has-post-thumbnail","6":"product_cat-enfants-divertissement","7":"product_tag-enfants-divertissement","9":"first","10":"instock","11":"taxable","12":"shipping-taxable","13":"purchasable","14":"product-type-simple"},"_links":{"self":[{"href":"https:\/\/metal-badge.ch\/fr\/wp-json\/wp\/v2\/product\/38961","targetHints":{"allow":["GET"]}}],"collection":[{"href":"https:\/\/metal-badge.ch\/fr\/wp-json\/wp\/v2\/product"}],"about":[{"href":"https:\/\/metal-badge.ch\/fr\/wp-json\/wp\/v2\/types\/product"}],"replies":[{"embeddable":true,"href":"https:\/\/metal-badge.ch\/fr\/wp-json\/wp\/v2\/comments?post=38961"}],"wp:featuredmedia":[{"embeddable":true,"href":"https:\/\/metal-badge.ch\/fr\/wp-json\/wp\/v2\/media\/89687"}],"wp:attachment":[{"href":"https:\/\/metal-badge.ch\/fr\/wp-json\/wp\/v2\/media?parent=38961"}],"wp:term":[{"taxonomy":"product_brand","embeddable":true,"href":"https:\/\/metal-badge.ch\/fr\/wp-json\/wp\/v2\/product_brand?post=38961"},{"taxonomy":"product_cat","embeddable":true,"href":"https:\/\/metal-badge.ch\/fr\/wp-json\/wp\/v2\/product_cat?post=38961"},{"taxonomy":"product_tag","embeddable":true,"href":"https:\/\/metal-badge.ch\/fr\/wp-json\/wp\/v2\/product_tag?post=38961"}],"curies":[{"name":"wp","href":"https:\/\/api.w.org\/{rel}","templated":true}]}}